{"id":2067,"date":"2021-02-08T10:46:08","date_gmt":"2021-02-08T10:46:08","guid":{"rendered":"https:\/\/preview.primaklima.com\/ueber-uns\/"},"modified":"2022-01-17T11:24:16","modified_gmt":"2022-01-17T13:24:16","slug":"ueber-uns","status":"publish","type":"page","link":"https:\/\/primaklima.com\/de\/ueber-uns\/","title":{"rendered":"\u00dcber uns"},"content":{"rendered":"\n<div class=\"slider-wrapper relative\" id=\"slider-1626798066\" >\n    <div class=\"slider slider-nav-circle slider-nav-large slider-nav-light slider-style-normal\"\n        data-flickity-options='{\n            \"cellAlign\": \"center\",\n            \"imagesLoaded\": true,\n            \"lazyLoad\": 1,\n            \"freeScroll\": false,\n            \"wrapAround\": true,\n            \"autoPlay\": 6000,\n            \"pauseAutoPlayOnHover\" : true,\n            \"prevNextButtons\": true,\n            \"contain\" : true,\n            \"adaptiveHeight\" : true,\n            \"dragThreshold\" : 10,\n            \"percentPosition\": true,\n            \"pageDots\": true,\n            \"rightToLeft\": false,\n            \"draggable\": true,\n            \"selectedAttraction\": 0.1,\n            \"parallax\" : 0,\n            \"friction\": 0.6        }'\n        >\n        \n\n\n  <div class=\"banner has-hover\" id=\"banner-50697930\">\n          <div class=\"banner-inner fill\">\n        <div class=\"banner-bg fill\" >\n            <img loading=\"lazy\" decoding=\"async\" width=\"2000\" height=\"1024\" src=\"https:\/\/primaklima.com\/wp-content\/uploads\/2020\/05\/prima_klima_buildings_02.jpg\" class=\"bg attachment-original size-original\" alt=\"primaklima company building\" \/>                                    \n                    <\/div>\n\t\t\n        <div class=\"banner-layers container\">\n            <div class=\"fill banner-link\"><\/div>            \n\n   <div id=\"text-box-144415921\" class=\"text-box banner-layer x5 md-x5 lg-x5 y95 md-y50 lg-y50 res-text\">\n              <div data-parallax=\"-5\" data-parallax-fade=\"true\">       <div data-animate=\"fadeInUp\">           <div class=\"text-box-content text box-shadow-2\">\n              \n              <div class=\"text-inner text-left\">\n                  \n\n<h6>Die Geschichte von primaklima<\/h6>\r\n<h3 class=\"uppercase\">im Jahr 1996\u2026<\/h3>\r\nwurde ein mittelst\u00e4ndisches Unternehmen in Bretten, Deutschland, gegr\u00fcndet. Es entwickelt und stellt Produkte f\u00fcr Luftfilterung, Bel\u00fcftung und Beleuchtung her.\n\n              <\/div>\n           <\/div>\n       <\/div>       <\/div>              \n<style>\n#text-box-144415921 .text-box-content {\n  background-color: rgba(255, 255, 255, 0.94);\n  border-radius: 15px;\n  font-size: 100%;\n}\n#text-box-144415921 .text-inner {\n  padding: 30px 30px 30px 30px;\n}\n#text-box-144415921 {\n  width: 90%;\n}\n@media (min-width:550px) {\n  #text-box-144415921 {\n    width: 33%;\n  }\n}\n<\/style>\n    <\/div>\n \n\n        <\/div>\n      <\/div>\n\n            \n<style>\n#banner-50697930 {\n  padding-top: 637px;\n}\n#banner-50697930 .banner-bg img {\n  object-position: 49% 55%;\n}\n<\/style>\n  <\/div>\n\n\n\n  <div class=\"banner has-hover\" id=\"banner-1443455190\">\n          <div class=\"banner-inner fill\">\n        <div class=\"banner-bg fill\" >\n            <img loading=\"lazy\" decoding=\"async\" width=\"2000\" height=\"1024\" src=\"https:\/\/primaklima.com\/wp-content\/uploads\/2020\/05\/prima_klima_buildings_01.jpg\" class=\"bg attachment-original size-original\" alt=\"primaklima company building from above\" \/>                                    \n                    <\/div>\n\t\t\n        <div class=\"banner-layers container\">\n            <div class=\"fill banner-link\"><\/div>            \n\n   <div id=\"text-box-119648302\" class=\"text-box banner-layer x5 md-x5 lg-x5 y95 md-y50 lg-y50 res-text\">\n              <div data-parallax=\"-5\" data-parallax-fade=\"true\">       <div data-animate=\"fadeInUp\">           <div class=\"text-box-content text box-shadow-2\">\n              \n              <div class=\"text-inner text-left\">\n                  \n\n<h6>Die Geschichte von primaklima<\/h6>\r\n<h3 class=\"uppercase\">HEUTE\u2026<\/h3>\r\nDem jetzt in Radnice\/Tschechien, nahe der deutschen Grenze ans\u00e4ssigen Unternehmen vertrauen nun schon seit rund 25 Jahren Kunden in aller Welt, aufgrund ihrer sehr guten Erfahrungen bez\u00fcglich der hohen Qualit\u00e4t und Zuverl\u00e4ssigkeit von primaklima Produkten.\n\n              <\/div>\n           <\/div>\n       <\/div>       <\/div>              \n<style>\n#text-box-119648302 .text-box-content {\n  background-color: rgba(255, 255, 255, 0.94);\n  border-radius: 15px;\n  font-size: 100%;\n}\n#text-box-119648302 .text-inner {\n  padding: 30px 30px 30px 30px;\n}\n#text-box-119648302 {\n  width: 90%;\n}\n@media (min-width:550px) {\n  #text-box-119648302 {\n    width: 33%;\n  }\n}\n<\/style>\n    <\/div>\n \n\n        <\/div>\n      <\/div>\n\n            \n<style>\n#banner-1443455190 {\n  padding-top: 637px;\n}\n#banner-1443455190 .banner-bg img {\n  object-position: 49% 55%;\n}\n<\/style>\n  <\/div>\n\n\n\n     <\/div>\n\n     <div class=\"loading-spin dark large centered\"><\/div>\n\n\t<\/div>\n\n\n\n\t<section class=\"section\" id=\"section_1774589292\">\n\t\t<div class=\"section-bg fill\" >\n\t\t\t\t\t\t\t\t\t\n\t\t\t\n\n\t\t<\/div>\n\n\t\t\n\n\t\t<div class=\"section-content relative\">\n\t\t\t\n\n<div class=\"row row-large align-center row-divided\"  id=\"row-788969913\">\n\n\n\t<div id=\"col-433133035\" class=\"col medium-6 large-6\"  >\n\t\t\t\t<div class=\"col-inner\"  >\n\t\t\t\n\t\t\t\n\nSt\u00e4ndige Verbesserung unserer Produkte ist unser wichtigstes Ziel und deshalb beachten wir besonders die W\u00fcnsche und Anforderungen unserer Kunden. Kontinuierliche Tests und st\u00e4ndige Optimierung des Designs sowie Verwendung erstklassiger Materialien sind unerl\u00e4sslich, damit wir die hohe Qualit\u00e4t unserer Produkte sicherstellen k\u00f6nnen. In unseren Ventilatoren verwenden wir nur hocheffiziente energiesparende Motorlaufr\u00e4der ber\u00fchmter deutscher und schweizerischer Hersteller, die die Mindesteffizienzanforderungen der ErP-Richtlinien (Richtlinien in Bezug auf energieverbrauchsrelevante Produkte) schon seit Langem erf\u00fcllen.\n\n\t\t<\/div>\n\t\t\t\t\t<\/div>\n\n\t\n\n\t<div id=\"col-1733094175\" class=\"col medium-6 large-6\"  >\n\t\t\t\t<div class=\"col-inner\"  >\n\t\t\t\n\t\t\t\n\nNachhaltigkeit wird auch in der Zukunft oberste Priorit\u00e4t haben und jedes unserer neuen Produkte \u00fcbertrifft seinen Vorg\u00e4nger, sowohl in wirtschaftlicher als auch in \u00f6kologischer Hinsicht. Wir legen Wert auf maximale Umweltvertr\u00e4glichkeit. Zum Beispiel unsere Aktivkohlefilter sind nicht nur langlebig, sondern auch zu fast 100 % recycelbar.\r\n\r\nWir haben ca. 60 Mitarbeiter und exportieren unsere Waren in mehr als 40 L\u00e4nder auf der ganzen Welt, wie z.B. nach Brasilien, Chile, Israel, Japan, Lettland, Neuseeland, Russland, in die Schweiz, Ukraine und in die gesamte EU.\n\n\t\t<\/div>\n\t\t\t\t\t<\/div>\n\n\t\n\n<\/div>\n\n\t\t<\/div>\n\n\t\t\n<style>\n#section_1774589292 {\n  padding-top: 30px;\n  padding-bottom: 30px;\n  background-color: rgb(255, 255, 255);\n}\n<\/style>\n\t<\/section>\n\t\n\n","protected":false},"excerpt":{"rendered":"","protected":false},"author":2,"featured_media":0,"parent":0,"menu_order":0,"comment_status":"closed","ping_status":"closed","template":"page-blank.php","meta":{"footnotes":""},"class_list":["post-2067","page","type-page","status-publish","hentry"],"yoast_head":"<!-- This site is optimized with the Yoast SEO plugin v27.2 - https:\/\/yoast.com\/product\/yoast-seo-wordpress\/ -->\n<title>\u00dcber uns - primaklima \u2013 filtration, ventilation, metal forming<\/title>\n<meta name=\"robots\" content=\"index, follow, max-snippet:-1, max-image-preview:large, max-video-preview:-1\" \/>\n<link rel=\"canonical\" href=\"https:\/\/primaklima.com\/de\/ueber-uns\/\" \/>\n<meta property=\"og:locale\" content=\"de_DE\" \/>\n<meta property=\"og:type\" content=\"article\" \/>\n<meta property=\"og:title\" content=\"\u00dcber uns - primaklima \u2013 filtration, ventilation, metal forming\" \/>\n<meta property=\"og:url\" content=\"https:\/\/primaklima.com\/de\/ueber-uns\/\" \/>\n<meta property=\"og:site_name\" content=\"primaklima \u2013 filtration, ventilation, metal forming\" \/>\n<meta property=\"article:modified_time\" content=\"2022-01-17T13:24:16+00:00\" \/>\n<meta name=\"twitter:card\" content=\"summary_large_image\" \/>\n<script type=\"application\/ld+json\" class=\"yoast-schema-graph\">{\"@context\":\"https:\/\/schema.org\",\"@graph\":[{\"@type\":\"WebPage\",\"@id\":\"https:\/\/primaklima.com\/de\/ueber-uns\/\",\"url\":\"https:\/\/primaklima.com\/de\/ueber-uns\/\",\"name\":\"\u00dcber uns - primaklima \u2013 filtration, ventilation, metal forming\",\"isPartOf\":{\"@id\":\"https:\/\/primaklima.com\/de\/#website\"},\"datePublished\":\"2021-02-08T10:46:08+00:00\",\"dateModified\":\"2022-01-17T13:24:16+00:00\",\"breadcrumb\":{\"@id\":\"https:\/\/primaklima.com\/de\/ueber-uns\/#breadcrumb\"},\"inLanguage\":\"de\",\"potentialAction\":[{\"@type\":\"ReadAction\",\"target\":[\"https:\/\/primaklima.com\/de\/ueber-uns\/\"]}]},{\"@type\":\"BreadcrumbList\",\"@id\":\"https:\/\/primaklima.com\/de\/ueber-uns\/#breadcrumb\",\"itemListElement\":[{\"@type\":\"ListItem\",\"position\":1,\"name\":\"Home\",\"item\":\"https:\/\/primaklima.com\/de\/\"},{\"@type\":\"ListItem\",\"position\":2,\"name\":\"\u00dcber uns\"}]},{\"@type\":\"WebSite\",\"@id\":\"https:\/\/primaklima.com\/de\/#website\",\"url\":\"https:\/\/primaklima.com\/de\/\",\"name\":\"primaklima \u2013 filtration, ventilation, metal forming\",\"description\":\"Since 1996\",\"potentialAction\":[{\"@type\":\"SearchAction\",\"target\":{\"@type\":\"EntryPoint\",\"urlTemplate\":\"https:\/\/primaklima.com\/de\/?s={search_term_string}\"},\"query-input\":{\"@type\":\"PropertyValueSpecification\",\"valueRequired\":true,\"valueName\":\"search_term_string\"}}],\"inLanguage\":\"de\"}]}<\/script>\n<!-- \/ Yoast SEO plugin. -->","yoast_head_json":{"title":"\u00dcber uns - primaklima \u2013 filtration, ventilation, metal forming","robots":{"index":"index","follow":"follow","max-snippet":"max-snippet:-1","max-image-preview":"max-image-preview:large","max-video-preview":"max-video-preview:-1"},"canonical":"https:\/\/primaklima.com\/de\/ueber-uns\/","og_locale":"de_DE","og_type":"article","og_title":"\u00dcber uns - primaklima \u2013 filtration, ventilation, metal forming","og_url":"https:\/\/primaklima.com\/de\/ueber-uns\/","og_site_name":"primaklima \u2013 filtration, ventilation, metal forming","article_modified_time":"2022-01-17T13:24:16+00:00","twitter_card":"summary_large_image","schema":{"@context":"https:\/\/schema.org","@graph":[{"@type":"WebPage","@id":"https:\/\/primaklima.com\/de\/ueber-uns\/","url":"https:\/\/primaklima.com\/de\/ueber-uns\/","name":"\u00dcber uns - primaklima \u2013 filtration, ventilation, metal forming","isPartOf":{"@id":"https:\/\/primaklima.com\/de\/#website"},"datePublished":"2021-02-08T10:46:08+00:00","dateModified":"2022-01-17T13:24:16+00:00","breadcrumb":{"@id":"https:\/\/primaklima.com\/de\/ueber-uns\/#breadcrumb"},"inLanguage":"de","potentialAction":[{"@type":"ReadAction","target":["https:\/\/primaklima.com\/de\/ueber-uns\/"]}]},{"@type":"BreadcrumbList","@id":"https:\/\/primaklima.com\/de\/ueber-uns\/#breadcrumb","itemListElement":[{"@type":"ListItem","position":1,"name":"Home","item":"https:\/\/primaklima.com\/de\/"},{"@type":"ListItem","position":2,"name":"\u00dcber uns"}]},{"@type":"WebSite","@id":"https:\/\/primaklima.com\/de\/#website","url":"https:\/\/primaklima.com\/de\/","name":"primaklima \u2013 filtration, ventilation, metal forming","description":"Since 1996","potentialAction":[{"@type":"SearchAction","target":{"@type":"EntryPoint","urlTemplate":"https:\/\/primaklima.com\/de\/?s={search_term_string}"},"query-input":{"@type":"PropertyValueSpecification","valueRequired":true,"valueName":"search_term_string"}}],"inLanguage":"de"}]}},"_links":{"self":[{"href":"https:\/\/primaklima.com\/de\/wp-json\/wp\/v2\/pages\/2067","targetHints":{"allow":["GET"]}}],"collection":[{"href":"https:\/\/primaklima.com\/de\/wp-json\/wp\/v2\/pages"}],"about":[{"href":"https:\/\/primaklima.com\/de\/wp-json\/wp\/v2\/types\/page"}],"author":[{"embeddable":true,"href":"https:\/\/primaklima.com\/de\/wp-json\/wp\/v2\/users\/2"}],"replies":[{"embeddable":true,"href":"https:\/\/primaklima.com\/de\/wp-json\/wp\/v2\/comments?post=2067"}],"version-history":[{"count":8,"href":"https:\/\/primaklima.com\/de\/wp-json\/wp\/v2\/pages\/2067\/revisions"}],"predecessor-version":[{"id":3323,"href":"https:\/\/primaklima.com\/de\/wp-json\/wp\/v2\/pages\/2067\/revisions\/3323"}],"wp:attachment":[{"href":"https:\/\/primaklima.com\/de\/wp-json\/wp\/v2\/media?parent=2067"}],"curies":[{"name":"wp","href":"https:\/\/api.w.org\/{rel}","templated":true}]}}