{"id":2137,"date":"2020-02-05T16:09:15","date_gmt":"2020-02-05T16:09:15","guid":{"rendered":"https:\/\/preview.primaklima.com\/shop\/unkategorisiert\/pk250-ecblue\/"},"modified":"2024-09-16T14:13:25","modified_gmt":"2024-09-16T16:13:25","slug":"pk250-ecblue","status":"publish","type":"product","link":"https:\/\/primaklima.com\/de\/shop\/ventilatoren-de\/ec-ventilatoren\/pk250-ecblue\/","title":{"rendered":"PK250-ECblue"},"content":{"rendered":"<p>Der primaklima PK250-ECblue ist ein hocheffizienter Rohrventilator mit einem ebmpapst EC-Motor mit r\u00fcckw\u00e4rts gebogenen Bl\u00e4ttern, der optimal an das Geh\u00e4use angepasst wurde.<\/p>\n<p>Dieser L\u00fcfter mit RJ45-Anschluss bietet auch M\u00f6glichkeiten zur eigenen Ansteuerung oder mit unserem Controller ECTC-1M-Digital. F\u00fcr detaillierte Infos bitte das <a href=\"https:\/\/primaklima.com\/wp-content\/uploads\/2024\/09\/DE_RJ45-Pinbelegung_ECVentilator-Anschlussplan.pdf\">PDF downloaden<\/a>.<\/p>\n<h4><strong>Eigenschaften:<\/strong><\/h4>\n<ul>\n<li>Primaklima Rohrventilatoren mit ebmpapst EC-Motor.<\/li>\n<li>Laufrad mit r\u00fcckw\u00e4rts gebogenen Bl\u00e4ttern<\/li>\n<li>Aerodynamisch optimierte Form<\/li>\n<li>Die beiden Geh\u00e4useschalen bestehen komplett aus extrem<br \/>\nschlagfestem und langlebigem Polyamid (nylon).<\/li>\n<li>Die Anschl\u00fcsse, der Kondensator sowie die Regeltechnik sind<br \/>\nkomplett im Geh\u00e4use integriert.<\/li>\n<\/ul>\n","protected":false},"excerpt":{"rendered":"<p>Flansch: 250 mm<br \/>\nMaximaler Luftstrom: 1450m\u00b3\/h<br \/>\nLeistung: 0-170 W<br \/>\nInput: 230 V, 50\/60 Hz, 0.74 A<br \/>\nTmax: 50\u00b0C<br \/>\nMa\u00dfe: 369 x 276 mm (B\/H)<br \/>\nGewicht: 3,8 kg<\/p>\n<p>ECBlue Ventilator mit RJ45 Buchse.<\/p>\n","protected":false},"featured_media":3188,"template":"","meta":[],"product_brand":[],"product_cat":[440,441],"product_tag":[443,444,448,450,453,454,452,445,449,451,447,446],"class_list":{"0":"post-2137","1":"product","2":"type-product","3":"status-publish","4":"has-post-thumbnail","6":"product_cat-ventilatoren-de","7":"product_cat-ec-ventilatoren","8":"product_tag-250mm-de","9":"product_tag-250mm-flansch","10":"product_tag-air-filtration-de","11":"product_tag-intake-fan-de","12":"product_tag-ec-de","13":"product_tag-ec-blue-de","14":"product_tag-ec-ventilatoren","15":"product_tag-fan-de","16":"product_tag-intake-ventilator-de","17":"product_tag-duct-fan-de","18":"product_tag-ventilation-system-de","19":"product_tag-ventilator-de","20":"pa_size-airflow-250mm_10-1450m-h-de","22":"first","23":"instock","24":"taxable","25":"shipping-taxable","26":"product-type-simple"},"yoast_head":"<!-- This site is optimized with the Yoast SEO plugin v27.2 - https:\/\/yoast.com\/product\/yoast-seo-wordpress\/ -->\n<title>Ventilator PK250-ECblue bei primaklima<\/title>\n<meta name=\"description\" content=\"Highly efficient inline duct fan PK250-ECblue with premium ebm-papst motor. Very low power consumption thanks to EC-Technology.\" \/>\n<meta name=\"robots\" content=\"index, follow, max-snippet:-1, max-image-preview:large, max-video-preview:-1\" \/>\n<link rel=\"canonical\" href=\"https:\/\/primaklima.com\/de\/shop\/ventilatoren-de\/ec-ventilatoren\/pk250-ecblue\/\" \/>\n<meta property=\"og:locale\" content=\"de_DE\" \/>\n<meta property=\"og:type\" content=\"article\" \/>\n<meta property=\"og:title\" content=\"Ventilator PK250-ECblue bei primaklima\" \/>\n<meta property=\"og:description\" content=\"Highly efficient inline duct fan PK250-ECblue with premium ebm-papst motor. Very low power consumption thanks to EC-Technology.\" \/>\n<meta property=\"og:url\" content=\"https:\/\/primaklima.com\/de\/shop\/ventilatoren-de\/ec-ventilatoren\/pk250-ecblue\/\" \/>\n<meta property=\"og:site_name\" content=\"primaklima \u2013 filtration, ventilation, metal forming\" \/>\n<meta property=\"article:modified_time\" content=\"2024-09-16T16:13:25+00:00\" \/>\n<meta property=\"og:image\" content=\"https:\/\/primaklima.com\/wp-content\/uploads\/2020\/02\/PK250-ECblue.jpg\" \/>\n\t<meta property=\"og:image:width\" content=\"1500\" \/>\n\t<meta property=\"og:image:height\" content=\"1500\" \/>\n\t<meta property=\"og:image:type\" content=\"image\/jpeg\" \/>\n<meta name=\"twitter:card\" content=\"summary_large_image\" \/>\n<script type=\"application\/ld+json\" class=\"yoast-schema-graph\">{\"@context\":\"https:\/\/schema.org\",\"@graph\":[{\"@type\":\"WebPage\",\"@id\":\"https:\/\/primaklima.com\/de\/shop\/ventilatoren-de\/ec-ventilatoren\/pk250-ecblue\/\",\"url\":\"https:\/\/primaklima.com\/de\/shop\/ventilatoren-de\/ec-ventilatoren\/pk250-ecblue\/\",\"name\":\"Ventilator PK250-ECblue bei primaklima\",\"isPartOf\":{\"@id\":\"https:\/\/primaklima.com\/de\/#website\"},\"primaryImageOfPage\":{\"@id\":\"https:\/\/primaklima.com\/de\/shop\/ventilatoren-de\/ec-ventilatoren\/pk250-ecblue\/#primaryimage\"},\"image\":{\"@id\":\"https:\/\/primaklima.com\/de\/shop\/ventilatoren-de\/ec-ventilatoren\/pk250-ecblue\/#primaryimage\"},\"thumbnailUrl\":\"https:\/\/primaklima.com\/wp-content\/uploads\/2020\/02\/PK250-ECblue.jpg\",\"datePublished\":\"2020-02-05T16:09:15+00:00\",\"dateModified\":\"2024-09-16T16:13:25+00:00\",\"description\":\"Highly efficient inline duct fan PK250-ECblue with premium ebm-papst motor. Very low power consumption thanks to EC-Technology.\",\"breadcrumb\":{\"@id\":\"https:\/\/primaklima.com\/de\/shop\/ventilatoren-de\/ec-ventilatoren\/pk250-ecblue\/#breadcrumb\"},\"inLanguage\":\"de\",\"potentialAction\":[{\"@type\":\"ReadAction\",\"target\":[\"https:\/\/primaklima.com\/de\/shop\/ventilatoren-de\/ec-ventilatoren\/pk250-ecblue\/\"]}]},{\"@type\":\"ImageObject\",\"inLanguage\":\"de\",\"@id\":\"https:\/\/primaklima.com\/de\/shop\/ventilatoren-de\/ec-ventilatoren\/pk250-ecblue\/#primaryimage\",\"url\":\"https:\/\/primaklima.com\/wp-content\/uploads\/2020\/02\/PK250-ECblue.jpg\",\"contentUrl\":\"https:\/\/primaklima.com\/wp-content\/uploads\/2020\/02\/PK250-ECblue.jpg\",\"width\":1500,\"height\":1500},{\"@type\":\"BreadcrumbList\",\"@id\":\"https:\/\/primaklima.com\/de\/shop\/ventilatoren-de\/ec-ventilatoren\/pk250-ecblue\/#breadcrumb\",\"itemListElement\":[{\"@type\":\"ListItem\",\"position\":1,\"name\":\"Home\",\"item\":\"https:\/\/primaklima.com\/de\/\"},{\"@type\":\"ListItem\",\"position\":2,\"name\":\"Products\",\"item\":\"https:\/\/primaklima.com\/de\/products\/\"},{\"@type\":\"ListItem\",\"position\":3,\"name\":\"PK250-ECblue\"}]},{\"@type\":\"WebSite\",\"@id\":\"https:\/\/primaklima.com\/de\/#website\",\"url\":\"https:\/\/primaklima.com\/de\/\",\"name\":\"primaklima \u2013 filtration, ventilation, metal forming\",\"description\":\"Since 1996\",\"potentialAction\":[{\"@type\":\"SearchAction\",\"target\":{\"@type\":\"EntryPoint\",\"urlTemplate\":\"https:\/\/primaklima.com\/de\/?s={search_term_string}\"},\"query-input\":{\"@type\":\"PropertyValueSpecification\",\"valueRequired\":true,\"valueName\":\"search_term_string\"}}],\"inLanguage\":\"de\"}]}<\/script>\n<!-- \/ Yoast SEO plugin. -->","yoast_head_json":{"title":"Ventilator PK250-ECblue bei primaklima","description":"Highly efficient inline duct fan PK250-ECblue with premium ebm-papst motor. Very low power consumption thanks to EC-Technology.","robots":{"index":"index","follow":"follow","max-snippet":"max-snippet:-1","max-image-preview":"max-image-preview:large","max-video-preview":"max-video-preview:-1"},"canonical":"https:\/\/primaklima.com\/de\/shop\/ventilatoren-de\/ec-ventilatoren\/pk250-ecblue\/","og_locale":"de_DE","og_type":"article","og_title":"Ventilator PK250-ECblue bei primaklima","og_description":"Highly efficient inline duct fan PK250-ECblue with premium ebm-papst motor. Very low power consumption thanks to EC-Technology.","og_url":"https:\/\/primaklima.com\/de\/shop\/ventilatoren-de\/ec-ventilatoren\/pk250-ecblue\/","og_site_name":"primaklima \u2013 filtration, ventilation, metal forming","article_modified_time":"2024-09-16T16:13:25+00:00","og_image":[{"width":1500,"height":1500,"url":"https:\/\/primaklima.com\/wp-content\/uploads\/2020\/02\/PK250-ECblue.jpg","type":"image\/jpeg"}],"twitter_card":"summary_large_image","schema":{"@context":"https:\/\/schema.org","@graph":[{"@type":"WebPage","@id":"https:\/\/primaklima.com\/de\/shop\/ventilatoren-de\/ec-ventilatoren\/pk250-ecblue\/","url":"https:\/\/primaklima.com\/de\/shop\/ventilatoren-de\/ec-ventilatoren\/pk250-ecblue\/","name":"Ventilator PK250-ECblue bei primaklima","isPartOf":{"@id":"https:\/\/primaklima.com\/de\/#website"},"primaryImageOfPage":{"@id":"https:\/\/primaklima.com\/de\/shop\/ventilatoren-de\/ec-ventilatoren\/pk250-ecblue\/#primaryimage"},"image":{"@id":"https:\/\/primaklima.com\/de\/shop\/ventilatoren-de\/ec-ventilatoren\/pk250-ecblue\/#primaryimage"},"thumbnailUrl":"https:\/\/primaklima.com\/wp-content\/uploads\/2020\/02\/PK250-ECblue.jpg","datePublished":"2020-02-05T16:09:15+00:00","dateModified":"2024-09-16T16:13:25+00:00","description":"Highly efficient inline duct fan PK250-ECblue with premium ebm-papst motor. Very low power consumption thanks to EC-Technology.","breadcrumb":{"@id":"https:\/\/primaklima.com\/de\/shop\/ventilatoren-de\/ec-ventilatoren\/pk250-ecblue\/#breadcrumb"},"inLanguage":"de","potentialAction":[{"@type":"ReadAction","target":["https:\/\/primaklima.com\/de\/shop\/ventilatoren-de\/ec-ventilatoren\/pk250-ecblue\/"]}]},{"@type":"ImageObject","inLanguage":"de","@id":"https:\/\/primaklima.com\/de\/shop\/ventilatoren-de\/ec-ventilatoren\/pk250-ecblue\/#primaryimage","url":"https:\/\/primaklima.com\/wp-content\/uploads\/2020\/02\/PK250-ECblue.jpg","contentUrl":"https:\/\/primaklima.com\/wp-content\/uploads\/2020\/02\/PK250-ECblue.jpg","width":1500,"height":1500},{"@type":"BreadcrumbList","@id":"https:\/\/primaklima.com\/de\/shop\/ventilatoren-de\/ec-ventilatoren\/pk250-ecblue\/#breadcrumb","itemListElement":[{"@type":"ListItem","position":1,"name":"Home","item":"https:\/\/primaklima.com\/de\/"},{"@type":"ListItem","position":2,"name":"Products","item":"https:\/\/primaklima.com\/de\/products\/"},{"@type":"ListItem","position":3,"name":"PK250-ECblue"}]},{"@type":"WebSite","@id":"https:\/\/primaklima.com\/de\/#website","url":"https:\/\/primaklima.com\/de\/","name":"primaklima \u2013 filtration, ventilation, metal forming","description":"Since 1996","potentialAction":[{"@type":"SearchAction","target":{"@type":"EntryPoint","urlTemplate":"https:\/\/primaklima.com\/de\/?s={search_term_string}"},"query-input":{"@type":"PropertyValueSpecification","valueRequired":true,"valueName":"search_term_string"}}],"inLanguage":"de"}]}},"_links":{"self":[{"href":"https:\/\/primaklima.com\/de\/wp-json\/wp\/v2\/product\/2137","targetHints":{"allow":["GET"]}}],"collection":[{"href":"https:\/\/primaklima.com\/de\/wp-json\/wp\/v2\/product"}],"about":[{"href":"https:\/\/primaklima.com\/de\/wp-json\/wp\/v2\/types\/product"}],"wp:featuredmedia":[{"embeddable":true,"href":"https:\/\/primaklima.com\/de\/wp-json\/wp\/v2\/media\/3188"}],"wp:attachment":[{"href":"https:\/\/primaklima.com\/de\/wp-json\/wp\/v2\/media?parent=2137"}],"wp:term":[{"taxonomy":"product_brand","embeddable":true,"href":"https:\/\/primaklima.com\/de\/wp-json\/wp\/v2\/product_brand?post=2137"},{"taxonomy":"product_cat","embeddable":true,"href":"https:\/\/primaklima.com\/de\/wp-json\/wp\/v2\/product_cat?post=2137"},{"taxonomy":"product_tag","embeddable":true,"href":"https:\/\/primaklima.com\/de\/wp-json\/wp\/v2\/product_tag?post=2137"}],"curies":[{"name":"wp","href":"https:\/\/api.w.org\/{rel}","templated":true}]}}