{"id":2397,"date":"2020-02-11T13:22:54","date_gmt":"2020-02-11T13:22:54","guid":{"rendered":"https:\/\/preview.primaklima.com\/shop\/unkategorisiert\/k3601-ctc80\/"},"modified":"2022-05-03T05:59:26","modified_gmt":"2022-05-03T07:59:26","slug":"k3601-125","status":"publish","type":"product","link":"https:\/\/primaklima.com\/de\/shop\/luftfilter\/carbocone\/k3601-125\/","title":{"rendered":"K3601-125"},"content":{"rendered":"<h4><img loading=\"lazy\" decoding=\"async\" class=\"alignnone wp-image-1806 \" style=\"font-size: 14.4px;\" src=\"https:\/\/primaklima.com\/wp-content\/uploads\/2020\/10\/Carbocone_logo_black_2.png\" alt=\"Carbocone logo black\" width=\"248\" height=\"49\" \/><\/h4>\n<h4><strong>Wir stellen vor: Carbocone!<\/strong><\/h4>\n<p>Eine neue Reihe von Aktivkohlefiltern mit verbesserter, patentierter konischer Form des Innenkorbs bietet gro\u00dfe Vorteile, wie z. B. verl\u00e4ngerte Lebensdauer, erh\u00f6hte Filtrationseffizienz und S\u00e4ttigung der Aktivkohle um bis zu 30 %.<br \/>\nHocheffiziente Filtration mit CTC75 Aktivkohle, gleich hohe Qualit\u00e4t wie bei Industry Line Filtern.<br \/>\nHochwertige Metalldr\u00fcckteile bieten maximale Stabilit\u00e4t und Haltbarkeit. Der extra lange Flansch bietet eine sichere Verbindung.<\/p>\n<h4><strong>Eigenschaften:<\/strong><\/h4>\n<ul>\n<li>Um 30 % l\u00e4ngere Lebensdauer im Vergleich zu herk\u00f6mmlichen Filtern<\/li>\n<li>Um 30 % bessere Adsorptionseffizienz<\/li>\n<li>100 % granulierte reine CTC75 Aktivkohle<\/li>\n<li>Lebensdauer bis zu 3 Jahren<\/li>\n<li>Lange Haltbarkeit<\/li>\n<li>Effektive Adsorption der Partikel und Geruchsentfernung<\/li>\n<li>Hochwertige Metallteile<\/li>\n<li>Inklusive Vorfilter gegen Staub<\/li>\n<\/ul>\n<h4><strong>Patentiertes System: EP2735354A1<\/strong><\/h4>\n","protected":false},"excerpt":{"rendered":"<p>Flansch: 125 mm<br \/>\nL\u00e4nge: 625 mm ohne Flansch<br \/>\nDurchmesser: 200 mm<br \/>\nMaximaler Luftstrom: 800 m\u00b3\/h<br \/>\nInkl. Vorfilter: K3701<br \/>\nGewicht: 6.3 kg<br \/>\nAktivkohle CTC75: 4 kg<\/p>\n","protected":false},"featured_media":1014,"template":"","meta":[],"product_brand":[],"product_cat":[587,588],"product_tag":[500,501,594,592,591,593,590],"class_list":{"0":"post-2397","1":"product","2":"type-product","3":"status-publish","4":"has-post-thumbnail","6":"product_cat-luftfilter","7":"product_cat-carbocone","8":"product_tag-125mm-de","9":"product_tag-125mm-flange-de","10":"product_tag-air-filter-de","11":"product_tag-activated-carbon-filter-de","12":"product_tag-carbocone-de","13":"product_tag-filter-de","14":"product_tag-carbon-filter-de","15":"pa_size-airflow-125mm_5-800m-h-de","17":"first","18":"instock","19":"taxable","20":"shipping-taxable","21":"product-type-simple"},"yoast_head":"<!-- This site is optimized with the Yoast SEO plugin v27.2 - https:\/\/yoast.com\/product\/yoast-seo-wordpress\/ -->\n<title>Aktivkohlefilter Carbocone K3601-125 - von primaklima \u2013 filtration, ventilation, metal forming<\/title>\n<meta name=\"description\" content=\"Aktivkohlefilter f\u00fcr effektive Adsorption der Partikel und Geruchsentfernung. Flansch 125 mm, Maximaler Luftstrom: 800 m\u00b3\/h\" \/>\n<meta name=\"robots\" content=\"index, follow, max-snippet:-1, max-image-preview:large, max-video-preview:-1\" \/>\n<link rel=\"canonical\" href=\"https:\/\/primaklima.com\/de\/shop\/luftfilter\/carbocone\/k3601-125\/\" \/>\n<meta property=\"og:locale\" content=\"de_DE\" \/>\n<meta property=\"og:type\" content=\"article\" \/>\n<meta property=\"og:title\" content=\"Aktivkohlefilter Carbocone K3601-125 - von primaklima \u2013 filtration, ventilation, metal forming\" \/>\n<meta property=\"og:description\" content=\"Aktivkohlefilter f\u00fcr effektive Adsorption der Partikel und Geruchsentfernung. Flansch 125 mm, Maximaler Luftstrom: 800 m\u00b3\/h\" \/>\n<meta property=\"og:url\" content=\"https:\/\/primaklima.com\/de\/shop\/luftfilter\/carbocone\/k3601-125\/\" \/>\n<meta property=\"og:site_name\" content=\"primaklima \u2013 filtration, ventilation, metal forming\" \/>\n<meta property=\"article:modified_time\" content=\"2022-05-03T07:59:26+00:00\" \/>\n<meta property=\"og:image\" content=\"https:\/\/primaklima.com\/wp-content\/uploads\/2020\/03\/K3601-CTC80.jpg\" \/>\n\t<meta property=\"og:image:width\" content=\"1500\" \/>\n\t<meta property=\"og:image:height\" content=\"1500\" \/>\n\t<meta property=\"og:image:type\" content=\"image\/jpeg\" \/>\n<meta name=\"twitter:card\" content=\"summary_large_image\" \/>\n<meta name=\"twitter:label1\" content=\"Gesch\u00e4tzte Lesezeit\" \/>\n\t<meta name=\"twitter:data1\" content=\"1\u00a0Minute\" \/>\n<script type=\"application\/ld+json\" class=\"yoast-schema-graph\">{\"@context\":\"https:\/\/schema.org\",\"@graph\":[{\"@type\":\"WebPage\",\"@id\":\"https:\/\/primaklima.com\/de\/shop\/luftfilter\/carbocone\/k3601-125\/\",\"url\":\"https:\/\/primaklima.com\/de\/shop\/luftfilter\/carbocone\/k3601-125\/\",\"name\":\"Aktivkohlefilter Carbocone K3601-125 - von primaklima \u2013 filtration, ventilation, metal forming\",\"isPartOf\":{\"@id\":\"https:\/\/primaklima.com\/de\/#website\"},\"primaryImageOfPage\":{\"@id\":\"https:\/\/primaklima.com\/de\/shop\/luftfilter\/carbocone\/k3601-125\/#primaryimage\"},\"image\":{\"@id\":\"https:\/\/primaklima.com\/de\/shop\/luftfilter\/carbocone\/k3601-125\/#primaryimage\"},\"thumbnailUrl\":\"https:\/\/primaklima.com\/wp-content\/uploads\/2020\/03\/K3601-CTC80.jpg\",\"datePublished\":\"2020-02-11T13:22:54+00:00\",\"dateModified\":\"2022-05-03T07:59:26+00:00\",\"description\":\"Aktivkohlefilter f\u00fcr effektive Adsorption der Partikel und Geruchsentfernung. Flansch 125 mm, Maximaler Luftstrom: 800 m\u00b3\/h\",\"breadcrumb\":{\"@id\":\"https:\/\/primaklima.com\/de\/shop\/luftfilter\/carbocone\/k3601-125\/#breadcrumb\"},\"inLanguage\":\"de\",\"potentialAction\":[{\"@type\":\"ReadAction\",\"target\":[\"https:\/\/primaklima.com\/de\/shop\/luftfilter\/carbocone\/k3601-125\/\"]}]},{\"@type\":\"ImageObject\",\"inLanguage\":\"de\",\"@id\":\"https:\/\/primaklima.com\/de\/shop\/luftfilter\/carbocone\/k3601-125\/#primaryimage\",\"url\":\"https:\/\/primaklima.com\/wp-content\/uploads\/2020\/03\/K3601-CTC80.jpg\",\"contentUrl\":\"https:\/\/primaklima.com\/wp-content\/uploads\/2020\/03\/K3601-CTC80.jpg\",\"width\":1500,\"height\":1500,\"caption\":\"K3601 CTC80\"},{\"@type\":\"BreadcrumbList\",\"@id\":\"https:\/\/primaklima.com\/de\/shop\/luftfilter\/carbocone\/k3601-125\/#breadcrumb\",\"itemListElement\":[{\"@type\":\"ListItem\",\"position\":1,\"name\":\"Home\",\"item\":\"https:\/\/primaklima.com\/de\/\"},{\"@type\":\"ListItem\",\"position\":2,\"name\":\"Products\",\"item\":\"https:\/\/primaklima.com\/de\/products\/\"},{\"@type\":\"ListItem\",\"position\":3,\"name\":\"K3601-125\"}]},{\"@type\":\"WebSite\",\"@id\":\"https:\/\/primaklima.com\/de\/#website\",\"url\":\"https:\/\/primaklima.com\/de\/\",\"name\":\"primaklima \u2013 filtration, ventilation, metal forming\",\"description\":\"Since 1996\",\"potentialAction\":[{\"@type\":\"SearchAction\",\"target\":{\"@type\":\"EntryPoint\",\"urlTemplate\":\"https:\/\/primaklima.com\/de\/?s={search_term_string}\"},\"query-input\":{\"@type\":\"PropertyValueSpecification\",\"valueRequired\":true,\"valueName\":\"search_term_string\"}}],\"inLanguage\":\"de\"}]}<\/script>\n<!-- \/ Yoast SEO plugin. -->","yoast_head_json":{"title":"Aktivkohlefilter Carbocone K3601-125 - von primaklima \u2013 filtration, ventilation, metal forming","description":"Aktivkohlefilter f\u00fcr effektive Adsorption der Partikel und Geruchsentfernung. Flansch 125 mm, Maximaler Luftstrom: 800 m\u00b3\/h","robots":{"index":"index","follow":"follow","max-snippet":"max-snippet:-1","max-image-preview":"max-image-preview:large","max-video-preview":"max-video-preview:-1"},"canonical":"https:\/\/primaklima.com\/de\/shop\/luftfilter\/carbocone\/k3601-125\/","og_locale":"de_DE","og_type":"article","og_title":"Aktivkohlefilter Carbocone K3601-125 - von primaklima \u2013 filtration, ventilation, metal forming","og_description":"Aktivkohlefilter f\u00fcr effektive Adsorption der Partikel und Geruchsentfernung. Flansch 125 mm, Maximaler Luftstrom: 800 m\u00b3\/h","og_url":"https:\/\/primaklima.com\/de\/shop\/luftfilter\/carbocone\/k3601-125\/","og_site_name":"primaklima \u2013 filtration, ventilation, metal forming","article_modified_time":"2022-05-03T07:59:26+00:00","og_image":[{"width":1500,"height":1500,"url":"https:\/\/primaklima.com\/wp-content\/uploads\/2020\/03\/K3601-CTC80.jpg","type":"image\/jpeg"}],"twitter_card":"summary_large_image","twitter_misc":{"Gesch\u00e4tzte Lesezeit":"1\u00a0Minute"},"schema":{"@context":"https:\/\/schema.org","@graph":[{"@type":"WebPage","@id":"https:\/\/primaklima.com\/de\/shop\/luftfilter\/carbocone\/k3601-125\/","url":"https:\/\/primaklima.com\/de\/shop\/luftfilter\/carbocone\/k3601-125\/","name":"Aktivkohlefilter Carbocone K3601-125 - von primaklima \u2013 filtration, ventilation, metal forming","isPartOf":{"@id":"https:\/\/primaklima.com\/de\/#website"},"primaryImageOfPage":{"@id":"https:\/\/primaklima.com\/de\/shop\/luftfilter\/carbocone\/k3601-125\/#primaryimage"},"image":{"@id":"https:\/\/primaklima.com\/de\/shop\/luftfilter\/carbocone\/k3601-125\/#primaryimage"},"thumbnailUrl":"https:\/\/primaklima.com\/wp-content\/uploads\/2020\/03\/K3601-CTC80.jpg","datePublished":"2020-02-11T13:22:54+00:00","dateModified":"2022-05-03T07:59:26+00:00","description":"Aktivkohlefilter f\u00fcr effektive Adsorption der Partikel und Geruchsentfernung. Flansch 125 mm, Maximaler Luftstrom: 800 m\u00b3\/h","breadcrumb":{"@id":"https:\/\/primaklima.com\/de\/shop\/luftfilter\/carbocone\/k3601-125\/#breadcrumb"},"inLanguage":"de","potentialAction":[{"@type":"ReadAction","target":["https:\/\/primaklima.com\/de\/shop\/luftfilter\/carbocone\/k3601-125\/"]}]},{"@type":"ImageObject","inLanguage":"de","@id":"https:\/\/primaklima.com\/de\/shop\/luftfilter\/carbocone\/k3601-125\/#primaryimage","url":"https:\/\/primaklima.com\/wp-content\/uploads\/2020\/03\/K3601-CTC80.jpg","contentUrl":"https:\/\/primaklima.com\/wp-content\/uploads\/2020\/03\/K3601-CTC80.jpg","width":1500,"height":1500,"caption":"K3601 CTC80"},{"@type":"BreadcrumbList","@id":"https:\/\/primaklima.com\/de\/shop\/luftfilter\/carbocone\/k3601-125\/#breadcrumb","itemListElement":[{"@type":"ListItem","position":1,"name":"Home","item":"https:\/\/primaklima.com\/de\/"},{"@type":"ListItem","position":2,"name":"Products","item":"https:\/\/primaklima.com\/de\/products\/"},{"@type":"ListItem","position":3,"name":"K3601-125"}]},{"@type":"WebSite","@id":"https:\/\/primaklima.com\/de\/#website","url":"https:\/\/primaklima.com\/de\/","name":"primaklima \u2013 filtration, ventilation, metal forming","description":"Since 1996","potentialAction":[{"@type":"SearchAction","target":{"@type":"EntryPoint","urlTemplate":"https:\/\/primaklima.com\/de\/?s={search_term_string}"},"query-input":{"@type":"PropertyValueSpecification","valueRequired":true,"valueName":"search_term_string"}}],"inLanguage":"de"}]}},"_links":{"self":[{"href":"https:\/\/primaklima.com\/de\/wp-json\/wp\/v2\/product\/2397","targetHints":{"allow":["GET"]}}],"collection":[{"href":"https:\/\/primaklima.com\/de\/wp-json\/wp\/v2\/product"}],"about":[{"href":"https:\/\/primaklima.com\/de\/wp-json\/wp\/v2\/types\/product"}],"wp:featuredmedia":[{"embeddable":true,"href":"https:\/\/primaklima.com\/de\/wp-json\/wp\/v2\/media\/1014"}],"wp:attachment":[{"href":"https:\/\/primaklima.com\/de\/wp-json\/wp\/v2\/media?parent=2397"}],"wp:term":[{"taxonomy":"product_brand","embeddable":true,"href":"https:\/\/primaklima.com\/de\/wp-json\/wp\/v2\/product_brand?post=2397"},{"taxonomy":"product_cat","embeddable":true,"href":"https:\/\/primaklima.com\/de\/wp-json\/wp\/v2\/product_cat?post=2397"},{"taxonomy":"product_tag","embeddable":true,"href":"https:\/\/primaklima.com\/de\/wp-json\/wp\/v2\/product_tag?post=2397"}],"curies":[{"name":"wp","href":"https:\/\/api.w.org\/{rel}","templated":true}]}}