{"id":2475,"date":"2020-02-06T15:43:57","date_gmt":"2020-02-06T15:43:57","guid":{"rendered":"https:\/\/preview.primaklima.com\/shop\/unkategorisiert\/trio-2m\/"},"modified":"2022-06-03T03:45:47","modified_gmt":"2022-06-03T05:45:47","slug":"trio-2m","status":"publish","type":"product","link":"https:\/\/primaklima.com\/de\/shop\/ventilatoren-de\/ventilatoren-zubehor\/trio-2m\/","title":{"rendered":"TRIO-2M, Temperatur-Ventilatorsteuerungssystem"},"content":{"rendered":"<p>Die urspr\u00fcngliche Ventilatorsteuerung wurde 1989 von primaklima entwickelt und hergestellt.<br \/>\nSeitdem wurde es von vielen Herstellern kopiert, allerdings nie mit der gleichen Qualit\u00e4t.<\/p>\n<p>Das Temperatur-Ventilatorsteuerungssystem der primaklima erm\u00f6glicht es, die Ventilatoren automatisch, abh\u00e4ngig von der Temperatur zu steuern.<br \/>\nWenn die eingestellte Temperatur den tats\u00e4chlichen Wert \u00fcberschreitet, beginnen beide Ventilatoren auf maximale Leistung zu laufen und k\u00fchlen den Raum ab.<br \/>\nWenn die Temperatur unter dem eingestellten Wert liegt, regeln die Ventilatoren die Temperatur wieder auf den eingestellten Minimalwert.<\/p>\n<p>Ein einfaches und intelligentes Ger\u00e4t mit einer hohen Effizienz.<\/p>\n<ul>\n<li><em>Schutzklasse: IP54<\/em><\/li>\n<li><em>Temperaturregelbereich: 20\u00b0C \u2013 30\u00b0C<\/em><\/li>\n<li><em>Hysterese: 2\u00b0C<\/em><\/li>\n<li><em>Toleranzsensor: 0,2\u00b0C<\/em><\/li>\n<li><em>maximal 2 x 300 W bei 220\/230 V 50 Hz<\/em><\/li>\n<\/ul>\n","protected":false},"excerpt":{"rendered":"<p>Das Temperatur-Ventilatorsteuerungssystem der primaklima steuert die Ventilatoren automatisch, abh\u00e4ngig von der Temperatur.<\/p>\n","protected":false},"featured_media":1312,"template":"","meta":[],"product_brand":[],"product_cat":[440,666],"product_tag":[671,673,670,674],"class_list":{"0":"post-2475","1":"product","2":"type-product","3":"status-publish","4":"has-post-thumbnail","6":"product_cat-ventilatoren-de","7":"product_cat-ventilatoren-zubehor","8":"product_tag-controller-de","9":"product_tag-fan-control-de","10":"product_tag-trio-de","11":"product_tag-ventilator-controller-de","12":"pa_accessories-analog-fan-controllers-de","14":"first","15":"instock","16":"taxable","17":"shipping-taxable","18":"product-type-simple"},"yoast_head":"<!-- This site is optimized with the Yoast SEO plugin v27.2 - https:\/\/yoast.com\/product\/yoast-seo-wordpress\/ -->\n<title>Ventilatorsteuerung TRIO-2M, Temperatur-Ventilatorsteuerungssystem - by primaklima \u2013 filtration, ventilation, metal forming<\/title>\n<meta name=\"description\" content=\"Die urspr\u00fcngliche Ventilatorsteuerung wurde 1989 von primaklima entwickelt und hergestellt. Seitdem wurde es von vielen Herstellern kopiert, allerdings nie mit der gleichen Qualit\u00e4t.\" \/>\n<meta name=\"robots\" content=\"index, follow, max-snippet:-1, max-image-preview:large, max-video-preview:-1\" \/>\n<link rel=\"canonical\" href=\"https:\/\/primaklima.com\/de\/shop\/ventilatoren-de\/ventilatoren-zubehor\/trio-2m\/\" \/>\n<meta property=\"og:locale\" content=\"de_DE\" \/>\n<meta property=\"og:type\" content=\"article\" \/>\n<meta property=\"og:title\" content=\"Ventilatorsteuerung TRIO-2M, Temperatur-Ventilatorsteuerungssystem - by primaklima \u2013 filtration, ventilation, metal forming\" \/>\n<meta property=\"og:description\" content=\"Die urspr\u00fcngliche Ventilatorsteuerung wurde 1989 von primaklima entwickelt und hergestellt. Seitdem wurde es von vielen Herstellern kopiert, allerdings nie mit der gleichen Qualit\u00e4t.\" \/>\n<meta property=\"og:url\" content=\"https:\/\/primaklima.com\/de\/shop\/ventilatoren-de\/ventilatoren-zubehor\/trio-2m\/\" \/>\n<meta property=\"og:site_name\" content=\"primaklima \u2013 filtration, ventilation, metal forming\" \/>\n<meta property=\"article:modified_time\" content=\"2022-06-03T05:45:47+00:00\" \/>\n<meta property=\"og:image\" content=\"https:\/\/primaklima.com\/wp-content\/uploads\/2020\/03\/TRIO-2M.jpg\" \/>\n\t<meta property=\"og:image:width\" content=\"1500\" \/>\n\t<meta property=\"og:image:height\" content=\"1500\" \/>\n\t<meta property=\"og:image:type\" content=\"image\/jpeg\" \/>\n<meta name=\"twitter:card\" content=\"summary_large_image\" \/>\n<meta name=\"twitter:label1\" content=\"Gesch\u00e4tzte Lesezeit\" \/>\n\t<meta name=\"twitter:data1\" content=\"1\u00a0Minute\" \/>\n<script type=\"application\/ld+json\" class=\"yoast-schema-graph\">{\"@context\":\"https:\/\/schema.org\",\"@graph\":[{\"@type\":\"WebPage\",\"@id\":\"https:\/\/primaklima.com\/de\/shop\/ventilatoren-de\/ventilatoren-zubehor\/trio-2m\/\",\"url\":\"https:\/\/primaklima.com\/de\/shop\/ventilatoren-de\/ventilatoren-zubehor\/trio-2m\/\",\"name\":\"Ventilatorsteuerung TRIO-2M, Temperatur-Ventilatorsteuerungssystem - by primaklima \u2013 filtration, ventilation, metal forming\",\"isPartOf\":{\"@id\":\"https:\/\/primaklima.com\/de\/#website\"},\"primaryImageOfPage\":{\"@id\":\"https:\/\/primaklima.com\/de\/shop\/ventilatoren-de\/ventilatoren-zubehor\/trio-2m\/#primaryimage\"},\"image\":{\"@id\":\"https:\/\/primaklima.com\/de\/shop\/ventilatoren-de\/ventilatoren-zubehor\/trio-2m\/#primaryimage\"},\"thumbnailUrl\":\"https:\/\/primaklima.com\/wp-content\/uploads\/2020\/03\/TRIO-2M.jpg\",\"datePublished\":\"2020-02-06T15:43:57+00:00\",\"dateModified\":\"2022-06-03T05:45:47+00:00\",\"description\":\"Die urspr\u00fcngliche Ventilatorsteuerung wurde 1989 von primaklima entwickelt und hergestellt. Seitdem wurde es von vielen Herstellern kopiert, allerdings nie mit der gleichen Qualit\u00e4t.\",\"breadcrumb\":{\"@id\":\"https:\/\/primaklima.com\/de\/shop\/ventilatoren-de\/ventilatoren-zubehor\/trio-2m\/#breadcrumb\"},\"inLanguage\":\"de\",\"potentialAction\":[{\"@type\":\"ReadAction\",\"target\":[\"https:\/\/primaklima.com\/de\/shop\/ventilatoren-de\/ventilatoren-zubehor\/trio-2m\/\"]}]},{\"@type\":\"ImageObject\",\"inLanguage\":\"de\",\"@id\":\"https:\/\/primaklima.com\/de\/shop\/ventilatoren-de\/ventilatoren-zubehor\/trio-2m\/#primaryimage\",\"url\":\"https:\/\/primaklima.com\/wp-content\/uploads\/2020\/03\/TRIO-2M.jpg\",\"contentUrl\":\"https:\/\/primaklima.com\/wp-content\/uploads\/2020\/03\/TRIO-2M.jpg\",\"width\":1500,\"height\":1500,\"caption\":\"TRIO-2M\"},{\"@type\":\"BreadcrumbList\",\"@id\":\"https:\/\/primaklima.com\/de\/shop\/ventilatoren-de\/ventilatoren-zubehor\/trio-2m\/#breadcrumb\",\"itemListElement\":[{\"@type\":\"ListItem\",\"position\":1,\"name\":\"Home\",\"item\":\"https:\/\/primaklima.com\/de\/\"},{\"@type\":\"ListItem\",\"position\":2,\"name\":\"Products\",\"item\":\"https:\/\/primaklima.com\/de\/products\/\"},{\"@type\":\"ListItem\",\"position\":3,\"name\":\"TRIO-2M, Temperatur-Ventilatorsteuerungssystem\"}]},{\"@type\":\"WebSite\",\"@id\":\"https:\/\/primaklima.com\/de\/#website\",\"url\":\"https:\/\/primaklima.com\/de\/\",\"name\":\"primaklima \u2013 filtration, ventilation, metal forming\",\"description\":\"Since 1996\",\"potentialAction\":[{\"@type\":\"SearchAction\",\"target\":{\"@type\":\"EntryPoint\",\"urlTemplate\":\"https:\/\/primaklima.com\/de\/?s={search_term_string}\"},\"query-input\":{\"@type\":\"PropertyValueSpecification\",\"valueRequired\":true,\"valueName\":\"search_term_string\"}}],\"inLanguage\":\"de\"}]}<\/script>\n<!-- \/ Yoast SEO plugin. -->","yoast_head_json":{"title":"Ventilatorsteuerung TRIO-2M, Temperatur-Ventilatorsteuerungssystem - by primaklima \u2013 filtration, ventilation, metal forming","description":"Die urspr\u00fcngliche Ventilatorsteuerung wurde 1989 von primaklima entwickelt und hergestellt. Seitdem wurde es von vielen Herstellern kopiert, allerdings nie mit der gleichen Qualit\u00e4t.","robots":{"index":"index","follow":"follow","max-snippet":"max-snippet:-1","max-image-preview":"max-image-preview:large","max-video-preview":"max-video-preview:-1"},"canonical":"https:\/\/primaklima.com\/de\/shop\/ventilatoren-de\/ventilatoren-zubehor\/trio-2m\/","og_locale":"de_DE","og_type":"article","og_title":"Ventilatorsteuerung TRIO-2M, Temperatur-Ventilatorsteuerungssystem - by primaklima \u2013 filtration, ventilation, metal forming","og_description":"Die urspr\u00fcngliche Ventilatorsteuerung wurde 1989 von primaklima entwickelt und hergestellt. Seitdem wurde es von vielen Herstellern kopiert, allerdings nie mit der gleichen Qualit\u00e4t.","og_url":"https:\/\/primaklima.com\/de\/shop\/ventilatoren-de\/ventilatoren-zubehor\/trio-2m\/","og_site_name":"primaklima \u2013 filtration, ventilation, metal forming","article_modified_time":"2022-06-03T05:45:47+00:00","og_image":[{"width":1500,"height":1500,"url":"https:\/\/primaklima.com\/wp-content\/uploads\/2020\/03\/TRIO-2M.jpg","type":"image\/jpeg"}],"twitter_card":"summary_large_image","twitter_misc":{"Gesch\u00e4tzte Lesezeit":"1\u00a0Minute"},"schema":{"@context":"https:\/\/schema.org","@graph":[{"@type":"WebPage","@id":"https:\/\/primaklima.com\/de\/shop\/ventilatoren-de\/ventilatoren-zubehor\/trio-2m\/","url":"https:\/\/primaklima.com\/de\/shop\/ventilatoren-de\/ventilatoren-zubehor\/trio-2m\/","name":"Ventilatorsteuerung TRIO-2M, Temperatur-Ventilatorsteuerungssystem - by primaklima \u2013 filtration, ventilation, metal forming","isPartOf":{"@id":"https:\/\/primaklima.com\/de\/#website"},"primaryImageOfPage":{"@id":"https:\/\/primaklima.com\/de\/shop\/ventilatoren-de\/ventilatoren-zubehor\/trio-2m\/#primaryimage"},"image":{"@id":"https:\/\/primaklima.com\/de\/shop\/ventilatoren-de\/ventilatoren-zubehor\/trio-2m\/#primaryimage"},"thumbnailUrl":"https:\/\/primaklima.com\/wp-content\/uploads\/2020\/03\/TRIO-2M.jpg","datePublished":"2020-02-06T15:43:57+00:00","dateModified":"2022-06-03T05:45:47+00:00","description":"Die urspr\u00fcngliche Ventilatorsteuerung wurde 1989 von primaklima entwickelt und hergestellt. Seitdem wurde es von vielen Herstellern kopiert, allerdings nie mit der gleichen Qualit\u00e4t.","breadcrumb":{"@id":"https:\/\/primaklima.com\/de\/shop\/ventilatoren-de\/ventilatoren-zubehor\/trio-2m\/#breadcrumb"},"inLanguage":"de","potentialAction":[{"@type":"ReadAction","target":["https:\/\/primaklima.com\/de\/shop\/ventilatoren-de\/ventilatoren-zubehor\/trio-2m\/"]}]},{"@type":"ImageObject","inLanguage":"de","@id":"https:\/\/primaklima.com\/de\/shop\/ventilatoren-de\/ventilatoren-zubehor\/trio-2m\/#primaryimage","url":"https:\/\/primaklima.com\/wp-content\/uploads\/2020\/03\/TRIO-2M.jpg","contentUrl":"https:\/\/primaklima.com\/wp-content\/uploads\/2020\/03\/TRIO-2M.jpg","width":1500,"height":1500,"caption":"TRIO-2M"},{"@type":"BreadcrumbList","@id":"https:\/\/primaklima.com\/de\/shop\/ventilatoren-de\/ventilatoren-zubehor\/trio-2m\/#breadcrumb","itemListElement":[{"@type":"ListItem","position":1,"name":"Home","item":"https:\/\/primaklima.com\/de\/"},{"@type":"ListItem","position":2,"name":"Products","item":"https:\/\/primaklima.com\/de\/products\/"},{"@type":"ListItem","position":3,"name":"TRIO-2M, Temperatur-Ventilatorsteuerungssystem"}]},{"@type":"WebSite","@id":"https:\/\/primaklima.com\/de\/#website","url":"https:\/\/primaklima.com\/de\/","name":"primaklima \u2013 filtration, ventilation, metal forming","description":"Since 1996","potentialAction":[{"@type":"SearchAction","target":{"@type":"EntryPoint","urlTemplate":"https:\/\/primaklima.com\/de\/?s={search_term_string}"},"query-input":{"@type":"PropertyValueSpecification","valueRequired":true,"valueName":"search_term_string"}}],"inLanguage":"de"}]}},"_links":{"self":[{"href":"https:\/\/primaklima.com\/de\/wp-json\/wp\/v2\/product\/2475","targetHints":{"allow":["GET"]}}],"collection":[{"href":"https:\/\/primaklima.com\/de\/wp-json\/wp\/v2\/product"}],"about":[{"href":"https:\/\/primaklima.com\/de\/wp-json\/wp\/v2\/types\/product"}],"wp:featuredmedia":[{"embeddable":true,"href":"https:\/\/primaklima.com\/de\/wp-json\/wp\/v2\/media\/1312"}],"wp:attachment":[{"href":"https:\/\/primaklima.com\/de\/wp-json\/wp\/v2\/media?parent=2475"}],"wp:term":[{"taxonomy":"product_brand","embeddable":true,"href":"https:\/\/primaklima.com\/de\/wp-json\/wp\/v2\/product_brand?post=2475"},{"taxonomy":"product_cat","embeddable":true,"href":"https:\/\/primaklima.com\/de\/wp-json\/wp\/v2\/product_cat?post=2475"},{"taxonomy":"product_tag","embeddable":true,"href":"https:\/\/primaklima.com\/de\/wp-json\/wp\/v2\/product_tag?post=2475"}],"curies":[{"name":"wp","href":"https:\/\/api.w.org\/{rel}","templated":true}]}}