{"id":2586,"date":"2020-02-06T14:47:03","date_gmt":"2020-02-06T14:47:03","guid":{"rendered":"https:\/\/preview.primaklima.com\/shop\/unkategorisiert\/puk360-3mm\/"},"modified":"2020-02-06T14:47:03","modified_gmt":"2020-02-06T14:47:03","slug":"puk360-3mm","status":"publish","type":"product","link":"https:\/\/primaklima.com\/de\/shop\/luftfilter\/pitpuk-de\/puk360-3mm\/","title":{"rendered":"PUK360-3mm"},"content":{"rendered":"<p><img loading=\"lazy\" decoding=\"async\" class=\"alignnone wp-image-1852\" style=\"font-size: 14.4px;\" src=\"https:\/\/primaklima.com\/wp-content\/uploads\/2020\/10\/pitpuk_logo_2.png\" alt=\"PITPUK logo\" width=\"184\" height=\"142\" \/><\/p>\n<p>PUK ist eine Aktivkohlefilterpatrone f\u00fcr das modulare Filtersystem PITPUK.<\/p>\n<ul>\n<li>Effiziente Adsorption von Geruchspartikeln dank granulierter hocheffizienter Virgin Aktivkohle CTC80 3 mm.<\/li>\n<li>Aktivkohle-Patronen sind leicht austauschbar und k\u00f6nnen bei Bedarf gestapelt werden<\/li>\n<li>Die Lebensdauer kann je nach Luftstrom, Feuchtigkeit und organischer Zusammensetzungen bis zu zwei Jahren betragen<\/li>\n<\/ul>\n<p>Geeignet f\u00fcr alle Flanschgr\u00f6\u00dfen von PIT.<\/p>\n<p>&nbsp;<\/p>\n","protected":false},"excerpt":{"rendered":"<p>Aktivkohle-Filterpatrone f\u00fcr das modulare Filtersystem PITPUK.<\/p>\n<p>H\u00f6he: 30 mm<br \/>\nDurchmesser: 360 mm<br \/>\nMaximaler Luftstrom: 240 m\u00b3\/h<br \/>\nOptimaler Luftstrom: 160 m\u00b3\/h<br \/>\nGewicht: 1,48 kg<br \/>\nAktivkohle: 1 kg<\/p>\n<p>&nbsp;<\/p>\n","protected":false},"featured_media":1130,"template":"","meta":[],"product_brand":[],"product_cat":[587,692],"product_tag":[593,803,743,742,791,805,801,804,802],"class_list":{"0":"post-2586","1":"product","2":"type-product","3":"status-publish","4":"has-post-thumbnail","6":"product_cat-luftfilter","7":"product_cat-pitpuk-de","8":"product_tag-filter-de","9":"product_tag-filter-cartridge-de","10":"product_tag-filtration-system-de","11":"product_tag-filtration-de","12":"product_tag-pitpuk-de","13":"product_tag-pitpuk-filter-de","14":"product_tag-puk-de","15":"product_tag-puk-cartridge-de","16":"product_tag-puk-filter-de","17":"pa_pitpuk-puk-de","19":"first","20":"instock","21":"taxable","22":"shipping-taxable","23":"product-type-simple"},"yoast_head":"<!-- This site is optimized with the Yoast SEO plugin v27.2 - https:\/\/yoast.com\/product\/yoast-seo-wordpress\/ -->\n<title>carbon filter cartridge PUK360-3mm - by primaklima \u2013 filtration, ventilation, metal forming<\/title>\n<meta name=\"description\" content=\"Activated carbon filter cartridge for the PITPUK filter system. Efficient adsorption of odour particles with virgin carbon CTC80.\" \/>\n<meta name=\"robots\" content=\"index, follow, max-snippet:-1, max-image-preview:large, max-video-preview:-1\" \/>\n<link rel=\"canonical\" href=\"https:\/\/primaklima.com\/de\/shop\/luftfilter\/pitpuk-de\/puk360-3mm\/\" \/>\n<meta property=\"og:locale\" content=\"de_DE\" \/>\n<meta property=\"og:type\" content=\"article\" \/>\n<meta property=\"og:title\" content=\"carbon filter cartridge PUK360-3mm - by primaklima \u2013 filtration, ventilation, metal forming\" \/>\n<meta property=\"og:description\" content=\"Activated carbon filter cartridge for the PITPUK filter system. Efficient adsorption of odour particles with virgin carbon CTC80.\" \/>\n<meta property=\"og:url\" content=\"https:\/\/primaklima.com\/de\/shop\/luftfilter\/pitpuk-de\/puk360-3mm\/\" \/>\n<meta property=\"og:site_name\" content=\"primaklima \u2013 filtration, ventilation, metal forming\" \/>\n<meta property=\"og:image\" content=\"https:\/\/primaklima.com\/wp-content\/uploads\/2020\/03\/PUK360-3mm.jpg\" \/>\n\t<meta property=\"og:image:width\" content=\"1500\" \/>\n\t<meta property=\"og:image:height\" content=\"1500\" \/>\n\t<meta property=\"og:image:type\" content=\"image\/jpeg\" \/>\n<meta name=\"twitter:card\" content=\"summary_large_image\" \/>\n<script type=\"application\/ld+json\" class=\"yoast-schema-graph\">{\"@context\":\"https:\/\/schema.org\",\"@graph\":[{\"@type\":\"WebPage\",\"@id\":\"https:\/\/primaklima.com\/de\/shop\/luftfilter\/pitpuk-de\/puk360-3mm\/\",\"url\":\"https:\/\/primaklima.com\/de\/shop\/luftfilter\/pitpuk-de\/puk360-3mm\/\",\"name\":\"carbon filter cartridge PUK360-3mm - by primaklima \u2013 filtration, ventilation, metal forming\",\"isPartOf\":{\"@id\":\"https:\/\/primaklima.com\/de\/#website\"},\"primaryImageOfPage\":{\"@id\":\"https:\/\/primaklima.com\/de\/shop\/luftfilter\/pitpuk-de\/puk360-3mm\/#primaryimage\"},\"image\":{\"@id\":\"https:\/\/primaklima.com\/de\/shop\/luftfilter\/pitpuk-de\/puk360-3mm\/#primaryimage\"},\"thumbnailUrl\":\"https:\/\/primaklima.com\/wp-content\/uploads\/2020\/03\/PUK360-3mm.jpg\",\"datePublished\":\"2020-02-06T14:47:03+00:00\",\"description\":\"Activated carbon filter cartridge for the PITPUK filter system. Efficient adsorption of odour particles with virgin carbon CTC80.\",\"breadcrumb\":{\"@id\":\"https:\/\/primaklima.com\/de\/shop\/luftfilter\/pitpuk-de\/puk360-3mm\/#breadcrumb\"},\"inLanguage\":\"de\",\"potentialAction\":[{\"@type\":\"ReadAction\",\"target\":[\"https:\/\/primaklima.com\/de\/shop\/luftfilter\/pitpuk-de\/puk360-3mm\/\"]}]},{\"@type\":\"ImageObject\",\"inLanguage\":\"de\",\"@id\":\"https:\/\/primaklima.com\/de\/shop\/luftfilter\/pitpuk-de\/puk360-3mm\/#primaryimage\",\"url\":\"https:\/\/primaklima.com\/wp-content\/uploads\/2020\/03\/PUK360-3mm.jpg\",\"contentUrl\":\"https:\/\/primaklima.com\/wp-content\/uploads\/2020\/03\/PUK360-3mm.jpg\",\"width\":1500,\"height\":1500,\"caption\":\"PUK360-3mm\"},{\"@type\":\"BreadcrumbList\",\"@id\":\"https:\/\/primaklima.com\/de\/shop\/luftfilter\/pitpuk-de\/puk360-3mm\/#breadcrumb\",\"itemListElement\":[{\"@type\":\"ListItem\",\"position\":1,\"name\":\"Home\",\"item\":\"https:\/\/primaklima.com\/de\/\"},{\"@type\":\"ListItem\",\"position\":2,\"name\":\"Products\",\"item\":\"https:\/\/primaklima.com\/de\/products\/\"},{\"@type\":\"ListItem\",\"position\":3,\"name\":\"PUK360-3mm\"}]},{\"@type\":\"WebSite\",\"@id\":\"https:\/\/primaklima.com\/de\/#website\",\"url\":\"https:\/\/primaklima.com\/de\/\",\"name\":\"primaklima \u2013 filtration, ventilation, metal forming\",\"description\":\"Since 1996\",\"potentialAction\":[{\"@type\":\"SearchAction\",\"target\":{\"@type\":\"EntryPoint\",\"urlTemplate\":\"https:\/\/primaklima.com\/de\/?s={search_term_string}\"},\"query-input\":{\"@type\":\"PropertyValueSpecification\",\"valueRequired\":true,\"valueName\":\"search_term_string\"}}],\"inLanguage\":\"de\"}]}<\/script>\n<!-- \/ Yoast SEO plugin. -->","yoast_head_json":{"title":"carbon filter cartridge PUK360-3mm - by primaklima \u2013 filtration, ventilation, metal forming","description":"Activated carbon filter cartridge for the PITPUK filter system. Efficient adsorption of odour particles with virgin carbon CTC80.","robots":{"index":"index","follow":"follow","max-snippet":"max-snippet:-1","max-image-preview":"max-image-preview:large","max-video-preview":"max-video-preview:-1"},"canonical":"https:\/\/primaklima.com\/de\/shop\/luftfilter\/pitpuk-de\/puk360-3mm\/","og_locale":"de_DE","og_type":"article","og_title":"carbon filter cartridge PUK360-3mm - by primaklima \u2013 filtration, ventilation, metal forming","og_description":"Activated carbon filter cartridge for the PITPUK filter system. Efficient adsorption of odour particles with virgin carbon CTC80.","og_url":"https:\/\/primaklima.com\/de\/shop\/luftfilter\/pitpuk-de\/puk360-3mm\/","og_site_name":"primaklima \u2013 filtration, ventilation, metal forming","og_image":[{"width":1500,"height":1500,"url":"https:\/\/primaklima.com\/wp-content\/uploads\/2020\/03\/PUK360-3mm.jpg","type":"image\/jpeg"}],"twitter_card":"summary_large_image","schema":{"@context":"https:\/\/schema.org","@graph":[{"@type":"WebPage","@id":"https:\/\/primaklima.com\/de\/shop\/luftfilter\/pitpuk-de\/puk360-3mm\/","url":"https:\/\/primaklima.com\/de\/shop\/luftfilter\/pitpuk-de\/puk360-3mm\/","name":"carbon filter cartridge PUK360-3mm - by primaklima \u2013 filtration, ventilation, metal forming","isPartOf":{"@id":"https:\/\/primaklima.com\/de\/#website"},"primaryImageOfPage":{"@id":"https:\/\/primaklima.com\/de\/shop\/luftfilter\/pitpuk-de\/puk360-3mm\/#primaryimage"},"image":{"@id":"https:\/\/primaklima.com\/de\/shop\/luftfilter\/pitpuk-de\/puk360-3mm\/#primaryimage"},"thumbnailUrl":"https:\/\/primaklima.com\/wp-content\/uploads\/2020\/03\/PUK360-3mm.jpg","datePublished":"2020-02-06T14:47:03+00:00","description":"Activated carbon filter cartridge for the PITPUK filter system. Efficient adsorption of odour particles with virgin carbon CTC80.","breadcrumb":{"@id":"https:\/\/primaklima.com\/de\/shop\/luftfilter\/pitpuk-de\/puk360-3mm\/#breadcrumb"},"inLanguage":"de","potentialAction":[{"@type":"ReadAction","target":["https:\/\/primaklima.com\/de\/shop\/luftfilter\/pitpuk-de\/puk360-3mm\/"]}]},{"@type":"ImageObject","inLanguage":"de","@id":"https:\/\/primaklima.com\/de\/shop\/luftfilter\/pitpuk-de\/puk360-3mm\/#primaryimage","url":"https:\/\/primaklima.com\/wp-content\/uploads\/2020\/03\/PUK360-3mm.jpg","contentUrl":"https:\/\/primaklima.com\/wp-content\/uploads\/2020\/03\/PUK360-3mm.jpg","width":1500,"height":1500,"caption":"PUK360-3mm"},{"@type":"BreadcrumbList","@id":"https:\/\/primaklima.com\/de\/shop\/luftfilter\/pitpuk-de\/puk360-3mm\/#breadcrumb","itemListElement":[{"@type":"ListItem","position":1,"name":"Home","item":"https:\/\/primaklima.com\/de\/"},{"@type":"ListItem","position":2,"name":"Products","item":"https:\/\/primaklima.com\/de\/products\/"},{"@type":"ListItem","position":3,"name":"PUK360-3mm"}]},{"@type":"WebSite","@id":"https:\/\/primaklima.com\/de\/#website","url":"https:\/\/primaklima.com\/de\/","name":"primaklima \u2013 filtration, ventilation, metal forming","description":"Since 1996","potentialAction":[{"@type":"SearchAction","target":{"@type":"EntryPoint","urlTemplate":"https:\/\/primaklima.com\/de\/?s={search_term_string}"},"query-input":{"@type":"PropertyValueSpecification","valueRequired":true,"valueName":"search_term_string"}}],"inLanguage":"de"}]}},"_links":{"self":[{"href":"https:\/\/primaklima.com\/de\/wp-json\/wp\/v2\/product\/2586","targetHints":{"allow":["GET"]}}],"collection":[{"href":"https:\/\/primaklima.com\/de\/wp-json\/wp\/v2\/product"}],"about":[{"href":"https:\/\/primaklima.com\/de\/wp-json\/wp\/v2\/types\/product"}],"wp:featuredmedia":[{"embeddable":true,"href":"https:\/\/primaklima.com\/de\/wp-json\/wp\/v2\/media\/1130"}],"wp:attachment":[{"href":"https:\/\/primaklima.com\/de\/wp-json\/wp\/v2\/media?parent=2586"}],"wp:term":[{"taxonomy":"product_brand","embeddable":true,"href":"https:\/\/primaklima.com\/de\/wp-json\/wp\/v2\/product_brand?post=2586"},{"taxonomy":"product_cat","embeddable":true,"href":"https:\/\/primaklima.com\/de\/wp-json\/wp\/v2\/product_cat?post=2586"},{"taxonomy":"product_tag","embeddable":true,"href":"https:\/\/primaklima.com\/de\/wp-json\/wp\/v2\/product_tag?post=2586"}],"curies":[{"name":"wp","href":"https:\/\/api.w.org\/{rel}","templated":true}]}}