{"id":2593,"date":"2020-02-06T14:30:35","date_gmt":"2020-02-06T14:30:35","guid":{"rendered":"https:\/\/preview.primaklima.com\/shop\/unkategorisiert\/k1616\/"},"modified":"2022-02-10T07:29:23","modified_gmt":"2022-02-10T09:29:23","slug":"k1616","status":"publish","type":"product","link":"https:\/\/primaklima.com\/de\/shop\/luftfilter\/industry-line-de\/k1616\/","title":{"rendered":"K1616"},"content":{"rendered":"<p>Die Premium-Aktivkohlefilter aus der Industry Line der primaklima zeichnen sich durch eine bemerkenswert hohe Lebensdauer und eine unvergleichbare Geruchsadsorption.<br \/>\nDie Filter sind nachf\u00fcllbar und haben ein 4 cm tiefes Bett aus erstklassiger, hocheffizienter Virgin Aktivkohle mit einer aktiven Oberfl\u00e4che von &gt; 1200 m\u00b2\/g.<br \/>\nDies stellt eine au\u00dfergew\u00f6hnlich lange Kontaktzeit zwischen der Luft und der Kohle sicher, was f\u00fcr die Geruchsentfernung sehr effektiv ist. Hochwertige Metalldr\u00fcckteile bieten maximale Stabilit\u00e4t und Haltbarkeit. Der extra lange Flansch bietet eine sichere Verbindung.<\/p>\n<h4><strong>Eigenschaften:<\/strong><\/h4>\n<ul>\n<li>Lange Haltbarkeit<\/li>\n<li>Effektive Adsorption der Partikel und Geruchsentfernung<\/li>\n<li>4 cm tiefes Bett aus hochaktivierter Kohle<\/li>\n<li>Optimale Kontaktzeit<\/li>\n<li>Nachf\u00fcllbar<\/li>\n<li>Hochwertige Metallteile<\/li>\n<li>Mit Vorfilter gegen Staub<\/li>\n<\/ul>\n","protected":false},"excerpt":{"rendered":"<p>Flansch: 400 mm<br \/>\nL\u00e4nge: 1000 mm ohne Flansch<br \/>\nDurchmesser: 600 mm<br \/>\nMaximaler Luftstrom: 4500 m\u00b3\/h<br \/>\nOptimaler Luftstrom: 3500 m\u00b3\/h<br \/>\nInkl. Vorfilter: K1716<br \/>\nGewicht: 40,5 kg<br \/>\nAktivkohle: 25,9 kg<\/p>\n","protected":false},"featured_media":1536,"template":"","meta":[],"product_brand":[],"product_cat":[587,689],"product_tag":[814,815,592,593,743,742,816,817,590],"class_list":{"0":"post-2593","1":"product","2":"type-product","3":"status-publish","4":"has-post-thumbnail","6":"product_cat-luftfilter","7":"product_cat-industry-line-de","8":"product_tag-400mm-de","9":"product_tag-400mm-flange-de","10":"product_tag-activated-carbon-filter-de","11":"product_tag-filter-de","12":"product_tag-filtration-system-de","13":"product_tag-filtration-de","14":"product_tag-industry-line-de","15":"product_tag-industry-filter-de","16":"product_tag-carbon-filter-de","17":"pa_size-airflow-400mm_15-5600m-h-de","19":"first","20":"instock","21":"taxable","22":"shipping-taxable","23":"product-type-simple"},"yoast_head":"<!-- This site is optimized with the Yoast SEO plugin v27.2 - https:\/\/yoast.com\/product\/yoast-seo-wordpress\/ -->\n<title>Industriekohlefilter K1616 - by primaklima \u2013 filtration, ventilation, metal forming<\/title>\n<meta name=\"description\" content=\"Hochwertige Aktivkohlefilter mit hochaktivierter Frischkohle aus hochwertigen Metallteilen f\u00fcr maximale Stabilit\u00e4t und Haltbarkeit.\" \/>\n<meta name=\"robots\" content=\"index, follow, max-snippet:-1, max-image-preview:large, max-video-preview:-1\" \/>\n<link rel=\"canonical\" href=\"https:\/\/primaklima.com\/de\/shop\/luftfilter\/industry-line-de\/k1616\/\" \/>\n<meta property=\"og:locale\" content=\"de_DE\" \/>\n<meta property=\"og:type\" content=\"article\" \/>\n<meta property=\"og:title\" content=\"Industriekohlefilter K1616 - by primaklima \u2013 filtration, ventilation, metal forming\" \/>\n<meta property=\"og:description\" content=\"Hochwertige Aktivkohlefilter mit hochaktivierter Frischkohle aus hochwertigen Metallteilen f\u00fcr maximale Stabilit\u00e4t und Haltbarkeit.\" \/>\n<meta property=\"og:url\" content=\"https:\/\/primaklima.com\/de\/shop\/luftfilter\/industry-line-de\/k1616\/\" \/>\n<meta property=\"og:site_name\" content=\"primaklima \u2013 filtration, ventilation, metal forming\" \/>\n<meta property=\"article:modified_time\" content=\"2022-02-10T09:29:23+00:00\" \/>\n<meta property=\"og:image\" content=\"https:\/\/primaklima.com\/wp-content\/uploads\/2020\/02\/K1616-2.jpg\" \/>\n\t<meta property=\"og:image:width\" content=\"1500\" \/>\n\t<meta property=\"og:image:height\" content=\"1500\" \/>\n\t<meta property=\"og:image:type\" content=\"image\/jpeg\" \/>\n<meta name=\"twitter:card\" content=\"summary_large_image\" \/>\n<meta name=\"twitter:label1\" content=\"Gesch\u00e4tzte Lesezeit\" \/>\n\t<meta name=\"twitter:data1\" content=\"1\u00a0Minute\" \/>\n<script type=\"application\/ld+json\" class=\"yoast-schema-graph\">{\"@context\":\"https:\/\/schema.org\",\"@graph\":[{\"@type\":\"WebPage\",\"@id\":\"https:\/\/primaklima.com\/de\/shop\/luftfilter\/industry-line-de\/k1616\/\",\"url\":\"https:\/\/primaklima.com\/de\/shop\/luftfilter\/industry-line-de\/k1616\/\",\"name\":\"Industriekohlefilter K1616 - by primaklima \u2013 filtration, ventilation, metal forming\",\"isPartOf\":{\"@id\":\"https:\/\/primaklima.com\/de\/#website\"},\"primaryImageOfPage\":{\"@id\":\"https:\/\/primaklima.com\/de\/shop\/luftfilter\/industry-line-de\/k1616\/#primaryimage\"},\"image\":{\"@id\":\"https:\/\/primaklima.com\/de\/shop\/luftfilter\/industry-line-de\/k1616\/#primaryimage\"},\"thumbnailUrl\":\"https:\/\/primaklima.com\/wp-content\/uploads\/2020\/02\/K1616-2.jpg\",\"datePublished\":\"2020-02-06T14:30:35+00:00\",\"dateModified\":\"2022-02-10T09:29:23+00:00\",\"description\":\"Hochwertige Aktivkohlefilter mit hochaktivierter Frischkohle aus hochwertigen Metallteilen f\u00fcr maximale Stabilit\u00e4t und Haltbarkeit.\",\"breadcrumb\":{\"@id\":\"https:\/\/primaklima.com\/de\/shop\/luftfilter\/industry-line-de\/k1616\/#breadcrumb\"},\"inLanguage\":\"de\",\"potentialAction\":[{\"@type\":\"ReadAction\",\"target\":[\"https:\/\/primaklima.com\/de\/shop\/luftfilter\/industry-line-de\/k1616\/\"]}]},{\"@type\":\"ImageObject\",\"inLanguage\":\"de\",\"@id\":\"https:\/\/primaklima.com\/de\/shop\/luftfilter\/industry-line-de\/k1616\/#primaryimage\",\"url\":\"https:\/\/primaklima.com\/wp-content\/uploads\/2020\/02\/K1616-2.jpg\",\"contentUrl\":\"https:\/\/primaklima.com\/wp-content\/uploads\/2020\/02\/K1616-2.jpg\",\"width\":1500,\"height\":1500},{\"@type\":\"BreadcrumbList\",\"@id\":\"https:\/\/primaklima.com\/de\/shop\/luftfilter\/industry-line-de\/k1616\/#breadcrumb\",\"itemListElement\":[{\"@type\":\"ListItem\",\"position\":1,\"name\":\"Home\",\"item\":\"https:\/\/primaklima.com\/de\/\"},{\"@type\":\"ListItem\",\"position\":2,\"name\":\"Products\",\"item\":\"https:\/\/primaklima.com\/de\/products\/\"},{\"@type\":\"ListItem\",\"position\":3,\"name\":\"K1616\"}]},{\"@type\":\"WebSite\",\"@id\":\"https:\/\/primaklima.com\/de\/#website\",\"url\":\"https:\/\/primaklima.com\/de\/\",\"name\":\"primaklima \u2013 filtration, ventilation, metal forming\",\"description\":\"Since 1996\",\"potentialAction\":[{\"@type\":\"SearchAction\",\"target\":{\"@type\":\"EntryPoint\",\"urlTemplate\":\"https:\/\/primaklima.com\/de\/?s={search_term_string}\"},\"query-input\":{\"@type\":\"PropertyValueSpecification\",\"valueRequired\":true,\"valueName\":\"search_term_string\"}}],\"inLanguage\":\"de\"}]}<\/script>\n<!-- \/ Yoast SEO plugin. -->","yoast_head_json":{"title":"Industriekohlefilter K1616 - by primaklima \u2013 filtration, ventilation, metal forming","description":"Hochwertige Aktivkohlefilter mit hochaktivierter Frischkohle aus hochwertigen Metallteilen f\u00fcr maximale Stabilit\u00e4t und Haltbarkeit.","robots":{"index":"index","follow":"follow","max-snippet":"max-snippet:-1","max-image-preview":"max-image-preview:large","max-video-preview":"max-video-preview:-1"},"canonical":"https:\/\/primaklima.com\/de\/shop\/luftfilter\/industry-line-de\/k1616\/","og_locale":"de_DE","og_type":"article","og_title":"Industriekohlefilter K1616 - by primaklima \u2013 filtration, ventilation, metal forming","og_description":"Hochwertige Aktivkohlefilter mit hochaktivierter Frischkohle aus hochwertigen Metallteilen f\u00fcr maximale Stabilit\u00e4t und Haltbarkeit.","og_url":"https:\/\/primaklima.com\/de\/shop\/luftfilter\/industry-line-de\/k1616\/","og_site_name":"primaklima \u2013 filtration, ventilation, metal forming","article_modified_time":"2022-02-10T09:29:23+00:00","og_image":[{"width":1500,"height":1500,"url":"https:\/\/primaklima.com\/wp-content\/uploads\/2020\/02\/K1616-2.jpg","type":"image\/jpeg"}],"twitter_card":"summary_large_image","twitter_misc":{"Gesch\u00e4tzte Lesezeit":"1\u00a0Minute"},"schema":{"@context":"https:\/\/schema.org","@graph":[{"@type":"WebPage","@id":"https:\/\/primaklima.com\/de\/shop\/luftfilter\/industry-line-de\/k1616\/","url":"https:\/\/primaklima.com\/de\/shop\/luftfilter\/industry-line-de\/k1616\/","name":"Industriekohlefilter K1616 - by primaklima \u2013 filtration, ventilation, metal forming","isPartOf":{"@id":"https:\/\/primaklima.com\/de\/#website"},"primaryImageOfPage":{"@id":"https:\/\/primaklima.com\/de\/shop\/luftfilter\/industry-line-de\/k1616\/#primaryimage"},"image":{"@id":"https:\/\/primaklima.com\/de\/shop\/luftfilter\/industry-line-de\/k1616\/#primaryimage"},"thumbnailUrl":"https:\/\/primaklima.com\/wp-content\/uploads\/2020\/02\/K1616-2.jpg","datePublished":"2020-02-06T14:30:35+00:00","dateModified":"2022-02-10T09:29:23+00:00","description":"Hochwertige Aktivkohlefilter mit hochaktivierter Frischkohle aus hochwertigen Metallteilen f\u00fcr maximale Stabilit\u00e4t und Haltbarkeit.","breadcrumb":{"@id":"https:\/\/primaklima.com\/de\/shop\/luftfilter\/industry-line-de\/k1616\/#breadcrumb"},"inLanguage":"de","potentialAction":[{"@type":"ReadAction","target":["https:\/\/primaklima.com\/de\/shop\/luftfilter\/industry-line-de\/k1616\/"]}]},{"@type":"ImageObject","inLanguage":"de","@id":"https:\/\/primaklima.com\/de\/shop\/luftfilter\/industry-line-de\/k1616\/#primaryimage","url":"https:\/\/primaklima.com\/wp-content\/uploads\/2020\/02\/K1616-2.jpg","contentUrl":"https:\/\/primaklima.com\/wp-content\/uploads\/2020\/02\/K1616-2.jpg","width":1500,"height":1500},{"@type":"BreadcrumbList","@id":"https:\/\/primaklima.com\/de\/shop\/luftfilter\/industry-line-de\/k1616\/#breadcrumb","itemListElement":[{"@type":"ListItem","position":1,"name":"Home","item":"https:\/\/primaklima.com\/de\/"},{"@type":"ListItem","position":2,"name":"Products","item":"https:\/\/primaklima.com\/de\/products\/"},{"@type":"ListItem","position":3,"name":"K1616"}]},{"@type":"WebSite","@id":"https:\/\/primaklima.com\/de\/#website","url":"https:\/\/primaklima.com\/de\/","name":"primaklima \u2013 filtration, ventilation, metal forming","description":"Since 1996","potentialAction":[{"@type":"SearchAction","target":{"@type":"EntryPoint","urlTemplate":"https:\/\/primaklima.com\/de\/?s={search_term_string}"},"query-input":{"@type":"PropertyValueSpecification","valueRequired":true,"valueName":"search_term_string"}}],"inLanguage":"de"}]}},"_links":{"self":[{"href":"https:\/\/primaklima.com\/de\/wp-json\/wp\/v2\/product\/2593","targetHints":{"allow":["GET"]}}],"collection":[{"href":"https:\/\/primaklima.com\/de\/wp-json\/wp\/v2\/product"}],"about":[{"href":"https:\/\/primaklima.com\/de\/wp-json\/wp\/v2\/types\/product"}],"wp:featuredmedia":[{"embeddable":true,"href":"https:\/\/primaklima.com\/de\/wp-json\/wp\/v2\/media\/1536"}],"wp:attachment":[{"href":"https:\/\/primaklima.com\/de\/wp-json\/wp\/v2\/media?parent=2593"}],"wp:term":[{"taxonomy":"product_brand","embeddable":true,"href":"https:\/\/primaklima.com\/de\/wp-json\/wp\/v2\/product_brand?post=2593"},{"taxonomy":"product_cat","embeddable":true,"href":"https:\/\/primaklima.com\/de\/wp-json\/wp\/v2\/product_cat?post=2593"},{"taxonomy":"product_tag","embeddable":true,"href":"https:\/\/primaklima.com\/de\/wp-json\/wp\/v2\/product_tag?post=2593"}],"curies":[{"name":"wp","href":"https:\/\/api.w.org\/{rel}","templated":true}]}}