{"id":2635,"date":"2020-02-05T16:40:47","date_gmt":"2020-02-05T16:40:47","guid":{"rendered":"https:\/\/preview.primaklima.com\/shop\/unkategorisiert\/pk250-a1\/"},"modified":"2022-01-18T12:49:37","modified_gmt":"2022-01-18T14:49:37","slug":"pk250-a1","status":"publish","type":"product","link":"https:\/\/primaklima.com\/de\/shop\/ventilatoren-de\/ac-ventilatoren\/pk250-a1\/","title":{"rendered":"PK250-A1"},"content":{"rendered":"<p>Der primaklima PK250-A1 ist ein hocheffizienter Rohrventilator mit einem ebm-papst AC-Motor mit r\u00fcckw\u00e4rts gebogenen Bl\u00e4ttern, der optimal an das Geh\u00e4use angepasst wurde. Das gesamte Geh\u00e4use ist aus schlagfestem, nicht brennbarem Polyamid (Nylon) hergestellt. Wartungsfreie, langlebige Kugellager tragen zu einem besonders nahtlosen Lauf des Motors bei.<\/p>\n<h4><strong>Eigenschaften:<\/strong><\/h4>\n<ul>\n<li>ebm-papst AC-Motor<\/li>\n<li>Laufrad mit r\u00fcckw\u00e4rts gebogenen Bl\u00e4ttern<\/li>\n<li>Aerodynamisch optimierte Form<\/li>\n<li>Schlagfestes und best\u00e4ndiges Geh\u00e4use<\/li>\n<li>Der Anschluss und das Steuerungssystem sind in das Geh\u00e4use integriert<\/li>\n<\/ul>\n<p>Erh\u00e4ltlich in einer Version von 115 V und mit alternativen Anschlusskabeln.<\/p>\n","protected":false},"excerpt":{"rendered":"<p>Flansch: 250 mm<br \/>\nMaximaler Luftstrom: 1050 m\u00b3\/h<br \/>\nLeistung: 120 W<br \/>\nInput: 230 V, 50\/60 Hz, 0.52 A<br \/>\nTmax: 50\u00b0C<br \/>\nMa\u00dfe: 378 x 276 mm (B\/H)<br \/>\nGewicht: 4,8 kg<\/p>\n","protected":false},"featured_media":1546,"template":"","meta":[],"product_brand":[],"product_cat":[440,665],"product_tag":[443,444,841,842,448,450,445,449,451,447,446],"class_list":{"0":"post-2635","1":"product","2":"type-product","3":"status-publish","4":"has-post-thumbnail","6":"product_cat-ventilatoren-de","7":"product_cat-ac-ventilatoren","8":"product_tag-250mm-de","9":"product_tag-250mm-flansch","10":"product_tag-ac-de","11":"product_tag-ac-ventilator-de","12":"product_tag-air-filtration-de","13":"product_tag-intake-fan-de","14":"product_tag-fan-de","15":"product_tag-intake-ventilator-de","16":"product_tag-duct-fan-de","17":"product_tag-ventilation-system-de","18":"product_tag-ventilator-de","19":"pa_size-airflow-250mm_10-1450m-h-de","21":"first","22":"instock","23":"taxable","24":"shipping-taxable","25":"product-type-simple"},"yoast_head":"<!-- This site is optimized with the Yoast SEO plugin v27.2 - https:\/\/yoast.com\/product\/yoast-seo-wordpress\/ -->\n<title>Ventilator PK250-A1 bei primaklima<\/title>\n<meta name=\"description\" content=\"Highly efficient inline duct fan PK250-A1 with max. airflow 1050 m\u00b3\/h, 250 mm flange, with backward curved blades and aerodynamically optimized housing.\" \/>\n<meta name=\"robots\" content=\"index, follow, max-snippet:-1, max-image-preview:large, max-video-preview:-1\" \/>\n<link rel=\"canonical\" href=\"https:\/\/primaklima.com\/de\/shop\/ventilatoren-de\/ac-ventilatoren\/pk250-a1\/\" \/>\n<meta property=\"og:locale\" content=\"de_DE\" \/>\n<meta property=\"og:type\" content=\"article\" \/>\n<meta property=\"og:title\" content=\"Ventilator PK250-A1 bei primaklima\" \/>\n<meta property=\"og:description\" content=\"Highly efficient inline duct fan PK250-A1 with max. airflow 1050 m\u00b3\/h, 250 mm flange, with backward curved blades and aerodynamically optimized housing.\" \/>\n<meta property=\"og:url\" content=\"https:\/\/primaklima.com\/de\/shop\/ventilatoren-de\/ac-ventilatoren\/pk250-a1\/\" \/>\n<meta property=\"og:site_name\" content=\"primaklima \u2013 filtration, ventilation, metal forming\" \/>\n<meta property=\"article:modified_time\" content=\"2022-01-18T14:49:37+00:00\" \/>\n<meta property=\"og:image\" content=\"https:\/\/primaklima.com\/wp-content\/uploads\/2020\/02\/PK250-A1.jpg\" \/>\n\t<meta property=\"og:image:width\" content=\"1500\" \/>\n\t<meta property=\"og:image:height\" content=\"1500\" \/>\n\t<meta property=\"og:image:type\" content=\"image\/jpeg\" \/>\n<meta name=\"twitter:card\" content=\"summary_large_image\" \/>\n<meta name=\"twitter:label1\" content=\"Gesch\u00e4tzte Lesezeit\" \/>\n\t<meta name=\"twitter:data1\" content=\"1\u00a0Minute\" \/>\n<script type=\"application\/ld+json\" class=\"yoast-schema-graph\">{\"@context\":\"https:\/\/schema.org\",\"@graph\":[{\"@type\":\"WebPage\",\"@id\":\"https:\/\/primaklima.com\/de\/shop\/ventilatoren-de\/ac-ventilatoren\/pk250-a1\/\",\"url\":\"https:\/\/primaklima.com\/de\/shop\/ventilatoren-de\/ac-ventilatoren\/pk250-a1\/\",\"name\":\"Ventilator PK250-A1 bei primaklima\",\"isPartOf\":{\"@id\":\"https:\/\/primaklima.com\/de\/#website\"},\"primaryImageOfPage\":{\"@id\":\"https:\/\/primaklima.com\/de\/shop\/ventilatoren-de\/ac-ventilatoren\/pk250-a1\/#primaryimage\"},\"image\":{\"@id\":\"https:\/\/primaklima.com\/de\/shop\/ventilatoren-de\/ac-ventilatoren\/pk250-a1\/#primaryimage\"},\"thumbnailUrl\":\"https:\/\/primaklima.com\/wp-content\/uploads\/2020\/02\/PK250-A1.jpg\",\"datePublished\":\"2020-02-05T16:40:47+00:00\",\"dateModified\":\"2022-01-18T14:49:37+00:00\",\"description\":\"Highly efficient inline duct fan PK250-A1 with max. airflow 1050 m\u00b3\/h, 250 mm flange, with backward curved blades and aerodynamically optimized housing.\",\"breadcrumb\":{\"@id\":\"https:\/\/primaklima.com\/de\/shop\/ventilatoren-de\/ac-ventilatoren\/pk250-a1\/#breadcrumb\"},\"inLanguage\":\"de\",\"potentialAction\":[{\"@type\":\"ReadAction\",\"target\":[\"https:\/\/primaklima.com\/de\/shop\/ventilatoren-de\/ac-ventilatoren\/pk250-a1\/\"]}]},{\"@type\":\"ImageObject\",\"inLanguage\":\"de\",\"@id\":\"https:\/\/primaklima.com\/de\/shop\/ventilatoren-de\/ac-ventilatoren\/pk250-a1\/#primaryimage\",\"url\":\"https:\/\/primaklima.com\/wp-content\/uploads\/2020\/02\/PK250-A1.jpg\",\"contentUrl\":\"https:\/\/primaklima.com\/wp-content\/uploads\/2020\/02\/PK250-A1.jpg\",\"width\":1500,\"height\":1500,\"caption\":\"image of PK-250 A1 Ventilator\"},{\"@type\":\"BreadcrumbList\",\"@id\":\"https:\/\/primaklima.com\/de\/shop\/ventilatoren-de\/ac-ventilatoren\/pk250-a1\/#breadcrumb\",\"itemListElement\":[{\"@type\":\"ListItem\",\"position\":1,\"name\":\"Home\",\"item\":\"https:\/\/primaklima.com\/de\/\"},{\"@type\":\"ListItem\",\"position\":2,\"name\":\"Products\",\"item\":\"https:\/\/primaklima.com\/de\/products\/\"},{\"@type\":\"ListItem\",\"position\":3,\"name\":\"PK250-A1\"}]},{\"@type\":\"WebSite\",\"@id\":\"https:\/\/primaklima.com\/de\/#website\",\"url\":\"https:\/\/primaklima.com\/de\/\",\"name\":\"primaklima \u2013 filtration, ventilation, metal forming\",\"description\":\"Since 1996\",\"potentialAction\":[{\"@type\":\"SearchAction\",\"target\":{\"@type\":\"EntryPoint\",\"urlTemplate\":\"https:\/\/primaklima.com\/de\/?s={search_term_string}\"},\"query-input\":{\"@type\":\"PropertyValueSpecification\",\"valueRequired\":true,\"valueName\":\"search_term_string\"}}],\"inLanguage\":\"de\"}]}<\/script>\n<!-- \/ Yoast SEO plugin. -->","yoast_head_json":{"title":"Ventilator PK250-A1 bei primaklima","description":"Highly efficient inline duct fan PK250-A1 with max. airflow 1050 m\u00b3\/h, 250 mm flange, with backward curved blades and aerodynamically optimized housing.","robots":{"index":"index","follow":"follow","max-snippet":"max-snippet:-1","max-image-preview":"max-image-preview:large","max-video-preview":"max-video-preview:-1"},"canonical":"https:\/\/primaklima.com\/de\/shop\/ventilatoren-de\/ac-ventilatoren\/pk250-a1\/","og_locale":"de_DE","og_type":"article","og_title":"Ventilator PK250-A1 bei primaklima","og_description":"Highly efficient inline duct fan PK250-A1 with max. airflow 1050 m\u00b3\/h, 250 mm flange, with backward curved blades and aerodynamically optimized housing.","og_url":"https:\/\/primaklima.com\/de\/shop\/ventilatoren-de\/ac-ventilatoren\/pk250-a1\/","og_site_name":"primaklima \u2013 filtration, ventilation, metal forming","article_modified_time":"2022-01-18T14:49:37+00:00","og_image":[{"width":1500,"height":1500,"url":"https:\/\/primaklima.com\/wp-content\/uploads\/2020\/02\/PK250-A1.jpg","type":"image\/jpeg"}],"twitter_card":"summary_large_image","twitter_misc":{"Gesch\u00e4tzte Lesezeit":"1\u00a0Minute"},"schema":{"@context":"https:\/\/schema.org","@graph":[{"@type":"WebPage","@id":"https:\/\/primaklima.com\/de\/shop\/ventilatoren-de\/ac-ventilatoren\/pk250-a1\/","url":"https:\/\/primaklima.com\/de\/shop\/ventilatoren-de\/ac-ventilatoren\/pk250-a1\/","name":"Ventilator PK250-A1 bei primaklima","isPartOf":{"@id":"https:\/\/primaklima.com\/de\/#website"},"primaryImageOfPage":{"@id":"https:\/\/primaklima.com\/de\/shop\/ventilatoren-de\/ac-ventilatoren\/pk250-a1\/#primaryimage"},"image":{"@id":"https:\/\/primaklima.com\/de\/shop\/ventilatoren-de\/ac-ventilatoren\/pk250-a1\/#primaryimage"},"thumbnailUrl":"https:\/\/primaklima.com\/wp-content\/uploads\/2020\/02\/PK250-A1.jpg","datePublished":"2020-02-05T16:40:47+00:00","dateModified":"2022-01-18T14:49:37+00:00","description":"Highly efficient inline duct fan PK250-A1 with max. airflow 1050 m\u00b3\/h, 250 mm flange, with backward curved blades and aerodynamically optimized housing.","breadcrumb":{"@id":"https:\/\/primaklima.com\/de\/shop\/ventilatoren-de\/ac-ventilatoren\/pk250-a1\/#breadcrumb"},"inLanguage":"de","potentialAction":[{"@type":"ReadAction","target":["https:\/\/primaklima.com\/de\/shop\/ventilatoren-de\/ac-ventilatoren\/pk250-a1\/"]}]},{"@type":"ImageObject","inLanguage":"de","@id":"https:\/\/primaklima.com\/de\/shop\/ventilatoren-de\/ac-ventilatoren\/pk250-a1\/#primaryimage","url":"https:\/\/primaklima.com\/wp-content\/uploads\/2020\/02\/PK250-A1.jpg","contentUrl":"https:\/\/primaklima.com\/wp-content\/uploads\/2020\/02\/PK250-A1.jpg","width":1500,"height":1500,"caption":"image of PK-250 A1 Ventilator"},{"@type":"BreadcrumbList","@id":"https:\/\/primaklima.com\/de\/shop\/ventilatoren-de\/ac-ventilatoren\/pk250-a1\/#breadcrumb","itemListElement":[{"@type":"ListItem","position":1,"name":"Home","item":"https:\/\/primaklima.com\/de\/"},{"@type":"ListItem","position":2,"name":"Products","item":"https:\/\/primaklima.com\/de\/products\/"},{"@type":"ListItem","position":3,"name":"PK250-A1"}]},{"@type":"WebSite","@id":"https:\/\/primaklima.com\/de\/#website","url":"https:\/\/primaklima.com\/de\/","name":"primaklima \u2013 filtration, ventilation, metal forming","description":"Since 1996","potentialAction":[{"@type":"SearchAction","target":{"@type":"EntryPoint","urlTemplate":"https:\/\/primaklima.com\/de\/?s={search_term_string}"},"query-input":{"@type":"PropertyValueSpecification","valueRequired":true,"valueName":"search_term_string"}}],"inLanguage":"de"}]}},"_links":{"self":[{"href":"https:\/\/primaklima.com\/de\/wp-json\/wp\/v2\/product\/2635","targetHints":{"allow":["GET"]}}],"collection":[{"href":"https:\/\/primaklima.com\/de\/wp-json\/wp\/v2\/product"}],"about":[{"href":"https:\/\/primaklima.com\/de\/wp-json\/wp\/v2\/types\/product"}],"wp:featuredmedia":[{"embeddable":true,"href":"https:\/\/primaklima.com\/de\/wp-json\/wp\/v2\/media\/1546"}],"wp:attachment":[{"href":"https:\/\/primaklima.com\/de\/wp-json\/wp\/v2\/media?parent=2635"}],"wp:term":[{"taxonomy":"product_brand","embeddable":true,"href":"https:\/\/primaklima.com\/de\/wp-json\/wp\/v2\/product_brand?post=2635"},{"taxonomy":"product_cat","embeddable":true,"href":"https:\/\/primaklima.com\/de\/wp-json\/wp\/v2\/product_cat?post=2635"},{"taxonomy":"product_tag","embeddable":true,"href":"https:\/\/primaklima.com\/de\/wp-json\/wp\/v2\/product_tag?post=2635"}],"curies":[{"name":"wp","href":"https:\/\/api.w.org\/{rel}","templated":true}]}}