{"id":2655,"date":"2020-02-05T16:04:17","date_gmt":"2020-02-05T16:04:17","guid":{"rendered":"https:\/\/preview.primaklima.com\/shop\/unkategorisiert\/2655\/"},"modified":"2024-11-05T12:38:48","modified_gmt":"2024-11-05T14:38:48","slug":"pk150ec-tc","status":"publish","type":"product","link":"https:\/\/primaklima.com\/de\/shop\/ventilatoren-de\/ec-ventilatoren\/pk150ec-tc\/","title":{"rendered":"PK150EC-TC Temperatur geregelt"},"content":{"rendered":"<div id=\"tab-description\" class=\"woocommerce-Tabs-panel woocommerce-Tabs-panel--description panel entry-content active\" role=\"tabpanel\" aria-labelledby=\"tab-title-description\">\n<p>Effizienter Rohrventilator mit hochwertigem ebm-papst Motor und sehr geringer Leistungsaufnahme dank EC-Technologie.<\/p>\n<p><a href=\"https:\/\/cloud.primaklima.com\/index.php\/s\/XHWBk2SUPGZM8H8\/download?path=%2FVentilators&amp;files=PK150EC-TC_Montage-und-Betriebsanleitung.pdf\">Download Montage- und Betriebsanleitung (PDF)<\/a><\/p>\n<h4><strong>Features:<\/strong><\/h4>\n<ul>\n<li>Temperatur und Drehzahl einstellbar<\/li>\n<li>Laufrad mit r\u00fcckw\u00e4rts gekr\u00fcmmten Schaufeln<\/li>\n<li>Geringe Leistungsaufnahme<\/li>\n<li>Geringe Ger\u00e4uschemissionen<\/li>\n<li>Aerodynamisch optimiertes Design<\/li>\n<li>Schlagfestes und langlebiges Geh\u00e4use aus flammwidrigem Polyamid (Nylon)<\/li>\n<li>Anschluss- und Steuerungssystem im Geh\u00e4use integriert<\/li>\n<\/ul>\n<\/div>\n","protected":false},"excerpt":{"rendered":"<p>Flansch: 150 mm<br \/>\nMaximaler Luftstrom: 1100m\u00b3\/h<br \/>\nLeistung: 0-170 W<br \/>\nInput: 230 V, 50\/60 Hz, 0.74 A<br \/>\nTmax: 50\u00b0C<br \/>\nMa\u00dfe: 338 x 243 mm (B\/H)<br \/>\nGewicht: 3,3 kg<\/p>\n","protected":false},"featured_media":3221,"template":"","meta":[],"product_brand":[],"product_cat":[440,441],"product_tag":[476,477,448,450,453,452,445,449,451,848,447,446],"class_list":{"0":"post-2655","1":"product","2":"type-product","3":"status-publish","4":"has-post-thumbnail","6":"product_cat-ventilatoren-de","7":"product_cat-ec-ventilatoren","8":"product_tag-150mm-de","9":"product_tag-150mm-flange-de","10":"product_tag-air-filtration-de","11":"product_tag-intake-fan-de","12":"product_tag-ec-de","13":"product_tag-ec-ventilatoren","14":"product_tag-fan-de","15":"product_tag-intake-ventilator-de","16":"product_tag-duct-fan-de","17":"product_tag-temperature-controlled-de","18":"product_tag-ventilation-system-de","19":"product_tag-ventilator-de","20":"pa_size-airflow-150mm_6-1100m-h-de","22":"first","23":"instock","24":"taxable","25":"shipping-taxable","26":"product-type-simple"},"yoast_head":"<!-- This site is optimized with the Yoast SEO plugin v27.2 - https:\/\/yoast.com\/product\/yoast-seo-wordpress\/ -->\n<title>Ventilator PK150EC-TC Temperatur geregelt von primaklima<\/title>\n<meta name=\"description\" content=\"Highly efficient inline duct fan PK150EC-TC Temperatur geregelt up to 1100 m\u00b3\/h, 150 mm flange, with premium ebm-papst motor. Very low power consumption thanks to EC-Technology.\" \/>\n<meta name=\"robots\" content=\"index, follow, max-snippet:-1, max-image-preview:large, max-video-preview:-1\" \/>\n<link rel=\"canonical\" href=\"https:\/\/primaklima.com\/de\/shop\/ventilatoren-de\/ec-ventilatoren\/pk150ec-tc\/\" \/>\n<meta property=\"og:locale\" content=\"de_DE\" \/>\n<meta property=\"og:type\" content=\"article\" \/>\n<meta property=\"og:title\" content=\"Ventilator PK150EC-TC Temperatur geregelt von primaklima\" \/>\n<meta property=\"og:description\" content=\"Highly efficient inline duct fan PK150EC-TC Temperatur geregelt up to 1100 m\u00b3\/h, 150 mm flange, with premium ebm-papst motor. Very low power consumption thanks to EC-Technology.\" \/>\n<meta property=\"og:url\" content=\"https:\/\/primaklima.com\/de\/shop\/ventilatoren-de\/ec-ventilatoren\/pk150ec-tc\/\" \/>\n<meta property=\"og:site_name\" content=\"primaklima \u2013 filtration, ventilation, metal forming\" \/>\n<meta property=\"article:modified_time\" content=\"2024-11-05T14:38:48+00:00\" \/>\n<meta property=\"og:image\" content=\"https:\/\/primaklima.com\/wp-content\/uploads\/2020\/02\/PK150EC-TC.jpg\" \/>\n\t<meta property=\"og:image:width\" content=\"1500\" \/>\n\t<meta property=\"og:image:height\" content=\"1500\" \/>\n\t<meta property=\"og:image:type\" content=\"image\/jpeg\" \/>\n<meta name=\"twitter:card\" content=\"summary_large_image\" \/>\n<script type=\"application\/ld+json\" class=\"yoast-schema-graph\">{\"@context\":\"https:\/\/schema.org\",\"@graph\":[{\"@type\":\"WebPage\",\"@id\":\"https:\/\/primaklima.com\/de\/shop\/ventilatoren-de\/ec-ventilatoren\/pk150ec-tc\/\",\"url\":\"https:\/\/primaklima.com\/de\/shop\/ventilatoren-de\/ec-ventilatoren\/pk150ec-tc\/\",\"name\":\"Ventilator PK150EC-TC Temperatur geregelt von primaklima\",\"isPartOf\":{\"@id\":\"https:\/\/primaklima.com\/de\/#website\"},\"primaryImageOfPage\":{\"@id\":\"https:\/\/primaklima.com\/de\/shop\/ventilatoren-de\/ec-ventilatoren\/pk150ec-tc\/#primaryimage\"},\"image\":{\"@id\":\"https:\/\/primaklima.com\/de\/shop\/ventilatoren-de\/ec-ventilatoren\/pk150ec-tc\/#primaryimage\"},\"thumbnailUrl\":\"https:\/\/primaklima.com\/wp-content\/uploads\/2020\/02\/PK150EC-TC.jpg\",\"datePublished\":\"2020-02-05T16:04:17+00:00\",\"dateModified\":\"2024-11-05T14:38:48+00:00\",\"description\":\"Highly efficient inline duct fan PK150EC-TC Temperatur geregelt up to 1100 m\u00b3\/h, 150 mm flange, with premium ebm-papst motor. Very low power consumption thanks to EC-Technology.\",\"breadcrumb\":{\"@id\":\"https:\/\/primaklima.com\/de\/shop\/ventilatoren-de\/ec-ventilatoren\/pk150ec-tc\/#breadcrumb\"},\"inLanguage\":\"de\",\"potentialAction\":[{\"@type\":\"ReadAction\",\"target\":[\"https:\/\/primaklima.com\/de\/shop\/ventilatoren-de\/ec-ventilatoren\/pk150ec-tc\/\"]}]},{\"@type\":\"ImageObject\",\"inLanguage\":\"de\",\"@id\":\"https:\/\/primaklima.com\/de\/shop\/ventilatoren-de\/ec-ventilatoren\/pk150ec-tc\/#primaryimage\",\"url\":\"https:\/\/primaklima.com\/wp-content\/uploads\/2020\/02\/PK150EC-TC.jpg\",\"contentUrl\":\"https:\/\/primaklima.com\/wp-content\/uploads\/2020\/02\/PK150EC-TC.jpg\",\"width\":1500,\"height\":1500},{\"@type\":\"BreadcrumbList\",\"@id\":\"https:\/\/primaklima.com\/de\/shop\/ventilatoren-de\/ec-ventilatoren\/pk150ec-tc\/#breadcrumb\",\"itemListElement\":[{\"@type\":\"ListItem\",\"position\":1,\"name\":\"Home\",\"item\":\"https:\/\/primaklima.com\/de\/\"},{\"@type\":\"ListItem\",\"position\":2,\"name\":\"Products\",\"item\":\"https:\/\/primaklima.com\/de\/products\/\"},{\"@type\":\"ListItem\",\"position\":3,\"name\":\"PK150EC-TC Temperatur geregelt\"}]},{\"@type\":\"WebSite\",\"@id\":\"https:\/\/primaklima.com\/de\/#website\",\"url\":\"https:\/\/primaklima.com\/de\/\",\"name\":\"primaklima \u2013 filtration, ventilation, metal forming\",\"description\":\"Since 1996\",\"potentialAction\":[{\"@type\":\"SearchAction\",\"target\":{\"@type\":\"EntryPoint\",\"urlTemplate\":\"https:\/\/primaklima.com\/de\/?s={search_term_string}\"},\"query-input\":{\"@type\":\"PropertyValueSpecification\",\"valueRequired\":true,\"valueName\":\"search_term_string\"}}],\"inLanguage\":\"de\"}]}<\/script>\n<!-- \/ Yoast SEO plugin. -->","yoast_head_json":{"title":"Ventilator PK150EC-TC Temperatur geregelt von primaklima","description":"Highly efficient inline duct fan PK150EC-TC Temperatur geregelt up to 1100 m\u00b3\/h, 150 mm flange, with premium ebm-papst motor. Very low power consumption thanks to EC-Technology.","robots":{"index":"index","follow":"follow","max-snippet":"max-snippet:-1","max-image-preview":"max-image-preview:large","max-video-preview":"max-video-preview:-1"},"canonical":"https:\/\/primaklima.com\/de\/shop\/ventilatoren-de\/ec-ventilatoren\/pk150ec-tc\/","og_locale":"de_DE","og_type":"article","og_title":"Ventilator PK150EC-TC Temperatur geregelt von primaklima","og_description":"Highly efficient inline duct fan PK150EC-TC Temperatur geregelt up to 1100 m\u00b3\/h, 150 mm flange, with premium ebm-papst motor. Very low power consumption thanks to EC-Technology.","og_url":"https:\/\/primaklima.com\/de\/shop\/ventilatoren-de\/ec-ventilatoren\/pk150ec-tc\/","og_site_name":"primaklima \u2013 filtration, ventilation, metal forming","article_modified_time":"2024-11-05T14:38:48+00:00","og_image":[{"width":1500,"height":1500,"url":"https:\/\/primaklima.com\/wp-content\/uploads\/2020\/02\/PK150EC-TC.jpg","type":"image\/jpeg"}],"twitter_card":"summary_large_image","schema":{"@context":"https:\/\/schema.org","@graph":[{"@type":"WebPage","@id":"https:\/\/primaklima.com\/de\/shop\/ventilatoren-de\/ec-ventilatoren\/pk150ec-tc\/","url":"https:\/\/primaklima.com\/de\/shop\/ventilatoren-de\/ec-ventilatoren\/pk150ec-tc\/","name":"Ventilator PK150EC-TC Temperatur geregelt von primaklima","isPartOf":{"@id":"https:\/\/primaklima.com\/de\/#website"},"primaryImageOfPage":{"@id":"https:\/\/primaklima.com\/de\/shop\/ventilatoren-de\/ec-ventilatoren\/pk150ec-tc\/#primaryimage"},"image":{"@id":"https:\/\/primaklima.com\/de\/shop\/ventilatoren-de\/ec-ventilatoren\/pk150ec-tc\/#primaryimage"},"thumbnailUrl":"https:\/\/primaklima.com\/wp-content\/uploads\/2020\/02\/PK150EC-TC.jpg","datePublished":"2020-02-05T16:04:17+00:00","dateModified":"2024-11-05T14:38:48+00:00","description":"Highly efficient inline duct fan PK150EC-TC Temperatur geregelt up to 1100 m\u00b3\/h, 150 mm flange, with premium ebm-papst motor. Very low power consumption thanks to EC-Technology.","breadcrumb":{"@id":"https:\/\/primaklima.com\/de\/shop\/ventilatoren-de\/ec-ventilatoren\/pk150ec-tc\/#breadcrumb"},"inLanguage":"de","potentialAction":[{"@type":"ReadAction","target":["https:\/\/primaklima.com\/de\/shop\/ventilatoren-de\/ec-ventilatoren\/pk150ec-tc\/"]}]},{"@type":"ImageObject","inLanguage":"de","@id":"https:\/\/primaklima.com\/de\/shop\/ventilatoren-de\/ec-ventilatoren\/pk150ec-tc\/#primaryimage","url":"https:\/\/primaklima.com\/wp-content\/uploads\/2020\/02\/PK150EC-TC.jpg","contentUrl":"https:\/\/primaklima.com\/wp-content\/uploads\/2020\/02\/PK150EC-TC.jpg","width":1500,"height":1500},{"@type":"BreadcrumbList","@id":"https:\/\/primaklima.com\/de\/shop\/ventilatoren-de\/ec-ventilatoren\/pk150ec-tc\/#breadcrumb","itemListElement":[{"@type":"ListItem","position":1,"name":"Home","item":"https:\/\/primaklima.com\/de\/"},{"@type":"ListItem","position":2,"name":"Products","item":"https:\/\/primaklima.com\/de\/products\/"},{"@type":"ListItem","position":3,"name":"PK150EC-TC Temperatur geregelt"}]},{"@type":"WebSite","@id":"https:\/\/primaklima.com\/de\/#website","url":"https:\/\/primaklima.com\/de\/","name":"primaklima \u2013 filtration, ventilation, metal forming","description":"Since 1996","potentialAction":[{"@type":"SearchAction","target":{"@type":"EntryPoint","urlTemplate":"https:\/\/primaklima.com\/de\/?s={search_term_string}"},"query-input":{"@type":"PropertyValueSpecification","valueRequired":true,"valueName":"search_term_string"}}],"inLanguage":"de"}]}},"_links":{"self":[{"href":"https:\/\/primaklima.com\/de\/wp-json\/wp\/v2\/product\/2655","targetHints":{"allow":["GET"]}}],"collection":[{"href":"https:\/\/primaklima.com\/de\/wp-json\/wp\/v2\/product"}],"about":[{"href":"https:\/\/primaklima.com\/de\/wp-json\/wp\/v2\/types\/product"}],"wp:featuredmedia":[{"embeddable":true,"href":"https:\/\/primaklima.com\/de\/wp-json\/wp\/v2\/media\/3221"}],"wp:attachment":[{"href":"https:\/\/primaklima.com\/de\/wp-json\/wp\/v2\/media?parent=2655"}],"wp:term":[{"taxonomy":"product_brand","embeddable":true,"href":"https:\/\/primaklima.com\/de\/wp-json\/wp\/v2\/product_brand?post=2655"},{"taxonomy":"product_cat","embeddable":true,"href":"https:\/\/primaklima.com\/de\/wp-json\/wp\/v2\/product_cat?post=2655"},{"taxonomy":"product_tag","embeddable":true,"href":"https:\/\/primaklima.com\/de\/wp-json\/wp\/v2\/product_tag?post=2655"}],"curies":[{"name":"wp","href":"https:\/\/api.w.org\/{rel}","templated":true}]}}