{"id":3367,"date":"2022-01-18T07:54:52","date_gmt":"2022-01-18T09:54:52","guid":{"rendered":"https:\/\/primaklima.com\/shop\/unkategorisiert\/pk125whsp-2\/"},"modified":"2023-02-15T11:56:37","modified_gmt":"2023-02-15T13:56:37","slug":"pk125whsp-2","status":"publish","type":"product","link":"https:\/\/primaklima.com\/de\/shop\/ventilatoren-de\/whisperblower-de\/pk125whsp-2\/","title":{"rendered":"PK125WHSP-2"},"content":{"rendered":"<h2><img loading=\"lazy\" decoding=\"async\" class=\"alignnone wp-image-3153\" src=\"https:\/\/primaklima.com\/wp-content\/uploads\/2021\/12\/whisperblower_logo_RGB.png\" alt=\"\" width=\"223\" height=\"39\" srcset=\"https:\/\/primaklima.com\/wp-content\/uploads\/2021\/12\/whisperblower_logo_RGB.png 6617w, https:\/\/primaklima.com\/wp-content\/uploads\/2021\/12\/whisperblower_logo_RGB-760x133.png 760w, https:\/\/primaklima.com\/wp-content\/uploads\/2021\/12\/whisperblower_logo_RGB-1500x263.png 1500w, https:\/\/primaklima.com\/wp-content\/uploads\/2021\/12\/whisperblower_logo_RGB-380x67.png 380w, https:\/\/primaklima.com\/wp-content\/uploads\/2021\/12\/whisperblower_logo_RGB-768x135.png 768w, https:\/\/primaklima.com\/wp-content\/uploads\/2021\/12\/whisperblower_logo_RGB-1536x270.png 1536w, https:\/\/primaklima.com\/wp-content\/uploads\/2021\/12\/whisperblower_logo_RGB-2048x359.png 2048w\" sizes=\"auto, (max-width: 223px) 100vw, 223px\" \/><\/h2>\n<h2><strong><em>TWO SPEED &#8211; I. 360<\/em><\/strong><strong><em>m\u00b3\/h \u2022\u00a0 II. <\/em><\/strong><strong><em>460 m\u00b3\/h<\/em><\/strong><\/h2>\n<div class=\"row\"  id=\"row-1473262188\">\n\n\t<div id=\"col-695943692\" class=\"col medium-1\/2 large-6\"  >\n\t\t\t\t<div class=\"col-inner\"  >\n\t\t\t\n\t\t\t\nUnsere neueste Produktentwicklung ist der WhisperBlower. In partnerschaftlicher Zusammenarbeit mit ebm-papst Motoren haben wir ein ganz neues Design entwickelt. Wir haben das Luftstr\u00f6mungsprinzip neu durchdacht und dadurch unvergleichbar gute Messergebnisse erzielt. Dieser Profi-L\u00fcfter in unserer bew\u00e4hrt robusten Qualit\u00e4t ist konkurrenzlos effizient.<\/p>\n\t\t<\/div>\n\t\t\t\t\t<\/div>\n\n\t\n\n\t<div id=\"col-1972678714\" class=\"col medium-1\/2 large-6\"  >\n\t\t\t\t<div class=\"col-inner\"  >\n\t\t\t\n\t\t\t\nVergleichbar mit einer Achterbahnfahrt wird die Luftstr\u00f6mung durch das neue Design so optimiert, dass bei gleich hohem Stromverbrauch mehr Druck aufgebaut wird, als bei herk\u00f6mmlichen Modellen und das sogar noch leiser. Wir wissen, was unsere Kunden brauchen.<\/p>\n\t\t<\/div>\n\t\t\t\t\t<\/div>\n\n\t\n<\/div>\n<h4><strong>Eigenschaften<\/strong><strong>:<\/strong><\/h4>\n<ul>\n<li>Primaklima Rohrventilatoren mit ebm-papst EC-Motor.<\/li>\n<li>Die am leisesten arbeitenden Rohrventilatoren am Markt.<\/li>\n<li>Die beiden Geh\u00e4useschalen bestehen komplett aus extrem<br \/>\nschlagfestem und langlebigem Polyamid (nylon).<\/li>\n<li>Die Anschl\u00fcsse, der Kondensator sowie die Regeltechnik sind<br \/>\nkomplett im Geh\u00e4use integriert.<\/li>\n<\/ul>\n<p><img loading=\"lazy\" decoding=\"async\" class=\"alignnone wp-image-3159\" src=\"https:\/\/primaklima.com\/wp-content\/uploads\/2021\/12\/PK125WHSP-2_sound_graph_web.png\" alt=\"\" width=\"547\" height=\"423\" srcset=\"https:\/\/primaklima.com\/wp-content\/uploads\/2021\/12\/PK125WHSP-2_sound_graph_web.png 917w, https:\/\/primaklima.com\/wp-content\/uploads\/2021\/12\/PK125WHSP-2_sound_graph_web-760x588.png 760w, https:\/\/primaklima.com\/wp-content\/uploads\/2021\/12\/PK125WHSP-2_sound_graph_web-380x294.png 380w, https:\/\/primaklima.com\/wp-content\/uploads\/2021\/12\/PK125WHSP-2_sound_graph_web-768x594.png 768w\" sizes=\"auto, (max-width: 547px) 100vw, 547px\" \/><\/p>\n<p>*Schalldruckmikrofon 1 m seitlich vom Rohrventilator, gemessen in beidseitig offenem Rohr (L\u00e4nge jeweils 1,5 m)<\/p>\n","protected":false},"excerpt":{"rendered":"<p>Flansch: 125 mm<br \/>\nMax. Luftstrom: 460 m\u00b3\/h<br \/>\nLeistung: 63 W<br \/>\nAC Input: 230 V, 50\/60 Hz, 0.29 A<br \/>\nTmax: 50\u00b0C<br \/>\nMa\u00dfe: 315 x 309 mm (BxH)<br \/>\nGewicht: 2.73 kg (4.43 kg Btto.)<\/p>\n<a data-animate=\"fadeInRight\" href=\"https:\/\/cloud.primaklima.com\/index.php\/s\/ghf6ImI0LeVepiC\" target=\"_blank\" class=\"button primary is-gloss is-medium\" rel=\"noopener\" >\n\t\t<span>Download Brochure<\/span>\n\t<i class=\"icon-angle-right\" aria-hidden=\"true\"><\/i><\/a>\n\n","protected":false},"featured_media":3157,"template":"","meta":[],"product_brand":[],"product_cat":[440,1165],"product_tag":[501,448,450,445,449,451,846,447,446,1188],"class_list":{"0":"post-3367","1":"product","2":"type-product","3":"status-publish","4":"has-post-thumbnail","6":"product_cat-ventilatoren-de","7":"product_cat-whisperblower-de","8":"product_tag-125mm-flange-de","9":"product_tag-air-filtration-de","10":"product_tag-intake-fan-de","11":"product_tag-fan-de","12":"product_tag-intake-ventilator-de","13":"product_tag-duct-fan-de","14":"product_tag-two-speed-de","15":"product_tag-ventilation-system-de","16":"product_tag-ventilator-de","17":"product_tag-whisperblower-de","18":"pa_size-airflow-125mm_5-800m-h-de","20":"first","21":"instock","22":"taxable","23":"shipping-taxable","24":"product-type-simple"},"yoast_head":"<!-- This site is optimized with the Yoast SEO plugin v27.2 - https:\/\/yoast.com\/product\/yoast-seo-wordpress\/ -->\n<title>Ventilator PK125WHSP-2 bei primaklima<\/title>\n<meta name=\"description\" content=\"2 Speed L\u00fcfter, 460 m3\/h, 125 mm Flansch. Unsere neueste Produktentwicklung ist der WhisperBlower. In partnerschaftlicher Zusammenarbeit mit ebm-papst Motoren haben wir ein ganz neues Design entwickelt.\" \/>\n<meta name=\"robots\" content=\"index, follow, max-snippet:-1, max-image-preview:large, max-video-preview:-1\" \/>\n<link rel=\"canonical\" href=\"https:\/\/primaklima.com\/de\/shop\/ventilatoren-de\/whisperblower-de\/pk125whsp-2\/\" \/>\n<meta property=\"og:locale\" content=\"de_DE\" \/>\n<meta property=\"og:type\" content=\"article\" \/>\n<meta property=\"og:title\" content=\"Ventilator PK125WHSP-2 bei primaklima\" \/>\n<meta property=\"og:description\" content=\"2 Speed L\u00fcfter, 460 m3\/h, 125 mm Flansch. Unsere neueste Produktentwicklung ist der WhisperBlower. In partnerschaftlicher Zusammenarbeit mit ebm-papst Motoren haben wir ein ganz neues Design entwickelt.\" \/>\n<meta property=\"og:url\" content=\"https:\/\/primaklima.com\/de\/shop\/ventilatoren-de\/whisperblower-de\/pk125whsp-2\/\" \/>\n<meta property=\"og:site_name\" content=\"primaklima \u2013 filtration, ventilation, metal forming\" \/>\n<meta property=\"article:modified_time\" content=\"2023-02-15T13:56:37+00:00\" \/>\n<meta property=\"og:image\" content=\"https:\/\/primaklima.com\/wp-content\/uploads\/2021\/12\/pk125whsp-2.jpg\" \/>\n\t<meta property=\"og:image:width\" content=\"1500\" \/>\n\t<meta property=\"og:image:height\" content=\"1500\" \/>\n\t<meta property=\"og:image:type\" content=\"image\/jpeg\" \/>\n<meta name=\"twitter:card\" content=\"summary_large_image\" \/>\n<meta name=\"twitter:label1\" content=\"Gesch\u00e4tzte Lesezeit\" \/>\n\t<meta name=\"twitter:data1\" content=\"2\u00a0Minuten\" \/>\n<script type=\"application\/ld+json\" class=\"yoast-schema-graph\">{\"@context\":\"https:\/\/schema.org\",\"@graph\":[{\"@type\":\"WebPage\",\"@id\":\"https:\/\/primaklima.com\/de\/shop\/ventilatoren-de\/whisperblower-de\/pk125whsp-2\/\",\"url\":\"https:\/\/primaklima.com\/de\/shop\/ventilatoren-de\/whisperblower-de\/pk125whsp-2\/\",\"name\":\"Ventilator PK125WHSP-2 bei primaklima\",\"isPartOf\":{\"@id\":\"https:\/\/primaklima.com\/de\/#website\"},\"primaryImageOfPage\":{\"@id\":\"https:\/\/primaklima.com\/de\/shop\/ventilatoren-de\/whisperblower-de\/pk125whsp-2\/#primaryimage\"},\"image\":{\"@id\":\"https:\/\/primaklima.com\/de\/shop\/ventilatoren-de\/whisperblower-de\/pk125whsp-2\/#primaryimage\"},\"thumbnailUrl\":\"https:\/\/primaklima.com\/wp-content\/uploads\/2021\/12\/pk125whsp-2.jpg\",\"datePublished\":\"2022-01-18T09:54:52+00:00\",\"dateModified\":\"2023-02-15T13:56:37+00:00\",\"description\":\"2 Speed L\u00fcfter, 460 m3\/h, 125 mm Flansch. Unsere neueste Produktentwicklung ist der WhisperBlower. In partnerschaftlicher Zusammenarbeit mit ebm-papst Motoren haben wir ein ganz neues Design entwickelt.\",\"breadcrumb\":{\"@id\":\"https:\/\/primaklima.com\/de\/shop\/ventilatoren-de\/whisperblower-de\/pk125whsp-2\/#breadcrumb\"},\"inLanguage\":\"de\",\"potentialAction\":[{\"@type\":\"ReadAction\",\"target\":[\"https:\/\/primaklima.com\/de\/shop\/ventilatoren-de\/whisperblower-de\/pk125whsp-2\/\"]}]},{\"@type\":\"ImageObject\",\"inLanguage\":\"de\",\"@id\":\"https:\/\/primaklima.com\/de\/shop\/ventilatoren-de\/whisperblower-de\/pk125whsp-2\/#primaryimage\",\"url\":\"https:\/\/primaklima.com\/wp-content\/uploads\/2021\/12\/pk125whsp-2.jpg\",\"contentUrl\":\"https:\/\/primaklima.com\/wp-content\/uploads\/2021\/12\/pk125whsp-2.jpg\",\"width\":1500,\"height\":1500},{\"@type\":\"BreadcrumbList\",\"@id\":\"https:\/\/primaklima.com\/de\/shop\/ventilatoren-de\/whisperblower-de\/pk125whsp-2\/#breadcrumb\",\"itemListElement\":[{\"@type\":\"ListItem\",\"position\":1,\"name\":\"Home\",\"item\":\"https:\/\/primaklima.com\/de\/\"},{\"@type\":\"ListItem\",\"position\":2,\"name\":\"Products\",\"item\":\"https:\/\/primaklima.com\/de\/products\/\"},{\"@type\":\"ListItem\",\"position\":3,\"name\":\"PK125WHSP-2\"}]},{\"@type\":\"WebSite\",\"@id\":\"https:\/\/primaklima.com\/de\/#website\",\"url\":\"https:\/\/primaklima.com\/de\/\",\"name\":\"primaklima \u2013 filtration, ventilation, metal forming\",\"description\":\"Since 1996\",\"potentialAction\":[{\"@type\":\"SearchAction\",\"target\":{\"@type\":\"EntryPoint\",\"urlTemplate\":\"https:\/\/primaklima.com\/de\/?s={search_term_string}\"},\"query-input\":{\"@type\":\"PropertyValueSpecification\",\"valueRequired\":true,\"valueName\":\"search_term_string\"}}],\"inLanguage\":\"de\"}]}<\/script>\n<!-- \/ Yoast SEO plugin. -->","yoast_head_json":{"title":"Ventilator PK125WHSP-2 bei primaklima","description":"2 Speed L\u00fcfter, 460 m3\/h, 125 mm Flansch. Unsere neueste Produktentwicklung ist der WhisperBlower. In partnerschaftlicher Zusammenarbeit mit ebm-papst Motoren haben wir ein ganz neues Design entwickelt.","robots":{"index":"index","follow":"follow","max-snippet":"max-snippet:-1","max-image-preview":"max-image-preview:large","max-video-preview":"max-video-preview:-1"},"canonical":"https:\/\/primaklima.com\/de\/shop\/ventilatoren-de\/whisperblower-de\/pk125whsp-2\/","og_locale":"de_DE","og_type":"article","og_title":"Ventilator PK125WHSP-2 bei primaklima","og_description":"2 Speed L\u00fcfter, 460 m3\/h, 125 mm Flansch. Unsere neueste Produktentwicklung ist der WhisperBlower. In partnerschaftlicher Zusammenarbeit mit ebm-papst Motoren haben wir ein ganz neues Design entwickelt.","og_url":"https:\/\/primaklima.com\/de\/shop\/ventilatoren-de\/whisperblower-de\/pk125whsp-2\/","og_site_name":"primaklima \u2013 filtration, ventilation, metal forming","article_modified_time":"2023-02-15T13:56:37+00:00","og_image":[{"width":1500,"height":1500,"url":"https:\/\/primaklima.com\/wp-content\/uploads\/2021\/12\/pk125whsp-2.jpg","type":"image\/jpeg"}],"twitter_card":"summary_large_image","twitter_misc":{"Gesch\u00e4tzte Lesezeit":"2\u00a0Minuten"},"schema":{"@context":"https:\/\/schema.org","@graph":[{"@type":"WebPage","@id":"https:\/\/primaklima.com\/de\/shop\/ventilatoren-de\/whisperblower-de\/pk125whsp-2\/","url":"https:\/\/primaklima.com\/de\/shop\/ventilatoren-de\/whisperblower-de\/pk125whsp-2\/","name":"Ventilator PK125WHSP-2 bei primaklima","isPartOf":{"@id":"https:\/\/primaklima.com\/de\/#website"},"primaryImageOfPage":{"@id":"https:\/\/primaklima.com\/de\/shop\/ventilatoren-de\/whisperblower-de\/pk125whsp-2\/#primaryimage"},"image":{"@id":"https:\/\/primaklima.com\/de\/shop\/ventilatoren-de\/whisperblower-de\/pk125whsp-2\/#primaryimage"},"thumbnailUrl":"https:\/\/primaklima.com\/wp-content\/uploads\/2021\/12\/pk125whsp-2.jpg","datePublished":"2022-01-18T09:54:52+00:00","dateModified":"2023-02-15T13:56:37+00:00","description":"2 Speed L\u00fcfter, 460 m3\/h, 125 mm Flansch. Unsere neueste Produktentwicklung ist der WhisperBlower. In partnerschaftlicher Zusammenarbeit mit ebm-papst Motoren haben wir ein ganz neues Design entwickelt.","breadcrumb":{"@id":"https:\/\/primaklima.com\/de\/shop\/ventilatoren-de\/whisperblower-de\/pk125whsp-2\/#breadcrumb"},"inLanguage":"de","potentialAction":[{"@type":"ReadAction","target":["https:\/\/primaklima.com\/de\/shop\/ventilatoren-de\/whisperblower-de\/pk125whsp-2\/"]}]},{"@type":"ImageObject","inLanguage":"de","@id":"https:\/\/primaklima.com\/de\/shop\/ventilatoren-de\/whisperblower-de\/pk125whsp-2\/#primaryimage","url":"https:\/\/primaklima.com\/wp-content\/uploads\/2021\/12\/pk125whsp-2.jpg","contentUrl":"https:\/\/primaklima.com\/wp-content\/uploads\/2021\/12\/pk125whsp-2.jpg","width":1500,"height":1500},{"@type":"BreadcrumbList","@id":"https:\/\/primaklima.com\/de\/shop\/ventilatoren-de\/whisperblower-de\/pk125whsp-2\/#breadcrumb","itemListElement":[{"@type":"ListItem","position":1,"name":"Home","item":"https:\/\/primaklima.com\/de\/"},{"@type":"ListItem","position":2,"name":"Products","item":"https:\/\/primaklima.com\/de\/products\/"},{"@type":"ListItem","position":3,"name":"PK125WHSP-2"}]},{"@type":"WebSite","@id":"https:\/\/primaklima.com\/de\/#website","url":"https:\/\/primaklima.com\/de\/","name":"primaklima \u2013 filtration, ventilation, metal forming","description":"Since 1996","potentialAction":[{"@type":"SearchAction","target":{"@type":"EntryPoint","urlTemplate":"https:\/\/primaklima.com\/de\/?s={search_term_string}"},"query-input":{"@type":"PropertyValueSpecification","valueRequired":true,"valueName":"search_term_string"}}],"inLanguage":"de"}]}},"_links":{"self":[{"href":"https:\/\/primaklima.com\/de\/wp-json\/wp\/v2\/product\/3367","targetHints":{"allow":["GET"]}}],"collection":[{"href":"https:\/\/primaklima.com\/de\/wp-json\/wp\/v2\/product"}],"about":[{"href":"https:\/\/primaklima.com\/de\/wp-json\/wp\/v2\/types\/product"}],"wp:featuredmedia":[{"embeddable":true,"href":"https:\/\/primaklima.com\/de\/wp-json\/wp\/v2\/media\/3157"}],"wp:attachment":[{"href":"https:\/\/primaklima.com\/de\/wp-json\/wp\/v2\/media?parent=3367"}],"wp:term":[{"taxonomy":"product_brand","embeddable":true,"href":"https:\/\/primaklima.com\/de\/wp-json\/wp\/v2\/product_brand?post=3367"},{"taxonomy":"product_cat","embeddable":true,"href":"https:\/\/primaklima.com\/de\/wp-json\/wp\/v2\/product_cat?post=3367"},{"taxonomy":"product_tag","embeddable":true,"href":"https:\/\/primaklima.com\/de\/wp-json\/wp\/v2\/product_tag?post=3367"}],"curies":[{"name":"wp","href":"https:\/\/api.w.org\/{rel}","templated":true}]}}