{"id":3624,"date":"2022-02-16T13:38:36","date_gmt":"2022-02-16T15:38:36","guid":{"rendered":"https:\/\/primaklima.com\/shop\/unkategorisiert\/pk125whsp-esm\/"},"modified":"2023-02-15T12:20:55","modified_gmt":"2023-02-15T14:20:55","slug":"pk125whsp-esm","status":"publish","type":"product","link":"https:\/\/primaklima.com\/de\/shop\/ventilatoren-de\/whisperblower-de\/pk125whsp-esm\/","title":{"rendered":"PK125WHSP-ESM"},"content":{"rendered":"<h2><strong><em>DER SPARSAME &#8211; BIS ZU 450 m\u00b3\/h<\/em><\/strong><\/h2>\n<div class=\"row\"  id=\"row-347559368\">\n\n\t<div id=\"col-222671135\" class=\"col medium-1\/2 large-6\"  >\n\t\t\t\t<div class=\"col-inner\"  >\n\t\t\t\n\t\t\t\n<p>Unsere neueste Produktentwicklung ist der WhisperBlower. In partnerschaftlicher Zusammenarbeit mit ebm-papst Motoren haben wir ein ganz neues Design entwickelt. Wir haben das Luftstr\u00f6mungsprinzip neu durchdacht und dadurch unvergleichbar gute Messergebnisse erzielt. Dieser Profi-L\u00fcfter in unserer bew\u00e4hrt robusten Qualit\u00e4t ist konkurrenzlos effizient.<\/p>\n\t\t<\/div>\n\t\t\t\t\t<\/div>\n\n\t\n\n\t<div id=\"col-1734078554\" class=\"col medium-1\/2 large-6\"  >\n\t\t\t\t<div class=\"col-inner\"  >\n\t\t\t\n\t\t\t\n<p>Vergleichbar mit einer Achterbahnfahrt wird die Luftstr\u00f6mung durch das neue Design so optimiert, dass bei gleich hohem Stromverbrauch mehr Druck aufgebaut wird, als bei herk\u00f6mmlichen Modellen und das sogar noch leiser. Wir wissen, was unsere Kunden brauchen.<\/p>\n\t\t<\/div>\n\t\t\t\t\t<\/div>\n\n\t\n<\/div>\n<h4><strong>Features:<\/strong><\/h4>\n<ul>\n<li>Rundrohrventilator mit ebm-papst EC-Motor*<\/li>\n<li>Kraftvoll und Energiesparend<\/li>\n<li>Aerodynamisch optimiertes Design<\/li>\n<li>Schlagfestes und langlebiges Geh\u00e4use aus flammwidrigem Polyamid (Nylon)<\/li>\n<li>Anschluss- und Steuerungstechnik im Geh\u00e4use integriert<\/li>\n<\/ul>\n<p><span style=\"font-size: 95%;\">*Bauartbedingt gibt dieser Motor im unteren Drehzahlbereich hochfrequente Piepst\u00f6ne ab.<\/span><\/p>\n<p><img loading=\"lazy\" decoding=\"async\" class=\"alignnone wp-image-3171\" src=\"https:\/\/primaklima.com\/wp-content\/uploads\/2021\/12\/PK125WHSP-ESM_graphs-webs.png\" alt=\"\" width=\"1051\" height=\"360\" srcset=\"https:\/\/primaklima.com\/wp-content\/uploads\/2021\/12\/PK125WHSP-ESM_graphs-webs.png 1928w, https:\/\/primaklima.com\/wp-content\/uploads\/2021\/12\/PK125WHSP-ESM_graphs-webs-760x261.png 760w, https:\/\/primaklima.com\/wp-content\/uploads\/2021\/12\/PK125WHSP-ESM_graphs-webs-1500x514.png 1500w, https:\/\/primaklima.com\/wp-content\/uploads\/2021\/12\/PK125WHSP-ESM_graphs-webs-380x130.png 380w, https:\/\/primaklima.com\/wp-content\/uploads\/2021\/12\/PK125WHSP-ESM_graphs-webs-768x263.png 768w, https:\/\/primaklima.com\/wp-content\/uploads\/2021\/12\/PK125WHSP-ESM_graphs-webs-1536x527.png 1536w\" sizes=\"auto, (max-width: 1051px) 100vw, 1051px\" \/><\/p>\n<p><a href=\"https:\/\/primaklima.com\/wp-content\/uploads\/2022\/02\/warnhinweis-ESM_DE.png\"><img loading=\"lazy\" decoding=\"async\" class=\"alignleft size-thumbnail wp-image-3633\" src=\"https:\/\/primaklima.com\/wp-content\/uploads\/2022\/02\/warnhinweis-ESM_DE-380x380.png\" alt=\"Achtung: Hoch frequente Piept\u00f6ne bei niedriger Geschwindigkeit beim ESM Whisperblower\" width=\"380\" height=\"380\" srcset=\"https:\/\/primaklima.com\/wp-content\/uploads\/2022\/02\/warnhinweis-ESM_DE-380x380.png 380w, https:\/\/primaklima.com\/wp-content\/uploads\/2022\/02\/warnhinweis-ESM_DE-760x760.png 760w, https:\/\/primaklima.com\/wp-content\/uploads\/2022\/02\/warnhinweis-ESM_DE-768x768.png 768w, https:\/\/primaklima.com\/wp-content\/uploads\/2022\/02\/warnhinweis-ESM_DE-100x100.png 100w, https:\/\/primaklima.com\/wp-content\/uploads\/2022\/02\/warnhinweis-ESM_DE.png 1500w\" sizes=\"auto, (max-width: 380px) 100vw, 380px\" \/><\/a><\/p>\n","protected":false},"excerpt":{"rendered":"<p>Flansch: 125 mm<br \/>\nMax. Luftstrom: 450 m\u00b3\/h<br \/>\nLeistung: 29 W<br \/>\nAC Input: 230 V, 50\/60 Hz, 0,29 A<br \/>\nTmax: 50\u00b0C<br \/>\nGr\u00f6\u00dfe: 315 x 309 mm (WxH)<br \/>\nGewicht: 2,38 kg (4,07 kg Brutto)<\/p>\n<a data-animate=\"fadeInRight\" href=\"https:\/\/cloud.primaklima.com\/index.php\/s\/ghf6ImI0LeVepiC\" target=\"_blank\" class=\"button primary is-gloss is-medium\" rel=\"noopener\" >\n\t\t<span>Download Brochure<\/span>\n\t<i class=\"icon-angle-right\" aria-hidden=\"true\"><\/i><\/a>\n\n","protected":false},"featured_media":3169,"template":"","meta":[],"product_brand":[],"product_cat":[440,1165],"product_tag":[501,448,450,445,449,451,846,447,446,1188],"class_list":{"0":"post-3624","1":"product","2":"type-product","3":"status-publish","4":"has-post-thumbnail","6":"product_cat-ventilatoren-de","7":"product_cat-whisperblower-de","8":"product_tag-125mm-flange-de","9":"product_tag-air-filtration-de","10":"product_tag-intake-fan-de","11":"product_tag-fan-de","12":"product_tag-intake-ventilator-de","13":"product_tag-duct-fan-de","14":"product_tag-two-speed-de","15":"product_tag-ventilation-system-de","16":"product_tag-ventilator-de","17":"product_tag-whisperblower-de","18":"pa_size-airflow-125mm_5-800m-h-de","20":"first","21":"instock","22":"taxable","23":"shipping-taxable","24":"product-type-simple"},"yoast_head":"<!-- This site is optimized with the Yoast SEO plugin v27.2 - https:\/\/yoast.com\/product\/yoast-seo-wordpress\/ -->\n<title>Ventilator PK125WHSP-ESM by primaklima<\/title>\n<meta name=\"description\" content=\"EC L\u00fcfter bis zu 450 m3\/h, 125 mm Flansch. Die neueste innovative Produktentwicklung mit mehr Power, entwickelt von primaklima &amp; ebm-papst.\" \/>\n<meta name=\"robots\" content=\"index, follow, max-snippet:-1, max-image-preview:large, max-video-preview:-1\" \/>\n<link rel=\"canonical\" href=\"https:\/\/primaklima.com\/de\/shop\/ventilatoren-de\/whisperblower-de\/pk125whsp-esm\/\" \/>\n<meta property=\"og:locale\" content=\"de_DE\" \/>\n<meta property=\"og:type\" content=\"article\" \/>\n<meta property=\"og:title\" content=\"Ventilator PK125WHSP-ESM by primaklima\" \/>\n<meta property=\"og:description\" content=\"EC L\u00fcfter bis zu 450 m3\/h, 125 mm Flansch. Die neueste innovative Produktentwicklung mit mehr Power, entwickelt von primaklima &amp; ebm-papst.\" \/>\n<meta property=\"og:url\" content=\"https:\/\/primaklima.com\/de\/shop\/ventilatoren-de\/whisperblower-de\/pk125whsp-esm\/\" \/>\n<meta property=\"og:site_name\" content=\"primaklima \u2013 filtration, ventilation, metal forming\" \/>\n<meta property=\"article:modified_time\" content=\"2023-02-15T14:20:55+00:00\" \/>\n<meta property=\"og:image\" content=\"https:\/\/primaklima.com\/wp-content\/uploads\/2021\/12\/pk125whsp-esm.jpg\" \/>\n\t<meta property=\"og:image:width\" content=\"1500\" \/>\n\t<meta property=\"og:image:height\" content=\"1500\" \/>\n\t<meta property=\"og:image:type\" content=\"image\/jpeg\" \/>\n<meta name=\"twitter:card\" content=\"summary_large_image\" \/>\n<meta name=\"twitter:label1\" content=\"Gesch\u00e4tzte Lesezeit\" \/>\n\t<meta name=\"twitter:data1\" content=\"1\u00a0Minute\" \/>\n<script type=\"application\/ld+json\" class=\"yoast-schema-graph\">{\"@context\":\"https:\/\/schema.org\",\"@graph\":[{\"@type\":\"WebPage\",\"@id\":\"https:\/\/primaklima.com\/de\/shop\/ventilatoren-de\/whisperblower-de\/pk125whsp-esm\/\",\"url\":\"https:\/\/primaklima.com\/de\/shop\/ventilatoren-de\/whisperblower-de\/pk125whsp-esm\/\",\"name\":\"Ventilator PK125WHSP-ESM by primaklima\",\"isPartOf\":{\"@id\":\"https:\/\/primaklima.com\/de\/#website\"},\"primaryImageOfPage\":{\"@id\":\"https:\/\/primaklima.com\/de\/shop\/ventilatoren-de\/whisperblower-de\/pk125whsp-esm\/#primaryimage\"},\"image\":{\"@id\":\"https:\/\/primaklima.com\/de\/shop\/ventilatoren-de\/whisperblower-de\/pk125whsp-esm\/#primaryimage\"},\"thumbnailUrl\":\"https:\/\/primaklima.com\/wp-content\/uploads\/2021\/12\/pk125whsp-esm.jpg\",\"datePublished\":\"2022-02-16T15:38:36+00:00\",\"dateModified\":\"2023-02-15T14:20:55+00:00\",\"description\":\"EC L\u00fcfter bis zu 450 m3\/h, 125 mm Flansch. Die neueste innovative Produktentwicklung mit mehr Power, entwickelt von primaklima & ebm-papst.\",\"breadcrumb\":{\"@id\":\"https:\/\/primaklima.com\/de\/shop\/ventilatoren-de\/whisperblower-de\/pk125whsp-esm\/#breadcrumb\"},\"inLanguage\":\"de\",\"potentialAction\":[{\"@type\":\"ReadAction\",\"target\":[\"https:\/\/primaklima.com\/de\/shop\/ventilatoren-de\/whisperblower-de\/pk125whsp-esm\/\"]}]},{\"@type\":\"ImageObject\",\"inLanguage\":\"de\",\"@id\":\"https:\/\/primaklima.com\/de\/shop\/ventilatoren-de\/whisperblower-de\/pk125whsp-esm\/#primaryimage\",\"url\":\"https:\/\/primaklima.com\/wp-content\/uploads\/2021\/12\/pk125whsp-esm.jpg\",\"contentUrl\":\"https:\/\/primaklima.com\/wp-content\/uploads\/2021\/12\/pk125whsp-esm.jpg\",\"width\":1500,\"height\":1500},{\"@type\":\"BreadcrumbList\",\"@id\":\"https:\/\/primaklima.com\/de\/shop\/ventilatoren-de\/whisperblower-de\/pk125whsp-esm\/#breadcrumb\",\"itemListElement\":[{\"@type\":\"ListItem\",\"position\":1,\"name\":\"Home\",\"item\":\"https:\/\/primaklima.com\/de\/\"},{\"@type\":\"ListItem\",\"position\":2,\"name\":\"Products\",\"item\":\"https:\/\/primaklima.com\/de\/products\/\"},{\"@type\":\"ListItem\",\"position\":3,\"name\":\"PK125WHSP-ESM\"}]},{\"@type\":\"WebSite\",\"@id\":\"https:\/\/primaklima.com\/de\/#website\",\"url\":\"https:\/\/primaklima.com\/de\/\",\"name\":\"primaklima \u2013 filtration, ventilation, metal forming\",\"description\":\"Since 1996\",\"potentialAction\":[{\"@type\":\"SearchAction\",\"target\":{\"@type\":\"EntryPoint\",\"urlTemplate\":\"https:\/\/primaklima.com\/de\/?s={search_term_string}\"},\"query-input\":{\"@type\":\"PropertyValueSpecification\",\"valueRequired\":true,\"valueName\":\"search_term_string\"}}],\"inLanguage\":\"de\"}]}<\/script>\n<!-- \/ Yoast SEO plugin. -->","yoast_head_json":{"title":"Ventilator PK125WHSP-ESM by primaklima","description":"EC L\u00fcfter bis zu 450 m3\/h, 125 mm Flansch. Die neueste innovative Produktentwicklung mit mehr Power, entwickelt von primaklima & ebm-papst.","robots":{"index":"index","follow":"follow","max-snippet":"max-snippet:-1","max-image-preview":"max-image-preview:large","max-video-preview":"max-video-preview:-1"},"canonical":"https:\/\/primaklima.com\/de\/shop\/ventilatoren-de\/whisperblower-de\/pk125whsp-esm\/","og_locale":"de_DE","og_type":"article","og_title":"Ventilator PK125WHSP-ESM by primaklima","og_description":"EC L\u00fcfter bis zu 450 m3\/h, 125 mm Flansch. Die neueste innovative Produktentwicklung mit mehr Power, entwickelt von primaklima & ebm-papst.","og_url":"https:\/\/primaklima.com\/de\/shop\/ventilatoren-de\/whisperblower-de\/pk125whsp-esm\/","og_site_name":"primaklima \u2013 filtration, ventilation, metal forming","article_modified_time":"2023-02-15T14:20:55+00:00","og_image":[{"width":1500,"height":1500,"url":"https:\/\/primaklima.com\/wp-content\/uploads\/2021\/12\/pk125whsp-esm.jpg","type":"image\/jpeg"}],"twitter_card":"summary_large_image","twitter_misc":{"Gesch\u00e4tzte Lesezeit":"1\u00a0Minute"},"schema":{"@context":"https:\/\/schema.org","@graph":[{"@type":"WebPage","@id":"https:\/\/primaklima.com\/de\/shop\/ventilatoren-de\/whisperblower-de\/pk125whsp-esm\/","url":"https:\/\/primaklima.com\/de\/shop\/ventilatoren-de\/whisperblower-de\/pk125whsp-esm\/","name":"Ventilator PK125WHSP-ESM by primaklima","isPartOf":{"@id":"https:\/\/primaklima.com\/de\/#website"},"primaryImageOfPage":{"@id":"https:\/\/primaklima.com\/de\/shop\/ventilatoren-de\/whisperblower-de\/pk125whsp-esm\/#primaryimage"},"image":{"@id":"https:\/\/primaklima.com\/de\/shop\/ventilatoren-de\/whisperblower-de\/pk125whsp-esm\/#primaryimage"},"thumbnailUrl":"https:\/\/primaklima.com\/wp-content\/uploads\/2021\/12\/pk125whsp-esm.jpg","datePublished":"2022-02-16T15:38:36+00:00","dateModified":"2023-02-15T14:20:55+00:00","description":"EC L\u00fcfter bis zu 450 m3\/h, 125 mm Flansch. Die neueste innovative Produktentwicklung mit mehr Power, entwickelt von primaklima & ebm-papst.","breadcrumb":{"@id":"https:\/\/primaklima.com\/de\/shop\/ventilatoren-de\/whisperblower-de\/pk125whsp-esm\/#breadcrumb"},"inLanguage":"de","potentialAction":[{"@type":"ReadAction","target":["https:\/\/primaklima.com\/de\/shop\/ventilatoren-de\/whisperblower-de\/pk125whsp-esm\/"]}]},{"@type":"ImageObject","inLanguage":"de","@id":"https:\/\/primaklima.com\/de\/shop\/ventilatoren-de\/whisperblower-de\/pk125whsp-esm\/#primaryimage","url":"https:\/\/primaklima.com\/wp-content\/uploads\/2021\/12\/pk125whsp-esm.jpg","contentUrl":"https:\/\/primaklima.com\/wp-content\/uploads\/2021\/12\/pk125whsp-esm.jpg","width":1500,"height":1500},{"@type":"BreadcrumbList","@id":"https:\/\/primaklima.com\/de\/shop\/ventilatoren-de\/whisperblower-de\/pk125whsp-esm\/#breadcrumb","itemListElement":[{"@type":"ListItem","position":1,"name":"Home","item":"https:\/\/primaklima.com\/de\/"},{"@type":"ListItem","position":2,"name":"Products","item":"https:\/\/primaklima.com\/de\/products\/"},{"@type":"ListItem","position":3,"name":"PK125WHSP-ESM"}]},{"@type":"WebSite","@id":"https:\/\/primaklima.com\/de\/#website","url":"https:\/\/primaklima.com\/de\/","name":"primaklima \u2013 filtration, ventilation, metal forming","description":"Since 1996","potentialAction":[{"@type":"SearchAction","target":{"@type":"EntryPoint","urlTemplate":"https:\/\/primaklima.com\/de\/?s={search_term_string}"},"query-input":{"@type":"PropertyValueSpecification","valueRequired":true,"valueName":"search_term_string"}}],"inLanguage":"de"}]}},"_links":{"self":[{"href":"https:\/\/primaklima.com\/de\/wp-json\/wp\/v2\/product\/3624","targetHints":{"allow":["GET"]}}],"collection":[{"href":"https:\/\/primaklima.com\/de\/wp-json\/wp\/v2\/product"}],"about":[{"href":"https:\/\/primaklima.com\/de\/wp-json\/wp\/v2\/types\/product"}],"wp:featuredmedia":[{"embeddable":true,"href":"https:\/\/primaklima.com\/de\/wp-json\/wp\/v2\/media\/3169"}],"wp:attachment":[{"href":"https:\/\/primaklima.com\/de\/wp-json\/wp\/v2\/media?parent=3624"}],"wp:term":[{"taxonomy":"product_brand","embeddable":true,"href":"https:\/\/primaklima.com\/de\/wp-json\/wp\/v2\/product_brand?post=3624"},{"taxonomy":"product_cat","embeddable":true,"href":"https:\/\/primaklima.com\/de\/wp-json\/wp\/v2\/product_cat?post=3624"},{"taxonomy":"product_tag","embeddable":true,"href":"https:\/\/primaklima.com\/de\/wp-json\/wp\/v2\/product_tag?post=3624"}],"curies":[{"name":"wp","href":"https:\/\/api.w.org\/{rel}","templated":true}]}}