{"id":3792,"date":"2022-03-16T10:00:48","date_gmt":"2022-03-16T12:07:51","guid":{"rendered":"https:\/\/primaklima.com\/?post_type=product&#038;p=3792"},"modified":"2024-08-30T10:10:01","modified_gmt":"2024-08-30T12:10:01","slug":"pk125whsp-ec","status":"publish","type":"product","link":"https:\/\/primaklima.com\/de\/shop\/ventilatoren-de\/whisperblower-de\/pk125whsp-ec\/","title":{"rendered":"PK125WHSP-EC"},"content":{"rendered":"<h2><img loading=\"lazy\" decoding=\"async\" class=\"alignnone wp-image-3153\" src=\"https:\/\/primaklima.com\/wp-content\/uploads\/2021\/12\/whisperblower_logo_RGB.png\" alt=\"\" width=\"223\" height=\"39\" srcset=\"https:\/\/primaklima.com\/wp-content\/uploads\/2021\/12\/whisperblower_logo_RGB.png 6617w, https:\/\/primaklima.com\/wp-content\/uploads\/2021\/12\/whisperblower_logo_RGB-760x133.png 760w, https:\/\/primaklima.com\/wp-content\/uploads\/2021\/12\/whisperblower_logo_RGB-1500x263.png 1500w, https:\/\/primaklima.com\/wp-content\/uploads\/2021\/12\/whisperblower_logo_RGB-380x67.png 380w, https:\/\/primaklima.com\/wp-content\/uploads\/2021\/12\/whisperblower_logo_RGB-768x135.png 768w, https:\/\/primaklima.com\/wp-content\/uploads\/2021\/12\/whisperblower_logo_RGB-1536x270.png 1536w, https:\/\/primaklima.com\/wp-content\/uploads\/2021\/12\/whisperblower_logo_RGB-2048x359.png 2048w\" sizes=\"auto, (max-width: 223px) 100vw, 223px\" \/><\/h2>\n<h2><strong><em>BIS ZU 80<\/em><\/strong><strong><em>0 <\/em><\/strong><strong><em>m\u00b3\/h<\/em><\/strong><\/h2>\n<div class=\"row\"  id=\"row-582438002\">\n\n\t<div id=\"col-823959586\" class=\"col medium-1\/2 large-6\"  >\n\t\t\t\t<div class=\"col-inner\"  >\n\t\t\t\n\t\t\t\nUnsere neueste Produktentwicklung ist der WhisperBlower. In partnerschaftlicher Zusammenarbeit mit ebmpapst Motoren haben wir ein ganz neues Design entwickelt. Wir haben das Luftstr\u00f6mungsprinzip neu durchdacht und dadurch unvergleichbar gute Messergebnisse erzielt. Dieser Profi-L\u00fcfter in unserer bew\u00e4hrt robusten Qualit\u00e4t ist konkurrenzlos effizient.<\/p>\n\t\t<\/div>\n\t\t\t\t\t<\/div>\n\n\t\n\n\t<div id=\"col-817187338\" class=\"col medium-1\/2 large-6\"  >\n\t\t\t\t<div class=\"col-inner\"  >\n\t\t\t\n\t\t\t\nVergleichbar mit einer Achterbahnfahrt wird die Luftstr\u00f6mung durch das neue Design so optimiert, dass bei gleich hohem Stromverbrauch mehr Druck aufgebaut wird, als bei herk\u00f6mmlichen Modellen und das sogar noch leiser. Wir wissen, was unsere Kunden brauchen.<\/p>\n\t\t<\/div>\n\t\t\t\t\t<\/div>\n\n\t\n<\/div>\n<h4><strong>Eigenschaften:<\/strong><\/h4>\n<ul>\n<li>Primaklima Rohrventilatoren mit ebmpapst EC-Motor.<\/li>\n<li>Die am leisesten arbeitenden Rohrventilatoren am Markt.<\/li>\n<li>Die beiden Geh\u00e4useschalen bestehen komplett aus extrem<br \/>\nschlagfestem und langlebigem Polyamid (nylon).<\/li>\n<li>Die Anschl\u00fcsse, der Kondensator sowie die Regeltechnik sind<br \/>\nkomplett im Geh\u00e4use integriert.<\/li>\n<\/ul>\n<p>&nbsp;<\/p>\n<p><img loading=\"lazy\" decoding=\"async\" class=\"alignnone wp-image-3182\" src=\"https:\/\/primaklima.com\/wp-content\/uploads\/2022\/01\/PK125WHSP-ECTC_graphs-webs.png\" alt=\"\" width=\"1051\" height=\"360\" srcset=\"https:\/\/primaklima.com\/wp-content\/uploads\/2022\/01\/PK125WHSP-ECTC_graphs-webs.png 1928w, https:\/\/primaklima.com\/wp-content\/uploads\/2022\/01\/PK125WHSP-ECTC_graphs-webs-760x261.png 760w, https:\/\/primaklima.com\/wp-content\/uploads\/2022\/01\/PK125WHSP-ECTC_graphs-webs-1500x514.png 1500w, https:\/\/primaklima.com\/wp-content\/uploads\/2022\/01\/PK125WHSP-ECTC_graphs-webs-380x130.png 380w, https:\/\/primaklima.com\/wp-content\/uploads\/2022\/01\/PK125WHSP-ECTC_graphs-webs-768x263.png 768w, https:\/\/primaklima.com\/wp-content\/uploads\/2022\/01\/PK125WHSP-ECTC_graphs-webs-1536x527.png 1536w\" sizes=\"auto, (max-width: 1051px) 100vw, 1051px\" \/><\/p>\n","protected":false},"excerpt":{"rendered":"<p>Flansch: 125 mm<br \/>\nMax. Luftstrom: 800 m\u00b3\/h<br \/>\nLeistung: 0-170 W<br \/>\nAC Input: 230 V, 50\/60 Hz, 0.74 A<br \/>\nTmax: 50\u00b0C<br \/>\nMa\u00dfe: 315 x 309 mm (BxH)<br \/>\nGewicht: 2.85 kg (4.54 kg gross Btto.)<\/p>\n<a data-animate=\"fadeInRight\" href=\"https:\/\/cloud.primaklima.com\/index.php\/s\/ghf6ImI0LeVepiC\" target=\"_blank\" class=\"button primary is-gloss is-medium\" rel=\"noopener\" >\n\t\t<span>Download Brochure<\/span>\n\t<i class=\"icon-angle-right\" aria-hidden=\"true\"><\/i><\/a>\n\n","protected":false},"featured_media":3786,"template":"","meta":[],"product_brand":[],"product_cat":[440,1165],"product_tag":[501,448,450,1189,445,449,451,1190,846,447,446,1188],"class_list":{"0":"post-3792","1":"product","2":"type-product","3":"status-publish","4":"has-post-thumbnail","6":"product_cat-ventilatoren-de","7":"product_cat-whisperblower-de","8":"product_tag-125mm-flange-de","9":"product_tag-air-filtration-de","10":"product_tag-intake-fan-de","11":"product_tag-ec-fan-de","12":"product_tag-fan-de","13":"product_tag-intake-ventilator-de","14":"product_tag-duct-fan-de","15":"product_tag-sehr-leise","16":"product_tag-two-speed-de","17":"product_tag-ventilation-system-de","18":"product_tag-ventilator-de","19":"product_tag-whisperblower-de","21":"first","22":"instock","23":"taxable","24":"shipping-taxable","25":"product-type-simple"},"yoast_head":"<!-- This site is optimized with the Yoast SEO plugin v27.2 - https:\/\/yoast.com\/product\/yoast-seo-wordpress\/ -->\n<title>Ventilator PK125WHSP-EC bei primaklima<\/title>\n<meta name=\"description\" content=\"EC-L\u00fcfter, 0-800 m\u00b3\/h, 125 mm Flansch. Unsere neueste Produktentwicklung ist der WhisperBlower. In partnerschaftlicher Zusammenarbeit mit ebmpapst Motoren haben wir ein ganz neues Design entwickelt.\" \/>\n<meta name=\"robots\" content=\"index, follow, max-snippet:-1, max-image-preview:large, max-video-preview:-1\" \/>\n<link rel=\"canonical\" href=\"https:\/\/primaklima.com\/de\/shop\/ventilatoren-de\/whisperblower-de\/pk125whsp-ec\/\" \/>\n<meta property=\"og:locale\" content=\"de_DE\" \/>\n<meta property=\"og:type\" content=\"article\" \/>\n<meta property=\"og:title\" content=\"Ventilator PK125WHSP-EC bei primaklima\" \/>\n<meta property=\"og:description\" content=\"EC-L\u00fcfter, 0-800 m\u00b3\/h, 125 mm Flansch. Unsere neueste Produktentwicklung ist der WhisperBlower. In partnerschaftlicher Zusammenarbeit mit ebmpapst Motoren haben wir ein ganz neues Design entwickelt.\" \/>\n<meta property=\"og:url\" content=\"https:\/\/primaklima.com\/de\/shop\/ventilatoren-de\/whisperblower-de\/pk125whsp-ec\/\" \/>\n<meta property=\"og:site_name\" content=\"primaklima \u2013 filtration, ventilation, metal forming\" \/>\n<meta property=\"article:modified_time\" content=\"2024-08-30T12:10:01+00:00\" \/>\n<meta property=\"og:image\" content=\"https:\/\/primaklima.com\/wp-content\/uploads\/2022\/03\/PK125WHSP-EC.jpg\" \/>\n\t<meta property=\"og:image:width\" content=\"1500\" \/>\n\t<meta property=\"og:image:height\" content=\"1500\" \/>\n\t<meta property=\"og:image:type\" content=\"image\/jpeg\" \/>\n<meta name=\"twitter:card\" content=\"summary_large_image\" \/>\n<meta name=\"twitter:label1\" content=\"Gesch\u00e4tzte Lesezeit\" \/>\n\t<meta name=\"twitter:data1\" content=\"2\u00a0Minuten\" \/>\n<script type=\"application\/ld+json\" class=\"yoast-schema-graph\">{\"@context\":\"https:\/\/schema.org\",\"@graph\":[{\"@type\":\"WebPage\",\"@id\":\"https:\/\/primaklima.com\/de\/shop\/ventilatoren-de\/whisperblower-de\/pk125whsp-ec\/\",\"url\":\"https:\/\/primaklima.com\/de\/shop\/ventilatoren-de\/whisperblower-de\/pk125whsp-ec\/\",\"name\":\"Ventilator PK125WHSP-EC bei primaklima\",\"isPartOf\":{\"@id\":\"https:\/\/primaklima.com\/de\/#website\"},\"primaryImageOfPage\":{\"@id\":\"https:\/\/primaklima.com\/de\/shop\/ventilatoren-de\/whisperblower-de\/pk125whsp-ec\/#primaryimage\"},\"image\":{\"@id\":\"https:\/\/primaklima.com\/de\/shop\/ventilatoren-de\/whisperblower-de\/pk125whsp-ec\/#primaryimage\"},\"thumbnailUrl\":\"https:\/\/primaklima.com\/wp-content\/uploads\/2022\/03\/PK125WHSP-EC.jpg\",\"datePublished\":\"2022-03-16T12:07:51+00:00\",\"dateModified\":\"2024-08-30T12:10:01+00:00\",\"description\":\"EC-L\u00fcfter, 0-800 m\u00b3\/h, 125 mm Flansch. Unsere neueste Produktentwicklung ist der WhisperBlower. In partnerschaftlicher Zusammenarbeit mit ebmpapst Motoren haben wir ein ganz neues Design entwickelt.\",\"breadcrumb\":{\"@id\":\"https:\/\/primaklima.com\/de\/shop\/ventilatoren-de\/whisperblower-de\/pk125whsp-ec\/#breadcrumb\"},\"inLanguage\":\"de\",\"potentialAction\":[{\"@type\":\"ReadAction\",\"target\":[\"https:\/\/primaklima.com\/de\/shop\/ventilatoren-de\/whisperblower-de\/pk125whsp-ec\/\"]}]},{\"@type\":\"ImageObject\",\"inLanguage\":\"de\",\"@id\":\"https:\/\/primaklima.com\/de\/shop\/ventilatoren-de\/whisperblower-de\/pk125whsp-ec\/#primaryimage\",\"url\":\"https:\/\/primaklima.com\/wp-content\/uploads\/2022\/03\/PK125WHSP-EC.jpg\",\"contentUrl\":\"https:\/\/primaklima.com\/wp-content\/uploads\/2022\/03\/PK125WHSP-EC.jpg\",\"width\":1500,\"height\":1500},{\"@type\":\"BreadcrumbList\",\"@id\":\"https:\/\/primaklima.com\/de\/shop\/ventilatoren-de\/whisperblower-de\/pk125whsp-ec\/#breadcrumb\",\"itemListElement\":[{\"@type\":\"ListItem\",\"position\":1,\"name\":\"Home\",\"item\":\"https:\/\/primaklima.com\/de\/\"},{\"@type\":\"ListItem\",\"position\":2,\"name\":\"Products\",\"item\":\"https:\/\/primaklima.com\/de\/products\/\"},{\"@type\":\"ListItem\",\"position\":3,\"name\":\"PK125WHSP-EC\"}]},{\"@type\":\"WebSite\",\"@id\":\"https:\/\/primaklima.com\/de\/#website\",\"url\":\"https:\/\/primaklima.com\/de\/\",\"name\":\"primaklima \u2013 filtration, ventilation, metal forming\",\"description\":\"Since 1996\",\"potentialAction\":[{\"@type\":\"SearchAction\",\"target\":{\"@type\":\"EntryPoint\",\"urlTemplate\":\"https:\/\/primaklima.com\/de\/?s={search_term_string}\"},\"query-input\":{\"@type\":\"PropertyValueSpecification\",\"valueRequired\":true,\"valueName\":\"search_term_string\"}}],\"inLanguage\":\"de\"}]}<\/script>\n<!-- \/ Yoast SEO plugin. -->","yoast_head_json":{"title":"Ventilator PK125WHSP-EC bei primaklima","description":"EC-L\u00fcfter, 0-800 m\u00b3\/h, 125 mm Flansch. Unsere neueste Produktentwicklung ist der WhisperBlower. In partnerschaftlicher Zusammenarbeit mit ebmpapst Motoren haben wir ein ganz neues Design entwickelt.","robots":{"index":"index","follow":"follow","max-snippet":"max-snippet:-1","max-image-preview":"max-image-preview:large","max-video-preview":"max-video-preview:-1"},"canonical":"https:\/\/primaklima.com\/de\/shop\/ventilatoren-de\/whisperblower-de\/pk125whsp-ec\/","og_locale":"de_DE","og_type":"article","og_title":"Ventilator PK125WHSP-EC bei primaklima","og_description":"EC-L\u00fcfter, 0-800 m\u00b3\/h, 125 mm Flansch. Unsere neueste Produktentwicklung ist der WhisperBlower. In partnerschaftlicher Zusammenarbeit mit ebmpapst Motoren haben wir ein ganz neues Design entwickelt.","og_url":"https:\/\/primaklima.com\/de\/shop\/ventilatoren-de\/whisperblower-de\/pk125whsp-ec\/","og_site_name":"primaklima \u2013 filtration, ventilation, metal forming","article_modified_time":"2024-08-30T12:10:01+00:00","og_image":[{"width":1500,"height":1500,"url":"https:\/\/primaklima.com\/wp-content\/uploads\/2022\/03\/PK125WHSP-EC.jpg","type":"image\/jpeg"}],"twitter_card":"summary_large_image","twitter_misc":{"Gesch\u00e4tzte Lesezeit":"2\u00a0Minuten"},"schema":{"@context":"https:\/\/schema.org","@graph":[{"@type":"WebPage","@id":"https:\/\/primaklima.com\/de\/shop\/ventilatoren-de\/whisperblower-de\/pk125whsp-ec\/","url":"https:\/\/primaklima.com\/de\/shop\/ventilatoren-de\/whisperblower-de\/pk125whsp-ec\/","name":"Ventilator PK125WHSP-EC bei primaklima","isPartOf":{"@id":"https:\/\/primaklima.com\/de\/#website"},"primaryImageOfPage":{"@id":"https:\/\/primaklima.com\/de\/shop\/ventilatoren-de\/whisperblower-de\/pk125whsp-ec\/#primaryimage"},"image":{"@id":"https:\/\/primaklima.com\/de\/shop\/ventilatoren-de\/whisperblower-de\/pk125whsp-ec\/#primaryimage"},"thumbnailUrl":"https:\/\/primaklima.com\/wp-content\/uploads\/2022\/03\/PK125WHSP-EC.jpg","datePublished":"2022-03-16T12:07:51+00:00","dateModified":"2024-08-30T12:10:01+00:00","description":"EC-L\u00fcfter, 0-800 m\u00b3\/h, 125 mm Flansch. Unsere neueste Produktentwicklung ist der WhisperBlower. In partnerschaftlicher Zusammenarbeit mit ebmpapst Motoren haben wir ein ganz neues Design entwickelt.","breadcrumb":{"@id":"https:\/\/primaklima.com\/de\/shop\/ventilatoren-de\/whisperblower-de\/pk125whsp-ec\/#breadcrumb"},"inLanguage":"de","potentialAction":[{"@type":"ReadAction","target":["https:\/\/primaklima.com\/de\/shop\/ventilatoren-de\/whisperblower-de\/pk125whsp-ec\/"]}]},{"@type":"ImageObject","inLanguage":"de","@id":"https:\/\/primaklima.com\/de\/shop\/ventilatoren-de\/whisperblower-de\/pk125whsp-ec\/#primaryimage","url":"https:\/\/primaklima.com\/wp-content\/uploads\/2022\/03\/PK125WHSP-EC.jpg","contentUrl":"https:\/\/primaklima.com\/wp-content\/uploads\/2022\/03\/PK125WHSP-EC.jpg","width":1500,"height":1500},{"@type":"BreadcrumbList","@id":"https:\/\/primaklima.com\/de\/shop\/ventilatoren-de\/whisperblower-de\/pk125whsp-ec\/#breadcrumb","itemListElement":[{"@type":"ListItem","position":1,"name":"Home","item":"https:\/\/primaklima.com\/de\/"},{"@type":"ListItem","position":2,"name":"Products","item":"https:\/\/primaklima.com\/de\/products\/"},{"@type":"ListItem","position":3,"name":"PK125WHSP-EC"}]},{"@type":"WebSite","@id":"https:\/\/primaklima.com\/de\/#website","url":"https:\/\/primaklima.com\/de\/","name":"primaklima \u2013 filtration, ventilation, metal forming","description":"Since 1996","potentialAction":[{"@type":"SearchAction","target":{"@type":"EntryPoint","urlTemplate":"https:\/\/primaklima.com\/de\/?s={search_term_string}"},"query-input":{"@type":"PropertyValueSpecification","valueRequired":true,"valueName":"search_term_string"}}],"inLanguage":"de"}]}},"_links":{"self":[{"href":"https:\/\/primaklima.com\/de\/wp-json\/wp\/v2\/product\/3792","targetHints":{"allow":["GET"]}}],"collection":[{"href":"https:\/\/primaklima.com\/de\/wp-json\/wp\/v2\/product"}],"about":[{"href":"https:\/\/primaklima.com\/de\/wp-json\/wp\/v2\/types\/product"}],"wp:featuredmedia":[{"embeddable":true,"href":"https:\/\/primaklima.com\/de\/wp-json\/wp\/v2\/media\/3786"}],"wp:attachment":[{"href":"https:\/\/primaklima.com\/de\/wp-json\/wp\/v2\/media?parent=3792"}],"wp:term":[{"taxonomy":"product_brand","embeddable":true,"href":"https:\/\/primaklima.com\/de\/wp-json\/wp\/v2\/product_brand?post=3792"},{"taxonomy":"product_cat","embeddable":true,"href":"https:\/\/primaklima.com\/de\/wp-json\/wp\/v2\/product_cat?post=3792"},{"taxonomy":"product_tag","embeddable":true,"href":"https:\/\/primaklima.com\/de\/wp-json\/wp\/v2\/product_tag?post=3792"}],"curies":[{"name":"wp","href":"https:\/\/api.w.org\/{rel}","templated":true}]}}