{"id":4742,"date":"2022-06-02T12:07:08","date_gmt":"2022-06-02T14:07:08","guid":{"rendered":"https:\/\/primaklima.com\/shop\/unkategorisiert\/fast-clamp-o-355-mm-1-pc\/"},"modified":"2022-06-03T03:25:07","modified_gmt":"2022-06-03T05:25:07","slug":"verbindungsmanschette-355-de","status":"publish","type":"product","link":"https:\/\/primaklima.com\/de\/shop\/ventilatoren-de\/ventilatoren-zubehor\/verbindungsmanschette-355-de\/","title":{"rendered":"Verbindungsmanschette &#8211; \u00d8 355 mm"},"content":{"rendered":"<p>Verbindungsmanschette f\u00fcr den soliden und luftdichten<br \/>\nAnschluss von Ventilatoren an Filter oder L\u00fcftungsteile<\/p>\n<ul>\n<li>Hergestellt aus Stahl<\/li>\n<li>Innengummi \u00fcbertr\u00e4gt keine Vibrationen und Ger\u00e4usche vom Ventilator<\/li>\n<li>inklusive Halterung, mit dem die Manschette an der Decke befestigt werden kann<\/li>\n<\/ul>\n<p>Erh\u00e4ltlich in 9 verschiedenen Gr\u00f6\u00dfen:<br \/>\n100, 125, 150, 160, 200, 250, 315, 355, 400 mm<\/p>\n","protected":false},"excerpt":{"rendered":"<p>Verbindungsmanschette &#8211; \u00d8 355 mm<\/p>\n<p>F\u00fcr den soliden und luftdichten Anschluss von Ventilatoren an Filter oder L\u00fcftungsteile.<\/p>\n","protected":false},"featured_media":4719,"template":"","meta":[],"product_brand":[],"product_cat":[440,666],"product_tag":[792,1578,1577,1576],"class_list":{"0":"post-4742","1":"product","2":"type-product","3":"status-publish","4":"has-post-thumbnail","6":"product_cat-ventilatoren-de","7":"product_cat-ventilatoren-zubehor","8":"product_tag-accessories-de","9":"product_tag-connector-cuffs-de","10":"product_tag-fast-clamps-de","11":"product_tag-ventilation-accessories-de","12":"pa_accessories-verbindungsmanschette-de","14":"first","15":"instock","16":"taxable","17":"shipping-taxable","18":"product-type-simple"},"yoast_head":"<!-- This site is optimized with the Yoast SEO plugin v27.2 - https:\/\/yoast.com\/product\/yoast-seo-wordpress\/ -->\n<title>Verbindungsmanschette - \u00d8 355 mm - by primaklima \u2013 filtration, ventilation, metal forming<\/title>\n<meta name=\"description\" content=\"Verbindungsmanschette - \u00d8 355 mm, f\u00fcr den soliden und luftdichten Anschluss von Ventilatoren an Filter oder L\u00fcftungsteile.\" \/>\n<meta name=\"robots\" content=\"index, follow, max-snippet:-1, max-image-preview:large, max-video-preview:-1\" \/>\n<link rel=\"canonical\" href=\"https:\/\/primaklima.com\/de\/shop\/ventilatoren-de\/ventilatoren-zubehor\/verbindungsmanschette-355-de\/\" \/>\n<meta property=\"og:locale\" content=\"de_DE\" \/>\n<meta property=\"og:type\" content=\"article\" \/>\n<meta property=\"og:title\" content=\"Verbindungsmanschette - \u00d8 355 mm - by primaklima \u2013 filtration, ventilation, metal forming\" \/>\n<meta property=\"og:description\" content=\"Verbindungsmanschette - \u00d8 355 mm, f\u00fcr den soliden und luftdichten Anschluss von Ventilatoren an Filter oder L\u00fcftungsteile.\" \/>\n<meta property=\"og:url\" content=\"https:\/\/primaklima.com\/de\/shop\/ventilatoren-de\/ventilatoren-zubehor\/verbindungsmanschette-355-de\/\" \/>\n<meta property=\"og:site_name\" content=\"primaklima \u2013 filtration, ventilation, metal forming\" \/>\n<meta property=\"article:modified_time\" content=\"2022-06-03T05:25:07+00:00\" \/>\n<meta property=\"og:image\" content=\"https:\/\/primaklima.com\/wp-content\/uploads\/2022\/06\/fast_clamp.jpg\" \/>\n\t<meta property=\"og:image:width\" content=\"1500\" \/>\n\t<meta property=\"og:image:height\" content=\"1500\" \/>\n\t<meta property=\"og:image:type\" content=\"image\/jpeg\" \/>\n<meta name=\"twitter:card\" content=\"summary_large_image\" \/>\n<script type=\"application\/ld+json\" class=\"yoast-schema-graph\">{\"@context\":\"https:\/\/schema.org\",\"@graph\":[{\"@type\":\"WebPage\",\"@id\":\"https:\/\/primaklima.com\/de\/shop\/ventilatoren-de\/ventilatoren-zubehor\/verbindungsmanschette-355-de\/\",\"url\":\"https:\/\/primaklima.com\/de\/shop\/ventilatoren-de\/ventilatoren-zubehor\/verbindungsmanschette-355-de\/\",\"name\":\"Verbindungsmanschette - \u00d8 355 mm - by primaklima \u2013 filtration, ventilation, metal forming\",\"isPartOf\":{\"@id\":\"https:\/\/primaklima.com\/de\/#website\"},\"primaryImageOfPage\":{\"@id\":\"https:\/\/primaklima.com\/de\/shop\/ventilatoren-de\/ventilatoren-zubehor\/verbindungsmanschette-355-de\/#primaryimage\"},\"image\":{\"@id\":\"https:\/\/primaklima.com\/de\/shop\/ventilatoren-de\/ventilatoren-zubehor\/verbindungsmanschette-355-de\/#primaryimage\"},\"thumbnailUrl\":\"https:\/\/primaklima.com\/wp-content\/uploads\/2022\/06\/fast_clamp.jpg\",\"datePublished\":\"2022-06-02T14:07:08+00:00\",\"dateModified\":\"2022-06-03T05:25:07+00:00\",\"description\":\"Verbindungsmanschette - \u00d8 355 mm, f\u00fcr den soliden und luftdichten Anschluss von Ventilatoren an Filter oder L\u00fcftungsteile.\",\"breadcrumb\":{\"@id\":\"https:\/\/primaklima.com\/de\/shop\/ventilatoren-de\/ventilatoren-zubehor\/verbindungsmanschette-355-de\/#breadcrumb\"},\"inLanguage\":\"de\",\"potentialAction\":[{\"@type\":\"ReadAction\",\"target\":[\"https:\/\/primaklima.com\/de\/shop\/ventilatoren-de\/ventilatoren-zubehor\/verbindungsmanschette-355-de\/\"]}]},{\"@type\":\"ImageObject\",\"inLanguage\":\"de\",\"@id\":\"https:\/\/primaklima.com\/de\/shop\/ventilatoren-de\/ventilatoren-zubehor\/verbindungsmanschette-355-de\/#primaryimage\",\"url\":\"https:\/\/primaklima.com\/wp-content\/uploads\/2022\/06\/fast_clamp.jpg\",\"contentUrl\":\"https:\/\/primaklima.com\/wp-content\/uploads\/2022\/06\/fast_clamp.jpg\",\"width\":1500,\"height\":1500,\"caption\":\"connector cuff\"},{\"@type\":\"BreadcrumbList\",\"@id\":\"https:\/\/primaklima.com\/de\/shop\/ventilatoren-de\/ventilatoren-zubehor\/verbindungsmanschette-355-de\/#breadcrumb\",\"itemListElement\":[{\"@type\":\"ListItem\",\"position\":1,\"name\":\"Home\",\"item\":\"https:\/\/primaklima.com\/de\/\"},{\"@type\":\"ListItem\",\"position\":2,\"name\":\"Products\",\"item\":\"https:\/\/primaklima.com\/de\/products\/\"},{\"@type\":\"ListItem\",\"position\":3,\"name\":\"Verbindungsmanschette &#8211; \u00d8 355 mm\"}]},{\"@type\":\"WebSite\",\"@id\":\"https:\/\/primaklima.com\/de\/#website\",\"url\":\"https:\/\/primaklima.com\/de\/\",\"name\":\"primaklima \u2013 filtration, ventilation, metal forming\",\"description\":\"Since 1996\",\"potentialAction\":[{\"@type\":\"SearchAction\",\"target\":{\"@type\":\"EntryPoint\",\"urlTemplate\":\"https:\/\/primaklima.com\/de\/?s={search_term_string}\"},\"query-input\":{\"@type\":\"PropertyValueSpecification\",\"valueRequired\":true,\"valueName\":\"search_term_string\"}}],\"inLanguage\":\"de\"}]}<\/script>\n<!-- \/ Yoast SEO plugin. -->","yoast_head_json":{"title":"Verbindungsmanschette - \u00d8 355 mm - by primaklima \u2013 filtration, ventilation, metal forming","description":"Verbindungsmanschette - \u00d8 355 mm, f\u00fcr den soliden und luftdichten Anschluss von Ventilatoren an Filter oder L\u00fcftungsteile.","robots":{"index":"index","follow":"follow","max-snippet":"max-snippet:-1","max-image-preview":"max-image-preview:large","max-video-preview":"max-video-preview:-1"},"canonical":"https:\/\/primaklima.com\/de\/shop\/ventilatoren-de\/ventilatoren-zubehor\/verbindungsmanschette-355-de\/","og_locale":"de_DE","og_type":"article","og_title":"Verbindungsmanschette - \u00d8 355 mm - by primaklima \u2013 filtration, ventilation, metal forming","og_description":"Verbindungsmanschette - \u00d8 355 mm, f\u00fcr den soliden und luftdichten Anschluss von Ventilatoren an Filter oder L\u00fcftungsteile.","og_url":"https:\/\/primaklima.com\/de\/shop\/ventilatoren-de\/ventilatoren-zubehor\/verbindungsmanschette-355-de\/","og_site_name":"primaklima \u2013 filtration, ventilation, metal forming","article_modified_time":"2022-06-03T05:25:07+00:00","og_image":[{"width":1500,"height":1500,"url":"https:\/\/primaklima.com\/wp-content\/uploads\/2022\/06\/fast_clamp.jpg","type":"image\/jpeg"}],"twitter_card":"summary_large_image","schema":{"@context":"https:\/\/schema.org","@graph":[{"@type":"WebPage","@id":"https:\/\/primaklima.com\/de\/shop\/ventilatoren-de\/ventilatoren-zubehor\/verbindungsmanschette-355-de\/","url":"https:\/\/primaklima.com\/de\/shop\/ventilatoren-de\/ventilatoren-zubehor\/verbindungsmanschette-355-de\/","name":"Verbindungsmanschette - \u00d8 355 mm - by primaklima \u2013 filtration, ventilation, metal forming","isPartOf":{"@id":"https:\/\/primaklima.com\/de\/#website"},"primaryImageOfPage":{"@id":"https:\/\/primaklima.com\/de\/shop\/ventilatoren-de\/ventilatoren-zubehor\/verbindungsmanschette-355-de\/#primaryimage"},"image":{"@id":"https:\/\/primaklima.com\/de\/shop\/ventilatoren-de\/ventilatoren-zubehor\/verbindungsmanschette-355-de\/#primaryimage"},"thumbnailUrl":"https:\/\/primaklima.com\/wp-content\/uploads\/2022\/06\/fast_clamp.jpg","datePublished":"2022-06-02T14:07:08+00:00","dateModified":"2022-06-03T05:25:07+00:00","description":"Verbindungsmanschette - \u00d8 355 mm, f\u00fcr den soliden und luftdichten Anschluss von Ventilatoren an Filter oder L\u00fcftungsteile.","breadcrumb":{"@id":"https:\/\/primaklima.com\/de\/shop\/ventilatoren-de\/ventilatoren-zubehor\/verbindungsmanschette-355-de\/#breadcrumb"},"inLanguage":"de","potentialAction":[{"@type":"ReadAction","target":["https:\/\/primaklima.com\/de\/shop\/ventilatoren-de\/ventilatoren-zubehor\/verbindungsmanschette-355-de\/"]}]},{"@type":"ImageObject","inLanguage":"de","@id":"https:\/\/primaklima.com\/de\/shop\/ventilatoren-de\/ventilatoren-zubehor\/verbindungsmanschette-355-de\/#primaryimage","url":"https:\/\/primaklima.com\/wp-content\/uploads\/2022\/06\/fast_clamp.jpg","contentUrl":"https:\/\/primaklima.com\/wp-content\/uploads\/2022\/06\/fast_clamp.jpg","width":1500,"height":1500,"caption":"connector cuff"},{"@type":"BreadcrumbList","@id":"https:\/\/primaklima.com\/de\/shop\/ventilatoren-de\/ventilatoren-zubehor\/verbindungsmanschette-355-de\/#breadcrumb","itemListElement":[{"@type":"ListItem","position":1,"name":"Home","item":"https:\/\/primaklima.com\/de\/"},{"@type":"ListItem","position":2,"name":"Products","item":"https:\/\/primaklima.com\/de\/products\/"},{"@type":"ListItem","position":3,"name":"Verbindungsmanschette &#8211; \u00d8 355 mm"}]},{"@type":"WebSite","@id":"https:\/\/primaklima.com\/de\/#website","url":"https:\/\/primaklima.com\/de\/","name":"primaklima \u2013 filtration, ventilation, metal forming","description":"Since 1996","potentialAction":[{"@type":"SearchAction","target":{"@type":"EntryPoint","urlTemplate":"https:\/\/primaklima.com\/de\/?s={search_term_string}"},"query-input":{"@type":"PropertyValueSpecification","valueRequired":true,"valueName":"search_term_string"}}],"inLanguage":"de"}]}},"_links":{"self":[{"href":"https:\/\/primaklima.com\/de\/wp-json\/wp\/v2\/product\/4742","targetHints":{"allow":["GET"]}}],"collection":[{"href":"https:\/\/primaklima.com\/de\/wp-json\/wp\/v2\/product"}],"about":[{"href":"https:\/\/primaklima.com\/de\/wp-json\/wp\/v2\/types\/product"}],"wp:featuredmedia":[{"embeddable":true,"href":"https:\/\/primaklima.com\/de\/wp-json\/wp\/v2\/media\/4719"}],"wp:attachment":[{"href":"https:\/\/primaklima.com\/de\/wp-json\/wp\/v2\/media?parent=4742"}],"wp:term":[{"taxonomy":"product_brand","embeddable":true,"href":"https:\/\/primaklima.com\/de\/wp-json\/wp\/v2\/product_brand?post=4742"},{"taxonomy":"product_cat","embeddable":true,"href":"https:\/\/primaklima.com\/de\/wp-json\/wp\/v2\/product_cat?post=4742"},{"taxonomy":"product_tag","embeddable":true,"href":"https:\/\/primaklima.com\/de\/wp-json\/wp\/v2\/product_tag?post=4742"}],"curies":[{"name":"wp","href":"https:\/\/api.w.org\/{rel}","templated":true}]}}