{"id":4988,"date":"2022-10-20T06:42:27","date_gmt":"2022-10-20T09:07:05","guid":{"rendered":"https:\/\/primaklima.com\/shop\/unkategorisiert\/pk150-160whsp-ectc\/"},"modified":"2026-03-18T13:29:08","modified_gmt":"2026-03-18T15:29:08","slug":"pk150-160whsp-ectc","status":"publish","type":"product","link":"https:\/\/primaklima.com\/de\/shop\/ventilatoren-de\/whisperblower-de\/pk150-160whsp-ectc\/","title":{"rendered":"PK150\/160WHSP-ECTC"},"content":{"rendered":"<h2><img loading=\"lazy\" decoding=\"async\" class=\"alignnone wp-image-3153\" src=\"https:\/\/primaklima.com\/wp-content\/uploads\/2021\/12\/whisperblower_logo_RGB.png\" alt=\"\" width=\"223\" height=\"39\" srcset=\"https:\/\/primaklima.com\/wp-content\/uploads\/2021\/12\/whisperblower_logo_RGB.png 6617w, https:\/\/primaklima.com\/wp-content\/uploads\/2021\/12\/whisperblower_logo_RGB-760x133.png 760w, https:\/\/primaklima.com\/wp-content\/uploads\/2021\/12\/whisperblower_logo_RGB-1500x263.png 1500w, https:\/\/primaklima.com\/wp-content\/uploads\/2021\/12\/whisperblower_logo_RGB-380x67.png 380w, https:\/\/primaklima.com\/wp-content\/uploads\/2021\/12\/whisperblower_logo_RGB-768x135.png 768w, https:\/\/primaklima.com\/wp-content\/uploads\/2021\/12\/whisperblower_logo_RGB-1536x270.png 1536w, https:\/\/primaklima.com\/wp-content\/uploads\/2021\/12\/whisperblower_logo_RGB-2048x359.png 2048w\" sizes=\"auto, (max-width: 223px) 100vw, 223px\" \/><\/h2>\n<h2><strong><em>TEMPERATURE CONTROLLED &#8211; UP TO 95<\/em><\/strong><strong><em>0 <\/em><\/strong><strong><em>m\u00b3\/h<\/em><\/strong><\/h2>\n<div class=\"row\"  id=\"row-12589541\">\n\n\t<div id=\"col-1507156010\" class=\"col medium-1\/2 large-6\"  >\n\t\t\t\t<div class=\"col-inner\"  >\n\t\t\t\n\t\t\t\n<p>Unsere neueste Produktentwicklung ist der WhisperBlower. In partnerschaftlicher Zusammenarbeit mit ebm-papst Motoren haben wir ein ganz neues Design entwickelt. Wir haben das Luftstr\u00f6mungsprinzip neu durchdacht und dadurch unvergleichbar gute Messergebnisse erzielt. Dieser Profi-L\u00fcfter in unserer bew\u00e4hrt robusten Qualit\u00e4t ist konkurrenzlos effizient.<\/p>\n\t\t<\/div>\n\t\t\t\t\t<\/div>\n\n\t\n\n\t<div id=\"col-2117880817\" class=\"col medium-1\/2 large-6\"  >\n\t\t\t\t<div class=\"col-inner\"  >\n\t\t\t\n\t\t\t\n<p>Vergleichbar mit einer Achterbahnfahrt wird die Luftstr\u00f6mung durch das neue Design so optimiert, dass bei gleich hohem Stromverbrauch mehr Druck aufgebaut wird, als bei herk\u00f6mmlichen Modellen und das sogar noch leiser. Wir wissen, was unsere Kunden brauchen.<\/p>\n\t\t<\/div>\n\t\t\t\t\t<\/div>\n\n\t\n<\/div>\n<h4><strong>Eigenschaften:<\/strong><\/h4>\n<ul>\n<li>Rohrventilator mit ebm-papst EC-Motor<\/li>\n<li>Doppelflansch \u2013 150 \/ 160 mm<\/li>\n<li>Leistungsstark, leise, energieeffizient<\/li>\n<li>Aerodynamisch optimierte Form<\/li>\n<li>Schlagfestes und langlebiges Geh\u00e4use aus flammhemmendem Polyamid (Nylon)<\/li>\n<li>Anschluss- und Steuerungssystem im Geh\u00e4use integriert<\/li>\n<\/ul>\n","protected":false},"excerpt":{"rendered":"<p>Flansch: 150 \/ 160 mm<br \/>\nMax. Luftstrom: 1400 m\u00b3\/h<br \/>\nLeistung: 170 W<br \/>\nAC Input: 230 V, 50\/60 Hz, 1,4 A<br \/>\nTmax: 50\u00b0C<br \/>\nMa\u00dfe: 334 x 367 mm (BxH)<br \/>\nGewicht: 3,85 kg (5,50 kg Brutto)<\/p>\n<a data-animate=\"fadeInRight\" href=\"https:\/\/cloud.primaklima.com\/index.php\/s\/ghf6ImI0LeVepiC\" target=\"_blank\" class=\"button primary is-gloss is-medium\" rel=\"noopener\" >\n\t\t<span>Download Brosch\u00fcre<\/span>\n\t<i class=\"icon-angle-right\" aria-hidden=\"true\"><\/i><\/a>\n\n","protected":false},"featured_media":4974,"template":"","meta":[],"product_brand":[],"product_cat":[440,1165],"product_tag":[1593,1592,448,450,1189,445,449,451,1190,846,447,446,1188],"class_list":{"0":"post-4988","1":"product","2":"type-product","3":"status-publish","4":"has-post-thumbnail","6":"product_cat-ventilatoren-de","7":"product_cat-whisperblower-de","8":"product_tag-150-160mm-de","9":"product_tag-150-160mm-flansch","10":"product_tag-air-filtration-de","11":"product_tag-intake-fan-de","12":"product_tag-ec-fan-de","13":"product_tag-fan-de","14":"product_tag-intake-ventilator-de","15":"product_tag-duct-fan-de","16":"product_tag-sehr-leise","17":"product_tag-two-speed-de","18":"product_tag-ventilation-system-de","19":"product_tag-ventilator-de","20":"product_tag-whisperblower-de","21":"pa_size-airflow-150-160mm_5-9-6-3-1000m-h-de","23":"first","24":"instock","25":"taxable","26":"shipping-taxable","27":"product-type-simple"},"yoast_head":"<!-- This site is optimized with the Yoast SEO plugin v27.2 - https:\/\/yoast.com\/product\/yoast-seo-wordpress\/ -->\n<title>Ventilator PK150\/160WHSP-ECTC bei primaklima<\/title>\n<meta name=\"description\" content=\"EC-L\u00fcfter, 1400 m3\/h, 150\/160 mm Flansch. Unsere neueste Produktentwicklung ist der WhisperBlower. In partnerschaftlicher Zusammenarbeit mit ebm-papst Motoren haben wir ein ganz neues Design entwickelt.\" \/>\n<meta name=\"robots\" content=\"index, follow, max-snippet:-1, max-image-preview:large, max-video-preview:-1\" \/>\n<link rel=\"canonical\" href=\"https:\/\/primaklima.com\/de\/shop\/ventilatoren-de\/whisperblower-de\/pk150-160whsp-ectc\/\" \/>\n<meta property=\"og:locale\" content=\"de_DE\" \/>\n<meta property=\"og:type\" content=\"article\" \/>\n<meta property=\"og:title\" content=\"Ventilator PK150\/160WHSP-ECTC bei primaklima\" \/>\n<meta property=\"og:description\" content=\"EC-L\u00fcfter, 1400 m3\/h, 150\/160 mm Flansch. Unsere neueste Produktentwicklung ist der WhisperBlower. In partnerschaftlicher Zusammenarbeit mit ebm-papst Motoren haben wir ein ganz neues Design entwickelt.\" \/>\n<meta property=\"og:url\" content=\"https:\/\/primaklima.com\/de\/shop\/ventilatoren-de\/whisperblower-de\/pk150-160whsp-ectc\/\" \/>\n<meta property=\"og:site_name\" content=\"primaklima \u2013 filtration, ventilation, metal forming\" \/>\n<meta property=\"article:modified_time\" content=\"2026-03-18T15:29:08+00:00\" \/>\n<meta property=\"og:image\" content=\"https:\/\/primaklima.com\/wp-content\/uploads\/2022\/10\/PK150-160WHSPECTC_photo_frontal_lores.jpg\" \/>\n\t<meta property=\"og:image:width\" content=\"1500\" \/>\n\t<meta property=\"og:image:height\" content=\"1500\" \/>\n\t<meta property=\"og:image:type\" content=\"image\/jpeg\" \/>\n<meta name=\"twitter:card\" content=\"summary_large_image\" \/>\n<meta name=\"twitter:label1\" content=\"Gesch\u00e4tzte Lesezeit\" \/>\n\t<meta name=\"twitter:data1\" content=\"1\u00a0Minute\" \/>\n<script type=\"application\/ld+json\" class=\"yoast-schema-graph\">{\"@context\":\"https:\/\/schema.org\",\"@graph\":[{\"@type\":\"WebPage\",\"@id\":\"https:\/\/primaklima.com\/de\/shop\/ventilatoren-de\/whisperblower-de\/pk150-160whsp-ectc\/\",\"url\":\"https:\/\/primaklima.com\/de\/shop\/ventilatoren-de\/whisperblower-de\/pk150-160whsp-ectc\/\",\"name\":\"Ventilator PK150\/160WHSP-ECTC bei primaklima\",\"isPartOf\":{\"@id\":\"https:\/\/primaklima.com\/de\/#website\"},\"primaryImageOfPage\":{\"@id\":\"https:\/\/primaklima.com\/de\/shop\/ventilatoren-de\/whisperblower-de\/pk150-160whsp-ectc\/#primaryimage\"},\"image\":{\"@id\":\"https:\/\/primaklima.com\/de\/shop\/ventilatoren-de\/whisperblower-de\/pk150-160whsp-ectc\/#primaryimage\"},\"thumbnailUrl\":\"https:\/\/primaklima.com\/wp-content\/uploads\/2022\/10\/PK150-160WHSPECTC_photo_frontal_lores.jpg\",\"datePublished\":\"2022-10-20T09:07:05+00:00\",\"dateModified\":\"2026-03-18T15:29:08+00:00\",\"description\":\"EC-L\u00fcfter, 1400 m3\/h, 150\/160 mm Flansch. Unsere neueste Produktentwicklung ist der WhisperBlower. In partnerschaftlicher Zusammenarbeit mit ebm-papst Motoren haben wir ein ganz neues Design entwickelt.\",\"breadcrumb\":{\"@id\":\"https:\/\/primaklima.com\/de\/shop\/ventilatoren-de\/whisperblower-de\/pk150-160whsp-ectc\/#breadcrumb\"},\"inLanguage\":\"de\",\"potentialAction\":[{\"@type\":\"ReadAction\",\"target\":[\"https:\/\/primaklima.com\/de\/shop\/ventilatoren-de\/whisperblower-de\/pk150-160whsp-ectc\/\"]}]},{\"@type\":\"ImageObject\",\"inLanguage\":\"de\",\"@id\":\"https:\/\/primaklima.com\/de\/shop\/ventilatoren-de\/whisperblower-de\/pk150-160whsp-ectc\/#primaryimage\",\"url\":\"https:\/\/primaklima.com\/wp-content\/uploads\/2022\/10\/PK150-160WHSPECTC_photo_frontal_lores.jpg\",\"contentUrl\":\"https:\/\/primaklima.com\/wp-content\/uploads\/2022\/10\/PK150-160WHSPECTC_photo_frontal_lores.jpg\",\"width\":1500,\"height\":1500},{\"@type\":\"BreadcrumbList\",\"@id\":\"https:\/\/primaklima.com\/de\/shop\/ventilatoren-de\/whisperblower-de\/pk150-160whsp-ectc\/#breadcrumb\",\"itemListElement\":[{\"@type\":\"ListItem\",\"position\":1,\"name\":\"Home\",\"item\":\"https:\/\/primaklima.com\/de\/\"},{\"@type\":\"ListItem\",\"position\":2,\"name\":\"Products\",\"item\":\"https:\/\/primaklima.com\/de\/products\/\"},{\"@type\":\"ListItem\",\"position\":3,\"name\":\"PK150\/160WHSP-ECTC\"}]},{\"@type\":\"WebSite\",\"@id\":\"https:\/\/primaklima.com\/de\/#website\",\"url\":\"https:\/\/primaklima.com\/de\/\",\"name\":\"primaklima \u2013 filtration, ventilation, metal forming\",\"description\":\"Since 1996\",\"potentialAction\":[{\"@type\":\"SearchAction\",\"target\":{\"@type\":\"EntryPoint\",\"urlTemplate\":\"https:\/\/primaklima.com\/de\/?s={search_term_string}\"},\"query-input\":{\"@type\":\"PropertyValueSpecification\",\"valueRequired\":true,\"valueName\":\"search_term_string\"}}],\"inLanguage\":\"de\"}]}<\/script>\n<!-- \/ Yoast SEO plugin. -->","yoast_head_json":{"title":"Ventilator PK150\/160WHSP-ECTC bei primaklima","description":"EC-L\u00fcfter, 1400 m3\/h, 150\/160 mm Flansch. Unsere neueste Produktentwicklung ist der WhisperBlower. In partnerschaftlicher Zusammenarbeit mit ebm-papst Motoren haben wir ein ganz neues Design entwickelt.","robots":{"index":"index","follow":"follow","max-snippet":"max-snippet:-1","max-image-preview":"max-image-preview:large","max-video-preview":"max-video-preview:-1"},"canonical":"https:\/\/primaklima.com\/de\/shop\/ventilatoren-de\/whisperblower-de\/pk150-160whsp-ectc\/","og_locale":"de_DE","og_type":"article","og_title":"Ventilator PK150\/160WHSP-ECTC bei primaklima","og_description":"EC-L\u00fcfter, 1400 m3\/h, 150\/160 mm Flansch. Unsere neueste Produktentwicklung ist der WhisperBlower. In partnerschaftlicher Zusammenarbeit mit ebm-papst Motoren haben wir ein ganz neues Design entwickelt.","og_url":"https:\/\/primaklima.com\/de\/shop\/ventilatoren-de\/whisperblower-de\/pk150-160whsp-ectc\/","og_site_name":"primaklima \u2013 filtration, ventilation, metal forming","article_modified_time":"2026-03-18T15:29:08+00:00","og_image":[{"width":1500,"height":1500,"url":"https:\/\/primaklima.com\/wp-content\/uploads\/2022\/10\/PK150-160WHSPECTC_photo_frontal_lores.jpg","type":"image\/jpeg"}],"twitter_card":"summary_large_image","twitter_misc":{"Gesch\u00e4tzte Lesezeit":"1\u00a0Minute"},"schema":{"@context":"https:\/\/schema.org","@graph":[{"@type":"WebPage","@id":"https:\/\/primaklima.com\/de\/shop\/ventilatoren-de\/whisperblower-de\/pk150-160whsp-ectc\/","url":"https:\/\/primaklima.com\/de\/shop\/ventilatoren-de\/whisperblower-de\/pk150-160whsp-ectc\/","name":"Ventilator PK150\/160WHSP-ECTC bei primaklima","isPartOf":{"@id":"https:\/\/primaklima.com\/de\/#website"},"primaryImageOfPage":{"@id":"https:\/\/primaklima.com\/de\/shop\/ventilatoren-de\/whisperblower-de\/pk150-160whsp-ectc\/#primaryimage"},"image":{"@id":"https:\/\/primaklima.com\/de\/shop\/ventilatoren-de\/whisperblower-de\/pk150-160whsp-ectc\/#primaryimage"},"thumbnailUrl":"https:\/\/primaklima.com\/wp-content\/uploads\/2022\/10\/PK150-160WHSPECTC_photo_frontal_lores.jpg","datePublished":"2022-10-20T09:07:05+00:00","dateModified":"2026-03-18T15:29:08+00:00","description":"EC-L\u00fcfter, 1400 m3\/h, 150\/160 mm Flansch. Unsere neueste Produktentwicklung ist der WhisperBlower. In partnerschaftlicher Zusammenarbeit mit ebm-papst Motoren haben wir ein ganz neues Design entwickelt.","breadcrumb":{"@id":"https:\/\/primaklima.com\/de\/shop\/ventilatoren-de\/whisperblower-de\/pk150-160whsp-ectc\/#breadcrumb"},"inLanguage":"de","potentialAction":[{"@type":"ReadAction","target":["https:\/\/primaklima.com\/de\/shop\/ventilatoren-de\/whisperblower-de\/pk150-160whsp-ectc\/"]}]},{"@type":"ImageObject","inLanguage":"de","@id":"https:\/\/primaklima.com\/de\/shop\/ventilatoren-de\/whisperblower-de\/pk150-160whsp-ectc\/#primaryimage","url":"https:\/\/primaklima.com\/wp-content\/uploads\/2022\/10\/PK150-160WHSPECTC_photo_frontal_lores.jpg","contentUrl":"https:\/\/primaklima.com\/wp-content\/uploads\/2022\/10\/PK150-160WHSPECTC_photo_frontal_lores.jpg","width":1500,"height":1500},{"@type":"BreadcrumbList","@id":"https:\/\/primaklima.com\/de\/shop\/ventilatoren-de\/whisperblower-de\/pk150-160whsp-ectc\/#breadcrumb","itemListElement":[{"@type":"ListItem","position":1,"name":"Home","item":"https:\/\/primaklima.com\/de\/"},{"@type":"ListItem","position":2,"name":"Products","item":"https:\/\/primaklima.com\/de\/products\/"},{"@type":"ListItem","position":3,"name":"PK150\/160WHSP-ECTC"}]},{"@type":"WebSite","@id":"https:\/\/primaklima.com\/de\/#website","url":"https:\/\/primaklima.com\/de\/","name":"primaklima \u2013 filtration, ventilation, metal forming","description":"Since 1996","potentialAction":[{"@type":"SearchAction","target":{"@type":"EntryPoint","urlTemplate":"https:\/\/primaklima.com\/de\/?s={search_term_string}"},"query-input":{"@type":"PropertyValueSpecification","valueRequired":true,"valueName":"search_term_string"}}],"inLanguage":"de"}]}},"_links":{"self":[{"href":"https:\/\/primaklima.com\/de\/wp-json\/wp\/v2\/product\/4988","targetHints":{"allow":["GET"]}}],"collection":[{"href":"https:\/\/primaklima.com\/de\/wp-json\/wp\/v2\/product"}],"about":[{"href":"https:\/\/primaklima.com\/de\/wp-json\/wp\/v2\/types\/product"}],"wp:featuredmedia":[{"embeddable":true,"href":"https:\/\/primaklima.com\/de\/wp-json\/wp\/v2\/media\/4974"}],"wp:attachment":[{"href":"https:\/\/primaklima.com\/de\/wp-json\/wp\/v2\/media?parent=4988"}],"wp:term":[{"taxonomy":"product_brand","embeddable":true,"href":"https:\/\/primaklima.com\/de\/wp-json\/wp\/v2\/product_brand?post=4988"},{"taxonomy":"product_cat","embeddable":true,"href":"https:\/\/primaklima.com\/de\/wp-json\/wp\/v2\/product_cat?post=4988"},{"taxonomy":"product_tag","embeddable":true,"href":"https:\/\/primaklima.com\/de\/wp-json\/wp\/v2\/product_tag?post=4988"}],"curies":[{"name":"wp","href":"https:\/\/api.w.org\/{rel}","templated":true}]}}