{"id":5084,"date":"2022-12-13T09:30:25","date_gmt":"2022-12-13T12:05:33","guid":{"rendered":"https:\/\/primaklima.com\/shop\/unkategorisiert\/pk150-160whsp-ecblue\/"},"modified":"2026-03-18T13:36:45","modified_gmt":"2026-03-18T15:36:45","slug":"pk150-160whsp-ecblue","status":"publish","type":"product","link":"https:\/\/primaklima.com\/de\/shop\/ventilatoren-de\/whisperblower-de\/pk150-160whsp-ecblue\/","title":{"rendered":"PK150\/160WHSP-ECblue"},"content":{"rendered":"<h2><img loading=\"lazy\" decoding=\"async\" class=\"alignnone wp-image-3152\" src=\"https:\/\/primaklima.com\/wp-content\/uploads\/2021\/12\/whisperblower_logo_RGB.png\" alt=\"\" width=\"223\" height=\"39\" srcset=\"https:\/\/primaklima.com\/wp-content\/uploads\/2021\/12\/whisperblower_logo_RGB.png 6617w, https:\/\/primaklima.com\/wp-content\/uploads\/2021\/12\/whisperblower_logo_RGB-760x133.png 760w, https:\/\/primaklima.com\/wp-content\/uploads\/2021\/12\/whisperblower_logo_RGB-1500x263.png 1500w, https:\/\/primaklima.com\/wp-content\/uploads\/2021\/12\/whisperblower_logo_RGB-380x67.png 380w, https:\/\/primaklima.com\/wp-content\/uploads\/2021\/12\/whisperblower_logo_RGB-768x135.png 768w, https:\/\/primaklima.com\/wp-content\/uploads\/2021\/12\/whisperblower_logo_RGB-1536x270.png 1536w, https:\/\/primaklima.com\/wp-content\/uploads\/2021\/12\/whisperblower_logo_RGB-2048x359.png 2048w\" sizes=\"auto, (max-width: 223px) 100vw, 223px\" \/><\/h2>\n<h2><strong><em>UP TO 1400 m\u00b3\/h<\/em><\/strong><\/h2>\n<div class=\"row\"  id=\"row-989416097\">\n\n\t<div id=\"col-1208550962\" class=\"col medium-1\/2 large-6\"  >\n\t\t\t\t<div class=\"col-inner\"  >\n\t\t\t\n\t\t\t\n<p>WhisperBlower ist unser neuestes Produkt. In Zusammenarbeit mit ebmpapst Motoren haben wir ein v\u00f6llig neues Design entwickelt. Wir haben das Prinzip der Luftstr\u00f6mung neu \u00fcberdacht und damit unvergleichlich bessere Messergebnisse erzielt. Dieser professionelle L\u00fcfter, der nach unserem bew\u00e4hrten, robusten Qualit\u00e4tsstandard gefertigt wurde, erreicht einen un\u00fcbertroffenen Wirkungsgrad.<\/p>\n\t\t<\/div>\n\t\t\t\t\t<\/div>\n\n\t\n\n\t<div id=\"col-1514378464\" class=\"col medium-1\/2 large-6\"  >\n\t\t\t\t<div class=\"col-inner\"  >\n\t\t\t\n\t\t\t\n<p>Das neue Design optimiert den Luftstrom auf eine Weise, die mit einer Achterbahnfahrt vergleichbar ist \u2013 es erzeugt bei gleichem Energieverbrauch wie herk\u00f6mmliche Modelle einen h\u00f6heren Druck und ist dabei sogar leiser.<\/p>\n\t\t<\/div>\n\t\t\t\t\t<\/div>\n\n\t\n<\/div>\n<h4><strong>Eigenschaften:<\/strong><\/h4>\n<ul>\n<li>Rohrventilator mit ebmpapst EC-Motor<\/li>\n<li>RJEC-Anschluss zur Verbindung des Ventilators mit dem PK-EC-Digital L\u00fcfterregler, einfach \u00fcber ein Standard-LAN-Kabel<\/li>\n<li>Temperatur und Drehzahl einstellbar mit dem ECTC-1M-Digital Regler<\/li>\n<li>Leistungsstark, leise, energieeffizient<\/li>\n<li>Aerodynamisch optimierte Form<\/li>\n<li>Schlagfestes und langlebiges Geh\u00e4use aus flammhemmendem Polyamid (Nylon)<\/li>\n<li>Anschluss- und Steuerungssystem im Geh\u00e4use integriert<\/li>\n<\/ul>\n","protected":false},"excerpt":{"rendered":"<p>Flansch: 150 \/ 160 mm<br \/>\nMax. Luftstrom: 1400 m\u00b3\/h<br \/>\nLeistung: 170 W<br \/>\nAC Input: 230 V, 50\/60 Hz, 1.4 A<br \/>\nTmax: 50\u00b0C<br \/>\nMa\u00dfe: 334 x 367 mm (BxH)<br \/>\nGewicht: 3.75 kg (5.40 kg gross Btto.)<\/p>\n<p>ECBlue Ventilator mit RJ45 Buchse.<\/p>\n<a data-animate=\"fadeInRight\" href=\"https:\/\/cloud.primaklima.com\/index.php\/s\/ghf6ImI0LeVepiC\" target=\"_blank\" class=\"button primary is-gloss is-medium\" rel=\"noopener\" >\n\t\t<span>Download Brochure<\/span>\n\t<i class=\"icon-angle-right\" aria-hidden=\"true\"><\/i><\/a>\n\n","protected":false},"featured_media":5112,"template":"","meta":[],"product_brand":[],"product_cat":[440,1165],"product_tag":[1593,448,450,1189,445,449,451,1190,447,446,1188],"class_list":{"0":"post-5084","1":"product","2":"type-product","3":"status-publish","4":"has-post-thumbnail","6":"product_cat-ventilatoren-de","7":"product_cat-whisperblower-de","8":"product_tag-150-160mm-de","9":"product_tag-air-filtration-de","10":"product_tag-intake-fan-de","11":"product_tag-ec-fan-de","12":"product_tag-fan-de","13":"product_tag-intake-ventilator-de","14":"product_tag-duct-fan-de","15":"product_tag-sehr-leise","16":"product_tag-ventilation-system-de","17":"product_tag-ventilator-de","18":"product_tag-whisperblower-de","19":"pa_size-airflow-150-160mm_5-9-6-3-1000m-h-de","21":"first","22":"instock","23":"taxable","24":"shipping-taxable","25":"product-type-simple"},"yoast_head":"<!-- This site is optimized with the Yoast SEO plugin v27.2 - https:\/\/yoast.com\/product\/yoast-seo-wordpress\/ -->\n<title>Ventilator PK150\/160WHSP-ECblue bei primaklima<\/title>\n<meta name=\"description\" content=\"EC-L\u00fcfter, Max. 1400 m\u00b3\/h, 150 \/ 160 mm Flansch. Unsere neueste Produktentwicklung ist der WhisperBlower. In partnerschaftlicher Zusammenarbeit mit ebmpapst Motoren haben wir ein ganz neues Design entwickelt.\" \/>\n<meta name=\"robots\" content=\"index, follow, max-snippet:-1, max-image-preview:large, max-video-preview:-1\" \/>\n<link rel=\"canonical\" href=\"https:\/\/primaklima.com\/de\/shop\/ventilatoren-de\/whisperblower-de\/pk150-160whsp-ecblue\/\" \/>\n<meta property=\"og:locale\" content=\"de_DE\" \/>\n<meta property=\"og:type\" content=\"article\" \/>\n<meta property=\"og:title\" content=\"Ventilator PK150\/160WHSP-ECblue bei primaklima\" \/>\n<meta property=\"og:description\" content=\"EC-L\u00fcfter, Max. 1400 m\u00b3\/h, 150 \/ 160 mm Flansch. Unsere neueste Produktentwicklung ist der WhisperBlower. In partnerschaftlicher Zusammenarbeit mit ebmpapst Motoren haben wir ein ganz neues Design entwickelt.\" \/>\n<meta property=\"og:url\" content=\"https:\/\/primaklima.com\/de\/shop\/ventilatoren-de\/whisperblower-de\/pk150-160whsp-ecblue\/\" \/>\n<meta property=\"og:site_name\" content=\"primaklima \u2013 filtration, ventilation, metal forming\" \/>\n<meta property=\"article:modified_time\" content=\"2026-03-18T15:36:45+00:00\" \/>\n<meta property=\"og:image\" content=\"https:\/\/primaklima.com\/wp-content\/uploads\/2023\/01\/PK150-160WHSP-ECblue_photo_frontal_lores.jpg\" \/>\n\t<meta property=\"og:image:width\" content=\"1500\" \/>\n\t<meta property=\"og:image:height\" content=\"1500\" \/>\n\t<meta property=\"og:image:type\" content=\"image\/jpeg\" \/>\n<meta name=\"twitter:card\" content=\"summary_large_image\" \/>\n<meta name=\"twitter:label1\" content=\"Gesch\u00e4tzte Lesezeit\" \/>\n\t<meta name=\"twitter:data1\" content=\"2\u00a0Minuten\" \/>\n<script type=\"application\/ld+json\" class=\"yoast-schema-graph\">{\"@context\":\"https:\/\/schema.org\",\"@graph\":[{\"@type\":\"WebPage\",\"@id\":\"https:\/\/primaklima.com\/de\/shop\/ventilatoren-de\/whisperblower-de\/pk150-160whsp-ecblue\/\",\"url\":\"https:\/\/primaklima.com\/de\/shop\/ventilatoren-de\/whisperblower-de\/pk150-160whsp-ecblue\/\",\"name\":\"Ventilator PK150\/160WHSP-ECblue bei primaklima\",\"isPartOf\":{\"@id\":\"https:\/\/primaklima.com\/de\/#website\"},\"primaryImageOfPage\":{\"@id\":\"https:\/\/primaklima.com\/de\/shop\/ventilatoren-de\/whisperblower-de\/pk150-160whsp-ecblue\/#primaryimage\"},\"image\":{\"@id\":\"https:\/\/primaklima.com\/de\/shop\/ventilatoren-de\/whisperblower-de\/pk150-160whsp-ecblue\/#primaryimage\"},\"thumbnailUrl\":\"https:\/\/primaklima.com\/wp-content\/uploads\/2023\/01\/PK150-160WHSP-ECblue_photo_frontal_lores.jpg\",\"datePublished\":\"2022-12-13T12:05:33+00:00\",\"dateModified\":\"2026-03-18T15:36:45+00:00\",\"description\":\"EC-L\u00fcfter, Max. 1400 m\u00b3\/h, 150 \/ 160 mm Flansch. Unsere neueste Produktentwicklung ist der WhisperBlower. In partnerschaftlicher Zusammenarbeit mit ebmpapst Motoren haben wir ein ganz neues Design entwickelt.\",\"breadcrumb\":{\"@id\":\"https:\/\/primaklima.com\/de\/shop\/ventilatoren-de\/whisperblower-de\/pk150-160whsp-ecblue\/#breadcrumb\"},\"inLanguage\":\"de\",\"potentialAction\":[{\"@type\":\"ReadAction\",\"target\":[\"https:\/\/primaklima.com\/de\/shop\/ventilatoren-de\/whisperblower-de\/pk150-160whsp-ecblue\/\"]}]},{\"@type\":\"ImageObject\",\"inLanguage\":\"de\",\"@id\":\"https:\/\/primaklima.com\/de\/shop\/ventilatoren-de\/whisperblower-de\/pk150-160whsp-ecblue\/#primaryimage\",\"url\":\"https:\/\/primaklima.com\/wp-content\/uploads\/2023\/01\/PK150-160WHSP-ECblue_photo_frontal_lores.jpg\",\"contentUrl\":\"https:\/\/primaklima.com\/wp-content\/uploads\/2023\/01\/PK150-160WHSP-ECblue_photo_frontal_lores.jpg\",\"width\":1500,\"height\":1500},{\"@type\":\"BreadcrumbList\",\"@id\":\"https:\/\/primaklima.com\/de\/shop\/ventilatoren-de\/whisperblower-de\/pk150-160whsp-ecblue\/#breadcrumb\",\"itemListElement\":[{\"@type\":\"ListItem\",\"position\":1,\"name\":\"Home\",\"item\":\"https:\/\/primaklima.com\/de\/\"},{\"@type\":\"ListItem\",\"position\":2,\"name\":\"Products\",\"item\":\"https:\/\/primaklima.com\/de\/products\/\"},{\"@type\":\"ListItem\",\"position\":3,\"name\":\"PK150\/160WHSP-ECblue\"}]},{\"@type\":\"WebSite\",\"@id\":\"https:\/\/primaklima.com\/de\/#website\",\"url\":\"https:\/\/primaklima.com\/de\/\",\"name\":\"primaklima \u2013 filtration, ventilation, metal forming\",\"description\":\"Since 1996\",\"potentialAction\":[{\"@type\":\"SearchAction\",\"target\":{\"@type\":\"EntryPoint\",\"urlTemplate\":\"https:\/\/primaklima.com\/de\/?s={search_term_string}\"},\"query-input\":{\"@type\":\"PropertyValueSpecification\",\"valueRequired\":true,\"valueName\":\"search_term_string\"}}],\"inLanguage\":\"de\"}]}<\/script>\n<!-- \/ Yoast SEO plugin. -->","yoast_head_json":{"title":"Ventilator PK150\/160WHSP-ECblue bei primaklima","description":"EC-L\u00fcfter, Max. 1400 m\u00b3\/h, 150 \/ 160 mm Flansch. Unsere neueste Produktentwicklung ist der WhisperBlower. In partnerschaftlicher Zusammenarbeit mit ebmpapst Motoren haben wir ein ganz neues Design entwickelt.","robots":{"index":"index","follow":"follow","max-snippet":"max-snippet:-1","max-image-preview":"max-image-preview:large","max-video-preview":"max-video-preview:-1"},"canonical":"https:\/\/primaklima.com\/de\/shop\/ventilatoren-de\/whisperblower-de\/pk150-160whsp-ecblue\/","og_locale":"de_DE","og_type":"article","og_title":"Ventilator PK150\/160WHSP-ECblue bei primaklima","og_description":"EC-L\u00fcfter, Max. 1400 m\u00b3\/h, 150 \/ 160 mm Flansch. Unsere neueste Produktentwicklung ist der WhisperBlower. In partnerschaftlicher Zusammenarbeit mit ebmpapst Motoren haben wir ein ganz neues Design entwickelt.","og_url":"https:\/\/primaklima.com\/de\/shop\/ventilatoren-de\/whisperblower-de\/pk150-160whsp-ecblue\/","og_site_name":"primaklima \u2013 filtration, ventilation, metal forming","article_modified_time":"2026-03-18T15:36:45+00:00","og_image":[{"width":1500,"height":1500,"url":"https:\/\/primaklima.com\/wp-content\/uploads\/2023\/01\/PK150-160WHSP-ECblue_photo_frontal_lores.jpg","type":"image\/jpeg"}],"twitter_card":"summary_large_image","twitter_misc":{"Gesch\u00e4tzte Lesezeit":"2\u00a0Minuten"},"schema":{"@context":"https:\/\/schema.org","@graph":[{"@type":"WebPage","@id":"https:\/\/primaklima.com\/de\/shop\/ventilatoren-de\/whisperblower-de\/pk150-160whsp-ecblue\/","url":"https:\/\/primaklima.com\/de\/shop\/ventilatoren-de\/whisperblower-de\/pk150-160whsp-ecblue\/","name":"Ventilator PK150\/160WHSP-ECblue bei primaklima","isPartOf":{"@id":"https:\/\/primaklima.com\/de\/#website"},"primaryImageOfPage":{"@id":"https:\/\/primaklima.com\/de\/shop\/ventilatoren-de\/whisperblower-de\/pk150-160whsp-ecblue\/#primaryimage"},"image":{"@id":"https:\/\/primaklima.com\/de\/shop\/ventilatoren-de\/whisperblower-de\/pk150-160whsp-ecblue\/#primaryimage"},"thumbnailUrl":"https:\/\/primaklima.com\/wp-content\/uploads\/2023\/01\/PK150-160WHSP-ECblue_photo_frontal_lores.jpg","datePublished":"2022-12-13T12:05:33+00:00","dateModified":"2026-03-18T15:36:45+00:00","description":"EC-L\u00fcfter, Max. 1400 m\u00b3\/h, 150 \/ 160 mm Flansch. Unsere neueste Produktentwicklung ist der WhisperBlower. In partnerschaftlicher Zusammenarbeit mit ebmpapst Motoren haben wir ein ganz neues Design entwickelt.","breadcrumb":{"@id":"https:\/\/primaklima.com\/de\/shop\/ventilatoren-de\/whisperblower-de\/pk150-160whsp-ecblue\/#breadcrumb"},"inLanguage":"de","potentialAction":[{"@type":"ReadAction","target":["https:\/\/primaklima.com\/de\/shop\/ventilatoren-de\/whisperblower-de\/pk150-160whsp-ecblue\/"]}]},{"@type":"ImageObject","inLanguage":"de","@id":"https:\/\/primaklima.com\/de\/shop\/ventilatoren-de\/whisperblower-de\/pk150-160whsp-ecblue\/#primaryimage","url":"https:\/\/primaklima.com\/wp-content\/uploads\/2023\/01\/PK150-160WHSP-ECblue_photo_frontal_lores.jpg","contentUrl":"https:\/\/primaklima.com\/wp-content\/uploads\/2023\/01\/PK150-160WHSP-ECblue_photo_frontal_lores.jpg","width":1500,"height":1500},{"@type":"BreadcrumbList","@id":"https:\/\/primaklima.com\/de\/shop\/ventilatoren-de\/whisperblower-de\/pk150-160whsp-ecblue\/#breadcrumb","itemListElement":[{"@type":"ListItem","position":1,"name":"Home","item":"https:\/\/primaklima.com\/de\/"},{"@type":"ListItem","position":2,"name":"Products","item":"https:\/\/primaklima.com\/de\/products\/"},{"@type":"ListItem","position":3,"name":"PK150\/160WHSP-ECblue"}]},{"@type":"WebSite","@id":"https:\/\/primaklima.com\/de\/#website","url":"https:\/\/primaklima.com\/de\/","name":"primaklima \u2013 filtration, ventilation, metal forming","description":"Since 1996","potentialAction":[{"@type":"SearchAction","target":{"@type":"EntryPoint","urlTemplate":"https:\/\/primaklima.com\/de\/?s={search_term_string}"},"query-input":{"@type":"PropertyValueSpecification","valueRequired":true,"valueName":"search_term_string"}}],"inLanguage":"de"}]}},"_links":{"self":[{"href":"https:\/\/primaklima.com\/de\/wp-json\/wp\/v2\/product\/5084","targetHints":{"allow":["GET"]}}],"collection":[{"href":"https:\/\/primaklima.com\/de\/wp-json\/wp\/v2\/product"}],"about":[{"href":"https:\/\/primaklima.com\/de\/wp-json\/wp\/v2\/types\/product"}],"wp:featuredmedia":[{"embeddable":true,"href":"https:\/\/primaklima.com\/de\/wp-json\/wp\/v2\/media\/5112"}],"wp:attachment":[{"href":"https:\/\/primaklima.com\/de\/wp-json\/wp\/v2\/media?parent=5084"}],"wp:term":[{"taxonomy":"product_brand","embeddable":true,"href":"https:\/\/primaklima.com\/de\/wp-json\/wp\/v2\/product_brand?post=5084"},{"taxonomy":"product_cat","embeddable":true,"href":"https:\/\/primaklima.com\/de\/wp-json\/wp\/v2\/product_cat?post=5084"},{"taxonomy":"product_tag","embeddable":true,"href":"https:\/\/primaklima.com\/de\/wp-json\/wp\/v2\/product_tag?post=5084"}],"curies":[{"name":"wp","href":"https:\/\/api.w.org\/{rel}","templated":true}]}}