{"id":5092,"date":"2023-01-19T11:54:40","date_gmt":"2023-01-19T13:54:40","guid":{"rendered":"https:\/\/primaklima.com\/shop\/unkategorisiert\/k1608-whspec\/"},"modified":"2023-01-24T07:53:02","modified_gmt":"2023-01-24T09:53:02","slug":"k1608-whspec","status":"publish","type":"product","link":"https:\/\/primaklima.com\/de\/shop\/luftfilter\/industry-line-de\/k1608-whspec\/","title":{"rendered":"K1608-WHSPEC"},"content":{"rendered":"<p>Der Filter ist perfekt f\u00fcr unsere Whisper150\/160-EC-Reihe, sowie die normale PK160-EC-Reihe.<\/p>\n<p>Die Premium-Aktivkohlefilter aus der Industry Line der primaklima zeichnen sich durch eine bemerkenswert hohe Lebensdauer und eine unvergleichbare Geruchsadsorption.<br \/>\nDie Filter sind nachf\u00fcllbar und haben ein 4 cm tiefes Bett aus erstklassiger, hocheffizienter Virgin Aktivkohle mit einer aktiven Oberfl\u00e4che von &gt; 1200 m\u00b2\/g.<br \/>\nDies stellt eine au\u00dfergew\u00f6hnlich lange Kontaktzeit zwischen der Luft und der Kohle sicher, was f\u00fcr die Geruchsentfernung sehr effektiv ist. Hochwertige Metalldr\u00fcckteile bieten maximale Stabilit\u00e4t und Haltbarkeit. Der extra lange Flansch bietet eine sichere Verbindung.<\/p>\n<h4><strong>Eigenschaften:<\/strong><\/h4>\n<ul>\n<li>L\u00e4ngere Standzeit Filter<\/li>\n<li>9.75 kg (!!!) Aktivkohle netto (13.7 kg brutto)<\/li>\n<li>Effektive Adsorption der Partikel und Geruchsentfernung<\/li>\n<li>4 cm tiefes Bett aus hochaktivierter Kohle<\/li>\n<li>Optimale Kontaktzeit<\/li>\n<li>Nachf\u00fcllbar<\/li>\n<li>Hochwertige Metallteile<\/li>\n<li>Mit Vorfilter gegen Staub<\/li>\n<\/ul>\n","protected":false},"excerpt":{"rendered":"<p>Flansch: 160 mm<br \/>\nL\u00e4nge: 1000 mm ohne Flansch<br \/>\nDurchmesser: 240 mm<br \/>\nMaximaler Luftstrom: 1440 m\u00b3\/h<br \/>\nOptimaler Luftstrom: 1100 m\u00b3\/h<br \/>\nInkl. Vorfilter: K1708-WHSPEC<br \/>\nGewicht: 13.7 kg<br \/>\nAktivkohle: 9.75 kg<\/p>\n<p>Der Filter ist perfekt f\u00fcr unsere Whisper150\/160-EC-Reihe.<\/p>\n","protected":false},"featured_media":1084,"template":"","meta":[],"product_brand":[],"product_cat":[587,689],"product_tag":[471,592,593,743,742,816,308,590,1188],"class_list":{"0":"post-5092","1":"product","2":"type-product","3":"status-publish","4":"has-post-thumbnail","6":"product_cat-luftfilter","7":"product_cat-industry-line-de","8":"product_tag-160mm-flange-de","9":"product_tag-activated-carbon-filter-de","10":"product_tag-filter-de","11":"product_tag-filtration-system-de","12":"product_tag-filtration-de","13":"product_tag-industry-line-de","14":"product_tag-industry-filter","15":"product_tag-carbon-filter-de","16":"product_tag-whisperblower-de","18":"first","19":"instock","20":"taxable","21":"shipping-taxable","22":"product-type-simple"},"yoast_head":"<!-- This site is optimized with the Yoast SEO plugin v27.2 - https:\/\/yoast.com\/product\/yoast-seo-wordpress\/ -->\n<title>Aktivkohlefilter K1608-WHSPEC - von primaklima \u2013 filtration, ventilation, metal forming<\/title>\n<meta name=\"description\" content=\"Hochwertige Aktivkohlefilter mit hochaktivierter Frischkohle aus hochwertigen Metallteilen f\u00fcr maximale Stabilit\u00e4t und Haltbarkeit.\" \/>\n<meta name=\"robots\" content=\"index, follow, max-snippet:-1, max-image-preview:large, max-video-preview:-1\" \/>\n<link rel=\"canonical\" href=\"https:\/\/primaklima.com\/de\/shop\/luftfilter\/industry-line-de\/k1608-whspec\/\" \/>\n<meta property=\"og:locale\" content=\"de_DE\" \/>\n<meta property=\"og:type\" content=\"article\" \/>\n<meta property=\"og:title\" content=\"Aktivkohlefilter K1608-WHSPEC - von primaklima \u2013 filtration, ventilation, metal forming\" \/>\n<meta property=\"og:description\" content=\"Hochwertige Aktivkohlefilter mit hochaktivierter Frischkohle aus hochwertigen Metallteilen f\u00fcr maximale Stabilit\u00e4t und Haltbarkeit.\" \/>\n<meta property=\"og:url\" content=\"https:\/\/primaklima.com\/de\/shop\/luftfilter\/industry-line-de\/k1608-whspec\/\" \/>\n<meta property=\"og:site_name\" content=\"primaklima \u2013 filtration, ventilation, metal forming\" \/>\n<meta property=\"article:modified_time\" content=\"2023-01-24T09:53:02+00:00\" \/>\n<meta property=\"og:image\" content=\"https:\/\/primaklima.com\/wp-content\/uploads\/2020\/03\/K1608.jpg\" \/>\n\t<meta property=\"og:image:width\" content=\"1500\" \/>\n\t<meta property=\"og:image:height\" content=\"1500\" \/>\n\t<meta property=\"og:image:type\" content=\"image\/jpeg\" \/>\n<meta name=\"twitter:card\" content=\"summary_large_image\" \/>\n<meta name=\"twitter:label1\" content=\"Gesch\u00e4tzte Lesezeit\" \/>\n\t<meta name=\"twitter:data1\" content=\"1\u00a0Minute\" \/>\n<script type=\"application\/ld+json\" class=\"yoast-schema-graph\">{\"@context\":\"https:\/\/schema.org\",\"@graph\":[{\"@type\":\"WebPage\",\"@id\":\"https:\/\/primaklima.com\/de\/shop\/luftfilter\/industry-line-de\/k1608-whspec\/\",\"url\":\"https:\/\/primaklima.com\/de\/shop\/luftfilter\/industry-line-de\/k1608-whspec\/\",\"name\":\"Aktivkohlefilter K1608-WHSPEC - von primaklima \u2013 filtration, ventilation, metal forming\",\"isPartOf\":{\"@id\":\"https:\/\/primaklima.com\/de\/#website\"},\"primaryImageOfPage\":{\"@id\":\"https:\/\/primaklima.com\/de\/shop\/luftfilter\/industry-line-de\/k1608-whspec\/#primaryimage\"},\"image\":{\"@id\":\"https:\/\/primaklima.com\/de\/shop\/luftfilter\/industry-line-de\/k1608-whspec\/#primaryimage\"},\"thumbnailUrl\":\"https:\/\/primaklima.com\/wp-content\/uploads\/2020\/03\/K1608.jpg\",\"datePublished\":\"2023-01-19T13:54:40+00:00\",\"dateModified\":\"2023-01-24T09:53:02+00:00\",\"description\":\"Hochwertige Aktivkohlefilter mit hochaktivierter Frischkohle aus hochwertigen Metallteilen f\u00fcr maximale Stabilit\u00e4t und Haltbarkeit.\",\"breadcrumb\":{\"@id\":\"https:\/\/primaklima.com\/de\/shop\/luftfilter\/industry-line-de\/k1608-whspec\/#breadcrumb\"},\"inLanguage\":\"de\",\"potentialAction\":[{\"@type\":\"ReadAction\",\"target\":[\"https:\/\/primaklima.com\/de\/shop\/luftfilter\/industry-line-de\/k1608-whspec\/\"]}]},{\"@type\":\"ImageObject\",\"inLanguage\":\"de\",\"@id\":\"https:\/\/primaklima.com\/de\/shop\/luftfilter\/industry-line-de\/k1608-whspec\/#primaryimage\",\"url\":\"https:\/\/primaklima.com\/wp-content\/uploads\/2020\/03\/K1608.jpg\",\"contentUrl\":\"https:\/\/primaklima.com\/wp-content\/uploads\/2020\/03\/K1608.jpg\",\"width\":1500,\"height\":1500,\"caption\":\"K1608\"},{\"@type\":\"BreadcrumbList\",\"@id\":\"https:\/\/primaklima.com\/de\/shop\/luftfilter\/industry-line-de\/k1608-whspec\/#breadcrumb\",\"itemListElement\":[{\"@type\":\"ListItem\",\"position\":1,\"name\":\"Home\",\"item\":\"https:\/\/primaklima.com\/de\/\"},{\"@type\":\"ListItem\",\"position\":2,\"name\":\"Products\",\"item\":\"https:\/\/primaklima.com\/de\/products\/\"},{\"@type\":\"ListItem\",\"position\":3,\"name\":\"K1608-WHSPEC\"}]},{\"@type\":\"WebSite\",\"@id\":\"https:\/\/primaklima.com\/de\/#website\",\"url\":\"https:\/\/primaklima.com\/de\/\",\"name\":\"primaklima \u2013 filtration, ventilation, metal forming\",\"description\":\"Since 1996\",\"potentialAction\":[{\"@type\":\"SearchAction\",\"target\":{\"@type\":\"EntryPoint\",\"urlTemplate\":\"https:\/\/primaklima.com\/de\/?s={search_term_string}\"},\"query-input\":{\"@type\":\"PropertyValueSpecification\",\"valueRequired\":true,\"valueName\":\"search_term_string\"}}],\"inLanguage\":\"de\"}]}<\/script>\n<!-- \/ Yoast SEO plugin. -->","yoast_head_json":{"title":"Aktivkohlefilter K1608-WHSPEC - von primaklima \u2013 filtration, ventilation, metal forming","description":"Hochwertige Aktivkohlefilter mit hochaktivierter Frischkohle aus hochwertigen Metallteilen f\u00fcr maximale Stabilit\u00e4t und Haltbarkeit.","robots":{"index":"index","follow":"follow","max-snippet":"max-snippet:-1","max-image-preview":"max-image-preview:large","max-video-preview":"max-video-preview:-1"},"canonical":"https:\/\/primaklima.com\/de\/shop\/luftfilter\/industry-line-de\/k1608-whspec\/","og_locale":"de_DE","og_type":"article","og_title":"Aktivkohlefilter K1608-WHSPEC - von primaklima \u2013 filtration, ventilation, metal forming","og_description":"Hochwertige Aktivkohlefilter mit hochaktivierter Frischkohle aus hochwertigen Metallteilen f\u00fcr maximale Stabilit\u00e4t und Haltbarkeit.","og_url":"https:\/\/primaklima.com\/de\/shop\/luftfilter\/industry-line-de\/k1608-whspec\/","og_site_name":"primaklima \u2013 filtration, ventilation, metal forming","article_modified_time":"2023-01-24T09:53:02+00:00","og_image":[{"width":1500,"height":1500,"url":"https:\/\/primaklima.com\/wp-content\/uploads\/2020\/03\/K1608.jpg","type":"image\/jpeg"}],"twitter_card":"summary_large_image","twitter_misc":{"Gesch\u00e4tzte Lesezeit":"1\u00a0Minute"},"schema":{"@context":"https:\/\/schema.org","@graph":[{"@type":"WebPage","@id":"https:\/\/primaklima.com\/de\/shop\/luftfilter\/industry-line-de\/k1608-whspec\/","url":"https:\/\/primaklima.com\/de\/shop\/luftfilter\/industry-line-de\/k1608-whspec\/","name":"Aktivkohlefilter K1608-WHSPEC - von primaklima \u2013 filtration, ventilation, metal forming","isPartOf":{"@id":"https:\/\/primaklima.com\/de\/#website"},"primaryImageOfPage":{"@id":"https:\/\/primaklima.com\/de\/shop\/luftfilter\/industry-line-de\/k1608-whspec\/#primaryimage"},"image":{"@id":"https:\/\/primaklima.com\/de\/shop\/luftfilter\/industry-line-de\/k1608-whspec\/#primaryimage"},"thumbnailUrl":"https:\/\/primaklima.com\/wp-content\/uploads\/2020\/03\/K1608.jpg","datePublished":"2023-01-19T13:54:40+00:00","dateModified":"2023-01-24T09:53:02+00:00","description":"Hochwertige Aktivkohlefilter mit hochaktivierter Frischkohle aus hochwertigen Metallteilen f\u00fcr maximale Stabilit\u00e4t und Haltbarkeit.","breadcrumb":{"@id":"https:\/\/primaklima.com\/de\/shop\/luftfilter\/industry-line-de\/k1608-whspec\/#breadcrumb"},"inLanguage":"de","potentialAction":[{"@type":"ReadAction","target":["https:\/\/primaklima.com\/de\/shop\/luftfilter\/industry-line-de\/k1608-whspec\/"]}]},{"@type":"ImageObject","inLanguage":"de","@id":"https:\/\/primaklima.com\/de\/shop\/luftfilter\/industry-line-de\/k1608-whspec\/#primaryimage","url":"https:\/\/primaklima.com\/wp-content\/uploads\/2020\/03\/K1608.jpg","contentUrl":"https:\/\/primaklima.com\/wp-content\/uploads\/2020\/03\/K1608.jpg","width":1500,"height":1500,"caption":"K1608"},{"@type":"BreadcrumbList","@id":"https:\/\/primaklima.com\/de\/shop\/luftfilter\/industry-line-de\/k1608-whspec\/#breadcrumb","itemListElement":[{"@type":"ListItem","position":1,"name":"Home","item":"https:\/\/primaklima.com\/de\/"},{"@type":"ListItem","position":2,"name":"Products","item":"https:\/\/primaklima.com\/de\/products\/"},{"@type":"ListItem","position":3,"name":"K1608-WHSPEC"}]},{"@type":"WebSite","@id":"https:\/\/primaklima.com\/de\/#website","url":"https:\/\/primaklima.com\/de\/","name":"primaklima \u2013 filtration, ventilation, metal forming","description":"Since 1996","potentialAction":[{"@type":"SearchAction","target":{"@type":"EntryPoint","urlTemplate":"https:\/\/primaklima.com\/de\/?s={search_term_string}"},"query-input":{"@type":"PropertyValueSpecification","valueRequired":true,"valueName":"search_term_string"}}],"inLanguage":"de"}]}},"_links":{"self":[{"href":"https:\/\/primaklima.com\/de\/wp-json\/wp\/v2\/product\/5092","targetHints":{"allow":["GET"]}}],"collection":[{"href":"https:\/\/primaklima.com\/de\/wp-json\/wp\/v2\/product"}],"about":[{"href":"https:\/\/primaklima.com\/de\/wp-json\/wp\/v2\/types\/product"}],"wp:featuredmedia":[{"embeddable":true,"href":"https:\/\/primaklima.com\/de\/wp-json\/wp\/v2\/media\/1084"}],"wp:attachment":[{"href":"https:\/\/primaklima.com\/de\/wp-json\/wp\/v2\/media?parent=5092"}],"wp:term":[{"taxonomy":"product_brand","embeddable":true,"href":"https:\/\/primaklima.com\/de\/wp-json\/wp\/v2\/product_brand?post=5092"},{"taxonomy":"product_cat","embeddable":true,"href":"https:\/\/primaklima.com\/de\/wp-json\/wp\/v2\/product_cat?post=5092"},{"taxonomy":"product_tag","embeddable":true,"href":"https:\/\/primaklima.com\/de\/wp-json\/wp\/v2\/product_tag?post=5092"}],"curies":[{"name":"wp","href":"https:\/\/api.w.org\/{rel}","templated":true}]}}