{"id":5669,"date":"2025-01-24T14:01:09","date_gmt":"2025-01-24T16:01:09","guid":{"rendered":"https:\/\/primaklima.com\/shop\/unkategorisiert\/pkvs-100-l-set\/"},"modified":"2025-01-24T14:01:09","modified_gmt":"2025-01-24T16:01:09","slug":"pkvs-100-l-set","status":"publish","type":"product","link":"https:\/\/primaklima.com\/de\/shop\/ventilation-sets-de\/pkvs-100-l-set\/","title":{"rendered":"PKVS-100-L Set"},"content":{"rendered":"<p>Das neue, perfekt abgestimmte primaklima Ventilation-Set.<\/p>\n<ul>\n<li>Aktivkohlefilter <a href=\"https:\/\/primaklima.com\/shop\/filtration\/eco-line-filters\/k2600-100\/\">K2600-100<\/a>, Eco Line, 100 mm, Airflow Opt. 240 m\u00b3\/h, Max. 360 m\u00b3\/h<\/li>\n<li>102 mm Kombi-Flexrohr 3 m<\/li>\n<li>Schlauchschelle mit Schnellverschlu\u00df 60-135 mm<\/li>\n<li>Verbindungsmanschette mit Gummid\u00e4mpfung 100 mm;<\/li>\n<li>Ventilator <a href=\"https:\/\/primaklima.com\/shop\/ventilation\/ac-ventilators\/pk100-l\/\">PK100-L<\/a>, 280 m\u00b3\/h<\/li>\n<\/ul>\n","protected":false},"excerpt":{"rendered":"<h3>Dieses Set enth\u00e4lt:<\/h3>\n<ul>\n<li>K2600-100 Aktivkohlefilter<\/li>\n<li>102 mm Kombi-Flexrohr 3 m<\/li>\n<li>Schlauchschelle mit Schnellverschlu\u00df 60-135 mm<\/li>\n<li>Verbindungsmanschette mit Gummid\u00e4mpfung 100 mm<\/li>\n<li>Ventilator <a href=\"https:\/\/primaklima.com\/shop\/ventilation\/ac-ventilators\/pk100-l\/\">PK100-L<\/a>, 280 m\u00b3\/h<\/li>\n<\/ul>\n","protected":false},"featured_media":6268,"template":"","meta":[],"product_brand":[],"product_cat":[1585],"product_tag":[809,842,1586],"class_list":{"0":"post-5669","1":"product","2":"type-product","3":"status-publish","4":"has-post-thumbnail","6":"product_cat-ventilation-sets-de","7":"product_tag-100mm-de","8":"product_tag-ac-ventilator-de","9":"product_tag-ventilation-set-de","11":"first","12":"instock","13":"taxable","14":"shipping-taxable","15":"product-type-simple"},"yoast_head":"<!-- This site is optimized with the Yoast SEO plugin v27.2 - https:\/\/yoast.com\/product\/yoast-seo-wordpress\/ -->\n<title>PKVS-100-L Set - primaklima \u2013 filtration, ventilation, metal forming<\/title>\n<meta name=\"robots\" content=\"index, follow, max-snippet:-1, max-image-preview:large, max-video-preview:-1\" \/>\n<link rel=\"canonical\" href=\"https:\/\/primaklima.com\/de\/shop\/ventilation-sets-de\/pkvs-100-l-set\/\" \/>\n<meta property=\"og:locale\" content=\"de_DE\" \/>\n<meta property=\"og:type\" content=\"article\" \/>\n<meta property=\"og:title\" content=\"PKVS-100-L Set - primaklima \u2013 filtration, ventilation, metal forming\" \/>\n<meta property=\"og:description\" content=\"Dieses Set enth\u00e4lt:  K2600-100 Aktivkohlefilter 102 mm Kombi-Flexrohr 3 m Schlauchschelle mit Schnellverschlu\u00df 60-135 mm Verbindungsmanschette mit Gummid\u00e4mpfung 100 mm Ventilator PK100-L, 280 m\u00b3\/h\" \/>\n<meta property=\"og:url\" content=\"https:\/\/primaklima.com\/de\/shop\/ventilation-sets-de\/pkvs-100-l-set\/\" \/>\n<meta property=\"og:site_name\" content=\"primaklima \u2013 filtration, ventilation, metal forming\" \/>\n<meta property=\"og:image\" content=\"https:\/\/primaklima.com\/wp-content\/uploads\/2025\/01\/PKVS-100-L_ventilation-set.jpg\" \/>\n\t<meta property=\"og:image:width\" content=\"1500\" \/>\n\t<meta property=\"og:image:height\" content=\"1500\" \/>\n\t<meta property=\"og:image:type\" content=\"image\/jpeg\" \/>\n<meta name=\"twitter:card\" content=\"summary_large_image\" \/>\n<script type=\"application\/ld+json\" class=\"yoast-schema-graph\">{\"@context\":\"https:\/\/schema.org\",\"@graph\":[{\"@type\":\"WebPage\",\"@id\":\"https:\/\/primaklima.com\/de\/shop\/ventilation-sets-de\/pkvs-100-l-set\/\",\"url\":\"https:\/\/primaklima.com\/de\/shop\/ventilation-sets-de\/pkvs-100-l-set\/\",\"name\":\"PKVS-100-L Set - primaklima \u2013 filtration, ventilation, metal forming\",\"isPartOf\":{\"@id\":\"https:\/\/primaklima.com\/de\/#website\"},\"primaryImageOfPage\":{\"@id\":\"https:\/\/primaklima.com\/de\/shop\/ventilation-sets-de\/pkvs-100-l-set\/#primaryimage\"},\"image\":{\"@id\":\"https:\/\/primaklima.com\/de\/shop\/ventilation-sets-de\/pkvs-100-l-set\/#primaryimage\"},\"thumbnailUrl\":\"https:\/\/primaklima.com\/wp-content\/uploads\/2025\/01\/PKVS-100-L_ventilation-set-1.jpg\",\"datePublished\":\"2025-01-24T16:01:09+00:00\",\"breadcrumb\":{\"@id\":\"https:\/\/primaklima.com\/de\/shop\/ventilation-sets-de\/pkvs-100-l-set\/#breadcrumb\"},\"inLanguage\":\"de\",\"potentialAction\":[{\"@type\":\"ReadAction\",\"target\":[\"https:\/\/primaklima.com\/de\/shop\/ventilation-sets-de\/pkvs-100-l-set\/\"]}]},{\"@type\":\"ImageObject\",\"inLanguage\":\"de\",\"@id\":\"https:\/\/primaklima.com\/de\/shop\/ventilation-sets-de\/pkvs-100-l-set\/#primaryimage\",\"url\":\"https:\/\/primaklima.com\/wp-content\/uploads\/2025\/01\/PKVS-100-L_ventilation-set-1.jpg\",\"contentUrl\":\"https:\/\/primaklima.com\/wp-content\/uploads\/2025\/01\/PKVS-100-L_ventilation-set-1.jpg\",\"width\":1500,\"height\":1500,\"caption\":\"PKVS-100-L ventilation-set\"},{\"@type\":\"BreadcrumbList\",\"@id\":\"https:\/\/primaklima.com\/de\/shop\/ventilation-sets-de\/pkvs-100-l-set\/#breadcrumb\",\"itemListElement\":[{\"@type\":\"ListItem\",\"position\":1,\"name\":\"Home\",\"item\":\"https:\/\/primaklima.com\/de\/\"},{\"@type\":\"ListItem\",\"position\":2,\"name\":\"Products\",\"item\":\"https:\/\/primaklima.com\/de\/products\/\"},{\"@type\":\"ListItem\",\"position\":3,\"name\":\"PKVS-100-L Set\"}]},{\"@type\":\"WebSite\",\"@id\":\"https:\/\/primaklima.com\/de\/#website\",\"url\":\"https:\/\/primaklima.com\/de\/\",\"name\":\"primaklima \u2013 filtration, ventilation, metal forming\",\"description\":\"Since 1996\",\"potentialAction\":[{\"@type\":\"SearchAction\",\"target\":{\"@type\":\"EntryPoint\",\"urlTemplate\":\"https:\/\/primaklima.com\/de\/?s={search_term_string}\"},\"query-input\":{\"@type\":\"PropertyValueSpecification\",\"valueRequired\":true,\"valueName\":\"search_term_string\"}}],\"inLanguage\":\"de\"}]}<\/script>\n<!-- \/ Yoast SEO plugin. -->","yoast_head_json":{"title":"PKVS-100-L Set - primaklima \u2013 filtration, ventilation, metal forming","robots":{"index":"index","follow":"follow","max-snippet":"max-snippet:-1","max-image-preview":"max-image-preview:large","max-video-preview":"max-video-preview:-1"},"canonical":"https:\/\/primaklima.com\/de\/shop\/ventilation-sets-de\/pkvs-100-l-set\/","og_locale":"de_DE","og_type":"article","og_title":"PKVS-100-L Set - primaklima \u2013 filtration, ventilation, metal forming","og_description":"Dieses Set enth\u00e4lt:  K2600-100 Aktivkohlefilter 102 mm Kombi-Flexrohr 3 m Schlauchschelle mit Schnellverschlu\u00df 60-135 mm Verbindungsmanschette mit Gummid\u00e4mpfung 100 mm Ventilator PK100-L, 280 m\u00b3\/h","og_url":"https:\/\/primaklima.com\/de\/shop\/ventilation-sets-de\/pkvs-100-l-set\/","og_site_name":"primaklima \u2013 filtration, ventilation, metal forming","og_image":[{"width":1500,"height":1500,"url":"https:\/\/primaklima.com\/wp-content\/uploads\/2025\/01\/PKVS-100-L_ventilation-set.jpg","type":"image\/jpeg"}],"twitter_card":"summary_large_image","schema":{"@context":"https:\/\/schema.org","@graph":[{"@type":"WebPage","@id":"https:\/\/primaklima.com\/de\/shop\/ventilation-sets-de\/pkvs-100-l-set\/","url":"https:\/\/primaklima.com\/de\/shop\/ventilation-sets-de\/pkvs-100-l-set\/","name":"PKVS-100-L Set - primaklima \u2013 filtration, ventilation, metal forming","isPartOf":{"@id":"https:\/\/primaklima.com\/de\/#website"},"primaryImageOfPage":{"@id":"https:\/\/primaklima.com\/de\/shop\/ventilation-sets-de\/pkvs-100-l-set\/#primaryimage"},"image":{"@id":"https:\/\/primaklima.com\/de\/shop\/ventilation-sets-de\/pkvs-100-l-set\/#primaryimage"},"thumbnailUrl":"https:\/\/primaklima.com\/wp-content\/uploads\/2025\/01\/PKVS-100-L_ventilation-set-1.jpg","datePublished":"2025-01-24T16:01:09+00:00","breadcrumb":{"@id":"https:\/\/primaklima.com\/de\/shop\/ventilation-sets-de\/pkvs-100-l-set\/#breadcrumb"},"inLanguage":"de","potentialAction":[{"@type":"ReadAction","target":["https:\/\/primaklima.com\/de\/shop\/ventilation-sets-de\/pkvs-100-l-set\/"]}]},{"@type":"ImageObject","inLanguage":"de","@id":"https:\/\/primaklima.com\/de\/shop\/ventilation-sets-de\/pkvs-100-l-set\/#primaryimage","url":"https:\/\/primaklima.com\/wp-content\/uploads\/2025\/01\/PKVS-100-L_ventilation-set-1.jpg","contentUrl":"https:\/\/primaklima.com\/wp-content\/uploads\/2025\/01\/PKVS-100-L_ventilation-set-1.jpg","width":1500,"height":1500,"caption":"PKVS-100-L ventilation-set"},{"@type":"BreadcrumbList","@id":"https:\/\/primaklima.com\/de\/shop\/ventilation-sets-de\/pkvs-100-l-set\/#breadcrumb","itemListElement":[{"@type":"ListItem","position":1,"name":"Home","item":"https:\/\/primaklima.com\/de\/"},{"@type":"ListItem","position":2,"name":"Products","item":"https:\/\/primaklima.com\/de\/products\/"},{"@type":"ListItem","position":3,"name":"PKVS-100-L Set"}]},{"@type":"WebSite","@id":"https:\/\/primaklima.com\/de\/#website","url":"https:\/\/primaklima.com\/de\/","name":"primaklima \u2013 filtration, ventilation, metal forming","description":"Since 1996","potentialAction":[{"@type":"SearchAction","target":{"@type":"EntryPoint","urlTemplate":"https:\/\/primaklima.com\/de\/?s={search_term_string}"},"query-input":{"@type":"PropertyValueSpecification","valueRequired":true,"valueName":"search_term_string"}}],"inLanguage":"de"}]}},"_links":{"self":[{"href":"https:\/\/primaklima.com\/de\/wp-json\/wp\/v2\/product\/5669","targetHints":{"allow":["GET"]}}],"collection":[{"href":"https:\/\/primaklima.com\/de\/wp-json\/wp\/v2\/product"}],"about":[{"href":"https:\/\/primaklima.com\/de\/wp-json\/wp\/v2\/types\/product"}],"wp:featuredmedia":[{"embeddable":true,"href":"https:\/\/primaklima.com\/de\/wp-json\/wp\/v2\/media\/6268"}],"wp:attachment":[{"href":"https:\/\/primaklima.com\/de\/wp-json\/wp\/v2\/media?parent=5669"}],"wp:term":[{"taxonomy":"product_brand","embeddable":true,"href":"https:\/\/primaklima.com\/de\/wp-json\/wp\/v2\/product_brand?post=5669"},{"taxonomy":"product_cat","embeddable":true,"href":"https:\/\/primaklima.com\/de\/wp-json\/wp\/v2\/product_cat?post=5669"},{"taxonomy":"product_tag","embeddable":true,"href":"https:\/\/primaklima.com\/de\/wp-json\/wp\/v2\/product_tag?post=5669"}],"curies":[{"name":"wp","href":"https:\/\/api.w.org\/{rel}","templated":true}]}}