{"id":5737,"date":"2025-04-11T12:42:31","date_gmt":"2025-04-11T14:42:31","guid":{"rendered":"https:\/\/primaklima.com\/shop\/unkategorisiert\/c2602-160\/"},"modified":"2025-04-16T12:23:33","modified_gmt":"2025-04-16T14:23:33","slug":"c2602-160","status":"publish","type":"product","link":"https:\/\/primaklima.com\/de\/shop\/luftfilter\/cocoline-de\/c2602-160\/","title":{"rendered":"C2602-160"},"content":{"rendered":"<h2 class=\"p1\"><span class=\"s1\">Hochwertige Luftfiltration mit nat\u00fcrlicher Leistung<\/span><\/h2>\n<p class=\"p1\"><span class=\"s1\">Effiziente Geruchsbeseitigung bei einem herausragenden Preis-Leistungs-Verh\u00e4ltnis. Die nachf\u00fcllbaren Filter verf\u00fcgen \u00fcber ein 3 cm tiefes Bett aus 100 % reiner, aktivierter Kokosnusskohle mit exzellenten Leistungswerten (siehe Datenblatt). Dank au\u00dfergew\u00f6hnlich langer Kontaktzeit zwischen Luft und Kohle wird eine besonders wirksame Geruchsbeseitigung erzielt. Robuste Metalldr\u00fcckteile sorgen f\u00fcr h\u00f6chste Stabilit\u00e4t und Langlebigkeit. Der extra lange Flansch gew\u00e4hrleistet eine sichere Verbindung.<\/span><\/p>\n<p class=\"p1\"><span class=\"s1\"><a href=\"https:\/\/primaklima.com\/wp-content\/uploads\/2025\/04\/Filter_Coco-Line_Badge.png\"><img loading=\"lazy\" decoding=\"async\" class=\"wp-image-5779 alignnone\" src=\"https:\/\/primaklima.com\/wp-content\/uploads\/2025\/04\/Filter_Coco-Line_Badge.png\" alt=\"active carbon badge\" width=\"300\" height=\"300\" srcset=\"https:\/\/primaklima.com\/wp-content\/uploads\/2025\/04\/Filter_Coco-Line_Badge.png 500w, https:\/\/primaklima.com\/wp-content\/uploads\/2025\/04\/Filter_Coco-Line_Badge-380x380.png 380w, https:\/\/primaklima.com\/wp-content\/uploads\/2025\/04\/Filter_Coco-Line_Badge-100x100.png 100w\" sizes=\"auto, (max-width: 300px) 100vw, 300px\" \/><\/a><\/span><\/p>\n<h3 class=\"p3\"><span class=\"s1\">Features:<\/span><\/h3>\n<ul class=\"ul1\">\n<li class=\"li3\"><span class=\"s1\">Lange Haltbarkeit<\/span><\/li>\n<li class=\"li3\"><span class=\"s1\">Effektive Adsorption der Partikel und Geruchsentfernung<\/span><\/li>\n<li class=\"li3\"><span class=\"s1\">3 cm tiefes Bett aus hochaktivierter Kohle<\/span><\/li>\n<li class=\"li3\"><span class=\"s1\">Optimale Kontaktzeit<\/span><\/li>\n<li class=\"li3\"><span class=\"s1\">Nachf\u00fcllbar<\/span><\/li>\n<li class=\"li3\"><span class=\"s1\">Hochwertige Metallteile<\/span><\/li>\n<li class=\"li3\"><span class=\"s1\">Mit Vorfilter gegen Staub<\/span><\/li>\n<li class=\"li3\"><span class=\"s1\">Aus 100% nachwachsenden Rohstoffen<\/span><\/li>\n<li class=\"li3\"><span class=\"s1\">Made in EU<\/span><\/li>\n<\/ul>\n<p class=\"p1\"><span class=\"s1\">Datenblatt:\u00a0<a href=\"https:\/\/cloud.primaklima.com\/index.php\/s\/XHWBk2SUPGZM8H8\/download?path=%2FFilters&amp;files=CocoLine_Certificate.pdf\">Analyse Prima Klima 100% Pure Virgin Activated Coconut Carbon<\/a><\/span><\/p>\n<p>Bitte beachten: Bei relativer Luftfeuchtigkeit &gt; 75% verwenden Sie bitte Prima Klima Eco Line oder Industry Line Filter<\/p>\n<p class=\"p1\">\n","protected":false},"excerpt":{"rendered":"<p>Flansch: 160 mm<br \/>\nL\u00e4nge ohne Flansch: 400 mm<br \/>\nDurchmesser: 230 mm<br \/>\nMaximaler Luftstrom: 620 m\u00b3\/h<br \/>\nOptimaler Luftstrom: 475 m\u00b3\/h<br \/>\nInkl. Vorfilter: K2702<br \/>\nGewicht: 4,5 kg<br \/>\nNative Aktivkohle: 2,6 kg<\/p>\n","protected":false},"featured_media":1054,"template":"","meta":[],"product_brand":[],"product_cat":[1610,587],"product_tag":[470,471,769,592,742,1611],"class_list":{"0":"post-5737","1":"product","2":"type-product","3":"status-publish","4":"has-post-thumbnail","6":"product_cat-cocoline-de","7":"product_cat-luftfilter","8":"product_tag-160mm-de","9":"product_tag-160mm-flange-de","10":"product_tag-activated-carbon-de","11":"product_tag-activated-carbon-filter-de","12":"product_tag-filtration-de","13":"product_tag-pure-virgin-coconut-de","15":"first","16":"instock","17":"taxable","18":"shipping-taxable","19":"product-type-simple"},"yoast_head":"<!-- This site is optimized with the Yoast SEO plugin v27.2 - https:\/\/yoast.com\/product\/yoast-seo-wordpress\/ -->\n<title>C2602-160 - primaklima \u2013 filtration, ventilation, metal forming<\/title>\n<meta name=\"robots\" content=\"index, follow, max-snippet:-1, max-image-preview:large, max-video-preview:-1\" \/>\n<link rel=\"canonical\" href=\"https:\/\/primaklima.com\/de\/shop\/luftfilter\/cocoline-de\/c2602-160\/\" \/>\n<meta property=\"og:locale\" content=\"de_DE\" \/>\n<meta property=\"og:type\" content=\"article\" \/>\n<meta property=\"og:title\" content=\"C2602-160 - primaklima \u2013 filtration, ventilation, metal forming\" \/>\n<meta property=\"og:description\" content=\"Flansch: 160 mm L\u00e4nge ohne Flansch: 400 mm Durchmesser: 230 mm Maximaler Luftstrom: 620 m\u00b3\/h Optimaler Luftstrom: 475 m\u00b3\/h Inkl. Vorfilter: K2702 Gewicht: 4,5 kg Native Aktivkohle: 2,6 kg\" \/>\n<meta property=\"og:url\" content=\"https:\/\/primaklima.com\/de\/shop\/luftfilter\/cocoline-de\/c2602-160\/\" \/>\n<meta property=\"og:site_name\" content=\"primaklima \u2013 filtration, ventilation, metal forming\" \/>\n<meta property=\"article:modified_time\" content=\"2025-04-16T14:23:33+00:00\" \/>\n<meta property=\"og:image\" content=\"https:\/\/primaklima.com\/wp-content\/uploads\/2020\/03\/K2602-160.jpg\" \/>\n\t<meta property=\"og:image:width\" content=\"1500\" \/>\n\t<meta property=\"og:image:height\" content=\"1500\" \/>\n\t<meta property=\"og:image:type\" content=\"image\/jpeg\" \/>\n<meta name=\"twitter:card\" content=\"summary_large_image\" \/>\n<meta name=\"twitter:label1\" content=\"Gesch\u00e4tzte Lesezeit\" \/>\n\t<meta name=\"twitter:data1\" content=\"1\u00a0Minute\" \/>\n<script type=\"application\/ld+json\" class=\"yoast-schema-graph\">{\"@context\":\"https:\/\/schema.org\",\"@graph\":[{\"@type\":\"WebPage\",\"@id\":\"https:\/\/primaklima.com\/de\/shop\/luftfilter\/cocoline-de\/c2602-160\/\",\"url\":\"https:\/\/primaklima.com\/de\/shop\/luftfilter\/cocoline-de\/c2602-160\/\",\"name\":\"C2602-160 - primaklima \u2013 filtration, ventilation, metal forming\",\"isPartOf\":{\"@id\":\"https:\/\/primaklima.com\/de\/#website\"},\"primaryImageOfPage\":{\"@id\":\"https:\/\/primaklima.com\/de\/shop\/luftfilter\/cocoline-de\/c2602-160\/#primaryimage\"},\"image\":{\"@id\":\"https:\/\/primaklima.com\/de\/shop\/luftfilter\/cocoline-de\/c2602-160\/#primaryimage\"},\"thumbnailUrl\":\"https:\/\/primaklima.com\/wp-content\/uploads\/2020\/03\/K2602-160.jpg\",\"datePublished\":\"2025-04-11T14:42:31+00:00\",\"dateModified\":\"2025-04-16T14:23:33+00:00\",\"breadcrumb\":{\"@id\":\"https:\/\/primaklima.com\/de\/shop\/luftfilter\/cocoline-de\/c2602-160\/#breadcrumb\"},\"inLanguage\":\"de\",\"potentialAction\":[{\"@type\":\"ReadAction\",\"target\":[\"https:\/\/primaklima.com\/de\/shop\/luftfilter\/cocoline-de\/c2602-160\/\"]}]},{\"@type\":\"ImageObject\",\"inLanguage\":\"de\",\"@id\":\"https:\/\/primaklima.com\/de\/shop\/luftfilter\/cocoline-de\/c2602-160\/#primaryimage\",\"url\":\"https:\/\/primaklima.com\/wp-content\/uploads\/2020\/03\/K2602-160.jpg\",\"contentUrl\":\"https:\/\/primaklima.com\/wp-content\/uploads\/2020\/03\/K2602-160.jpg\",\"width\":1500,\"height\":1500,\"caption\":\"K2602-160\"},{\"@type\":\"BreadcrumbList\",\"@id\":\"https:\/\/primaklima.com\/de\/shop\/luftfilter\/cocoline-de\/c2602-160\/#breadcrumb\",\"itemListElement\":[{\"@type\":\"ListItem\",\"position\":1,\"name\":\"Home\",\"item\":\"https:\/\/primaklima.com\/de\/\"},{\"@type\":\"ListItem\",\"position\":2,\"name\":\"Products\",\"item\":\"https:\/\/primaklima.com\/de\/products\/\"},{\"@type\":\"ListItem\",\"position\":3,\"name\":\"C2602-160\"}]},{\"@type\":\"WebSite\",\"@id\":\"https:\/\/primaklima.com\/de\/#website\",\"url\":\"https:\/\/primaklima.com\/de\/\",\"name\":\"primaklima \u2013 filtration, ventilation, metal forming\",\"description\":\"Since 1996\",\"potentialAction\":[{\"@type\":\"SearchAction\",\"target\":{\"@type\":\"EntryPoint\",\"urlTemplate\":\"https:\/\/primaklima.com\/de\/?s={search_term_string}\"},\"query-input\":{\"@type\":\"PropertyValueSpecification\",\"valueRequired\":true,\"valueName\":\"search_term_string\"}}],\"inLanguage\":\"de\"}]}<\/script>\n<!-- \/ Yoast SEO plugin. -->","yoast_head_json":{"title":"C2602-160 - primaklima \u2013 filtration, ventilation, metal forming","robots":{"index":"index","follow":"follow","max-snippet":"max-snippet:-1","max-image-preview":"max-image-preview:large","max-video-preview":"max-video-preview:-1"},"canonical":"https:\/\/primaklima.com\/de\/shop\/luftfilter\/cocoline-de\/c2602-160\/","og_locale":"de_DE","og_type":"article","og_title":"C2602-160 - primaklima \u2013 filtration, ventilation, metal forming","og_description":"Flansch: 160 mm L\u00e4nge ohne Flansch: 400 mm Durchmesser: 230 mm Maximaler Luftstrom: 620 m\u00b3\/h Optimaler Luftstrom: 475 m\u00b3\/h Inkl. Vorfilter: K2702 Gewicht: 4,5 kg Native Aktivkohle: 2,6 kg","og_url":"https:\/\/primaklima.com\/de\/shop\/luftfilter\/cocoline-de\/c2602-160\/","og_site_name":"primaklima \u2013 filtration, ventilation, metal forming","article_modified_time":"2025-04-16T14:23:33+00:00","og_image":[{"width":1500,"height":1500,"url":"https:\/\/primaklima.com\/wp-content\/uploads\/2020\/03\/K2602-160.jpg","type":"image\/jpeg"}],"twitter_card":"summary_large_image","twitter_misc":{"Gesch\u00e4tzte Lesezeit":"1\u00a0Minute"},"schema":{"@context":"https:\/\/schema.org","@graph":[{"@type":"WebPage","@id":"https:\/\/primaklima.com\/de\/shop\/luftfilter\/cocoline-de\/c2602-160\/","url":"https:\/\/primaklima.com\/de\/shop\/luftfilter\/cocoline-de\/c2602-160\/","name":"C2602-160 - primaklima \u2013 filtration, ventilation, metal forming","isPartOf":{"@id":"https:\/\/primaklima.com\/de\/#website"},"primaryImageOfPage":{"@id":"https:\/\/primaklima.com\/de\/shop\/luftfilter\/cocoline-de\/c2602-160\/#primaryimage"},"image":{"@id":"https:\/\/primaklima.com\/de\/shop\/luftfilter\/cocoline-de\/c2602-160\/#primaryimage"},"thumbnailUrl":"https:\/\/primaklima.com\/wp-content\/uploads\/2020\/03\/K2602-160.jpg","datePublished":"2025-04-11T14:42:31+00:00","dateModified":"2025-04-16T14:23:33+00:00","breadcrumb":{"@id":"https:\/\/primaklima.com\/de\/shop\/luftfilter\/cocoline-de\/c2602-160\/#breadcrumb"},"inLanguage":"de","potentialAction":[{"@type":"ReadAction","target":["https:\/\/primaklima.com\/de\/shop\/luftfilter\/cocoline-de\/c2602-160\/"]}]},{"@type":"ImageObject","inLanguage":"de","@id":"https:\/\/primaklima.com\/de\/shop\/luftfilter\/cocoline-de\/c2602-160\/#primaryimage","url":"https:\/\/primaklima.com\/wp-content\/uploads\/2020\/03\/K2602-160.jpg","contentUrl":"https:\/\/primaklima.com\/wp-content\/uploads\/2020\/03\/K2602-160.jpg","width":1500,"height":1500,"caption":"K2602-160"},{"@type":"BreadcrumbList","@id":"https:\/\/primaklima.com\/de\/shop\/luftfilter\/cocoline-de\/c2602-160\/#breadcrumb","itemListElement":[{"@type":"ListItem","position":1,"name":"Home","item":"https:\/\/primaklima.com\/de\/"},{"@type":"ListItem","position":2,"name":"Products","item":"https:\/\/primaklima.com\/de\/products\/"},{"@type":"ListItem","position":3,"name":"C2602-160"}]},{"@type":"WebSite","@id":"https:\/\/primaklima.com\/de\/#website","url":"https:\/\/primaklima.com\/de\/","name":"primaklima \u2013 filtration, ventilation, metal forming","description":"Since 1996","potentialAction":[{"@type":"SearchAction","target":{"@type":"EntryPoint","urlTemplate":"https:\/\/primaklima.com\/de\/?s={search_term_string}"},"query-input":{"@type":"PropertyValueSpecification","valueRequired":true,"valueName":"search_term_string"}}],"inLanguage":"de"}]}},"_links":{"self":[{"href":"https:\/\/primaklima.com\/de\/wp-json\/wp\/v2\/product\/5737","targetHints":{"allow":["GET"]}}],"collection":[{"href":"https:\/\/primaklima.com\/de\/wp-json\/wp\/v2\/product"}],"about":[{"href":"https:\/\/primaklima.com\/de\/wp-json\/wp\/v2\/types\/product"}],"wp:featuredmedia":[{"embeddable":true,"href":"https:\/\/primaklima.com\/de\/wp-json\/wp\/v2\/media\/1054"}],"wp:attachment":[{"href":"https:\/\/primaklima.com\/de\/wp-json\/wp\/v2\/media?parent=5737"}],"wp:term":[{"taxonomy":"product_brand","embeddable":true,"href":"https:\/\/primaklima.com\/de\/wp-json\/wp\/v2\/product_brand?post=5737"},{"taxonomy":"product_cat","embeddable":true,"href":"https:\/\/primaklima.com\/de\/wp-json\/wp\/v2\/product_cat?post=5737"},{"taxonomy":"product_tag","embeddable":true,"href":"https:\/\/primaklima.com\/de\/wp-json\/wp\/v2\/product_tag?post=5737"}],"curies":[{"name":"wp","href":"https:\/\/api.w.org\/{rel}","templated":true}]}}