{"id":6079,"date":"2025-04-16T14:25:04","date_gmt":"2025-04-16T16:25:04","guid":{"rendered":"https:\/\/primaklima.com\/shop\/uncategorized\/z1605\/"},"modified":"2025-04-16T14:25:04","modified_gmt":"2025-04-16T16:25:04","slug":"z1605","status":"publish","type":"product","link":"https:\/\/primaklima.com\/de\/shop\/luftfilter\/intake-filter-de\/z1605\/","title":{"rendered":"Z1605"},"content":{"rendered":"<h2>Effiziente Zuluftfiltration mit dem neuen Prima Klima Intake Filter<\/h2>\n<p>Der neue Intake Filter von Prima Klima \u00fcberzeugt mit einem robusten Geh\u00e4use, bekannt aus der Aktivkohlefilter-Serie. Das \u00fcberarbeitete Filtervlies der Klasse M5 umschlie\u00dft das Geh\u00e4use passgenau und wird mit einem Spannriemen fixiert. So entsteht ein dichter Abschluss f\u00fcr eine effektive Reinigung der Zuluft. Der Filter sch\u00fctzt zuverl\u00e4ssig vor Staub, Schwebstoffen und kleinen Insekten \u2013 ideal f\u00fcr Anwendungen mit hohen Anspr\u00fcchen an Luftreinheit.<\/p>\n<p>Die passende Wandhalterung und ein Ersatzvlies k\u00f6nnen separat bestellt werden.<\/p>\n<h3>Features<\/h3>\n<ul>\n<li>Gro\u00dfe Ansaugfl\u00e4che\/niedriger Druckabfall<\/li>\n<li>Robustes Geh\u00e4use<\/li>\n<li>M5-Filtervlies, auch separat erh\u00e4ltlich<\/li>\n<li>Effektive Luftreinigung \u2013 sch\u00fctzt zuverl\u00e4ssig vor Staub, Schwebeteilchen und kleinen Insekten (z.\u202fB. Trauerm\u00fccken, Spinnmilben)<\/li>\n<li>Wandhalterung verf\u00fcgbar in zwei Gr\u00f6\u00dfen<\/li>\n<\/ul>\n","protected":false},"excerpt":{"rendered":"<p>Flansch: 150 mm<br \/>\nL\u00e4nge ohne Flansch: 500 mm<br \/>\nDurchmesser: 230mm<br \/>\nInkl. Filter Vlies: FB1705<br \/>\nGewicht: 2,2 kg<br \/>\nFilter Klasse: M5<br \/>\nIncl. Befestigungsgurt<\/p>\n","protected":false},"featured_media":5976,"template":"","meta":[],"product_brand":[],"product_cat":[1614,587],"product_tag":[476,477,742,1616],"class_list":{"0":"post-6079","1":"product","2":"type-product","3":"status-publish","4":"has-post-thumbnail","6":"product_cat-intake-filter-de","7":"product_cat-luftfilter","8":"product_tag-150mm-de","9":"product_tag-150mm-flange-de","10":"product_tag-filtration-de","11":"product_tag-intake-filter-de","13":"first","14":"instock","15":"taxable","16":"shipping-taxable","17":"product-type-simple"},"yoast_head":"<!-- This site is optimized with the Yoast SEO plugin v27.2 - https:\/\/yoast.com\/product\/yoast-seo-wordpress\/ -->\n<title>Z1605 - primaklima \u2013 filtration, ventilation, metal forming<\/title>\n<meta name=\"robots\" content=\"index, follow, max-snippet:-1, max-image-preview:large, max-video-preview:-1\" \/>\n<link rel=\"canonical\" href=\"https:\/\/primaklima.com\/de\/shop\/luftfilter\/intake-filter-de\/z1605\/\" \/>\n<meta property=\"og:locale\" content=\"de_DE\" \/>\n<meta property=\"og:type\" content=\"article\" \/>\n<meta property=\"og:title\" content=\"Z1605 - primaklima \u2013 filtration, ventilation, metal forming\" \/>\n<meta property=\"og:description\" content=\"Flansch: 150 mm L\u00e4nge ohne Flansch: 500 mm Durchmesser: 230mm Inkl. Filter Vlies: FB1705 Gewicht: 2,2 kg Filter Klasse: M5 Incl. Befestigungsgurt\" \/>\n<meta property=\"og:url\" content=\"https:\/\/primaklima.com\/de\/shop\/luftfilter\/intake-filter-de\/z1605\/\" \/>\n<meta property=\"og:site_name\" content=\"primaklima \u2013 filtration, ventilation, metal forming\" \/>\n<meta property=\"og:image\" content=\"https:\/\/primaklima.com\/wp-content\/uploads\/2025\/04\/Z1607_02-1.jpg\" \/>\n\t<meta property=\"og:image:width\" content=\"1500\" \/>\n\t<meta property=\"og:image:height\" content=\"1500\" \/>\n\t<meta property=\"og:image:type\" content=\"image\/jpeg\" \/>\n<meta name=\"twitter:card\" content=\"summary_large_image\" \/>\n<meta name=\"twitter:label1\" content=\"Gesch\u00e4tzte Lesezeit\" \/>\n\t<meta name=\"twitter:data1\" content=\"1\u00a0Minute\" \/>\n<script type=\"application\/ld+json\" class=\"yoast-schema-graph\">{\"@context\":\"https:\/\/schema.org\",\"@graph\":[{\"@type\":\"WebPage\",\"@id\":\"https:\/\/primaklima.com\/de\/shop\/luftfilter\/intake-filter-de\/z1605\/\",\"url\":\"https:\/\/primaklima.com\/de\/shop\/luftfilter\/intake-filter-de\/z1605\/\",\"name\":\"Z1605 - primaklima \u2013 filtration, ventilation, metal forming\",\"isPartOf\":{\"@id\":\"https:\/\/primaklima.com\/de\/#website\"},\"primaryImageOfPage\":{\"@id\":\"https:\/\/primaklima.com\/de\/shop\/luftfilter\/intake-filter-de\/z1605\/#primaryimage\"},\"image\":{\"@id\":\"https:\/\/primaklima.com\/de\/shop\/luftfilter\/intake-filter-de\/z1605\/#primaryimage\"},\"thumbnailUrl\":\"https:\/\/primaklima.com\/wp-content\/uploads\/2025\/04\/Z1607_02-1.jpg\",\"datePublished\":\"2025-04-16T16:25:04+00:00\",\"breadcrumb\":{\"@id\":\"https:\/\/primaklima.com\/de\/shop\/luftfilter\/intake-filter-de\/z1605\/#breadcrumb\"},\"inLanguage\":\"de\",\"potentialAction\":[{\"@type\":\"ReadAction\",\"target\":[\"https:\/\/primaklima.com\/de\/shop\/luftfilter\/intake-filter-de\/z1605\/\"]}]},{\"@type\":\"ImageObject\",\"inLanguage\":\"de\",\"@id\":\"https:\/\/primaklima.com\/de\/shop\/luftfilter\/intake-filter-de\/z1605\/#primaryimage\",\"url\":\"https:\/\/primaklima.com\/wp-content\/uploads\/2025\/04\/Z1607_02-1.jpg\",\"contentUrl\":\"https:\/\/primaklima.com\/wp-content\/uploads\/2025\/04\/Z1607_02-1.jpg\",\"width\":1500,\"height\":1500,\"caption\":\"Intake Filter Set\"},{\"@type\":\"BreadcrumbList\",\"@id\":\"https:\/\/primaklima.com\/de\/shop\/luftfilter\/intake-filter-de\/z1605\/#breadcrumb\",\"itemListElement\":[{\"@type\":\"ListItem\",\"position\":1,\"name\":\"Home\",\"item\":\"https:\/\/primaklima.com\/de\/\"},{\"@type\":\"ListItem\",\"position\":2,\"name\":\"Products\",\"item\":\"https:\/\/primaklima.com\/de\/products\/\"},{\"@type\":\"ListItem\",\"position\":3,\"name\":\"Z1605\"}]},{\"@type\":\"WebSite\",\"@id\":\"https:\/\/primaklima.com\/de\/#website\",\"url\":\"https:\/\/primaklima.com\/de\/\",\"name\":\"primaklima \u2013 filtration, ventilation, metal forming\",\"description\":\"Since 1996\",\"potentialAction\":[{\"@type\":\"SearchAction\",\"target\":{\"@type\":\"EntryPoint\",\"urlTemplate\":\"https:\/\/primaklima.com\/de\/?s={search_term_string}\"},\"query-input\":{\"@type\":\"PropertyValueSpecification\",\"valueRequired\":true,\"valueName\":\"search_term_string\"}}],\"inLanguage\":\"de\"}]}<\/script>\n<!-- \/ Yoast SEO plugin. -->","yoast_head_json":{"title":"Z1605 - primaklima \u2013 filtration, ventilation, metal forming","robots":{"index":"index","follow":"follow","max-snippet":"max-snippet:-1","max-image-preview":"max-image-preview:large","max-video-preview":"max-video-preview:-1"},"canonical":"https:\/\/primaklima.com\/de\/shop\/luftfilter\/intake-filter-de\/z1605\/","og_locale":"de_DE","og_type":"article","og_title":"Z1605 - primaklima \u2013 filtration, ventilation, metal forming","og_description":"Flansch: 150 mm L\u00e4nge ohne Flansch: 500 mm Durchmesser: 230mm Inkl. Filter Vlies: FB1705 Gewicht: 2,2 kg Filter Klasse: M5 Incl. Befestigungsgurt","og_url":"https:\/\/primaklima.com\/de\/shop\/luftfilter\/intake-filter-de\/z1605\/","og_site_name":"primaklima \u2013 filtration, ventilation, metal forming","og_image":[{"width":1500,"height":1500,"url":"https:\/\/primaklima.com\/wp-content\/uploads\/2025\/04\/Z1607_02-1.jpg","type":"image\/jpeg"}],"twitter_card":"summary_large_image","twitter_misc":{"Gesch\u00e4tzte Lesezeit":"1\u00a0Minute"},"schema":{"@context":"https:\/\/schema.org","@graph":[{"@type":"WebPage","@id":"https:\/\/primaklima.com\/de\/shop\/luftfilter\/intake-filter-de\/z1605\/","url":"https:\/\/primaklima.com\/de\/shop\/luftfilter\/intake-filter-de\/z1605\/","name":"Z1605 - primaklima \u2013 filtration, ventilation, metal forming","isPartOf":{"@id":"https:\/\/primaklima.com\/de\/#website"},"primaryImageOfPage":{"@id":"https:\/\/primaklima.com\/de\/shop\/luftfilter\/intake-filter-de\/z1605\/#primaryimage"},"image":{"@id":"https:\/\/primaklima.com\/de\/shop\/luftfilter\/intake-filter-de\/z1605\/#primaryimage"},"thumbnailUrl":"https:\/\/primaklima.com\/wp-content\/uploads\/2025\/04\/Z1607_02-1.jpg","datePublished":"2025-04-16T16:25:04+00:00","breadcrumb":{"@id":"https:\/\/primaklima.com\/de\/shop\/luftfilter\/intake-filter-de\/z1605\/#breadcrumb"},"inLanguage":"de","potentialAction":[{"@type":"ReadAction","target":["https:\/\/primaklima.com\/de\/shop\/luftfilter\/intake-filter-de\/z1605\/"]}]},{"@type":"ImageObject","inLanguage":"de","@id":"https:\/\/primaklima.com\/de\/shop\/luftfilter\/intake-filter-de\/z1605\/#primaryimage","url":"https:\/\/primaklima.com\/wp-content\/uploads\/2025\/04\/Z1607_02-1.jpg","contentUrl":"https:\/\/primaklima.com\/wp-content\/uploads\/2025\/04\/Z1607_02-1.jpg","width":1500,"height":1500,"caption":"Intake Filter Set"},{"@type":"BreadcrumbList","@id":"https:\/\/primaklima.com\/de\/shop\/luftfilter\/intake-filter-de\/z1605\/#breadcrumb","itemListElement":[{"@type":"ListItem","position":1,"name":"Home","item":"https:\/\/primaklima.com\/de\/"},{"@type":"ListItem","position":2,"name":"Products","item":"https:\/\/primaklima.com\/de\/products\/"},{"@type":"ListItem","position":3,"name":"Z1605"}]},{"@type":"WebSite","@id":"https:\/\/primaklima.com\/de\/#website","url":"https:\/\/primaklima.com\/de\/","name":"primaklima \u2013 filtration, ventilation, metal forming","description":"Since 1996","potentialAction":[{"@type":"SearchAction","target":{"@type":"EntryPoint","urlTemplate":"https:\/\/primaklima.com\/de\/?s={search_term_string}"},"query-input":{"@type":"PropertyValueSpecification","valueRequired":true,"valueName":"search_term_string"}}],"inLanguage":"de"}]}},"_links":{"self":[{"href":"https:\/\/primaklima.com\/de\/wp-json\/wp\/v2\/product\/6079","targetHints":{"allow":["GET"]}}],"collection":[{"href":"https:\/\/primaklima.com\/de\/wp-json\/wp\/v2\/product"}],"about":[{"href":"https:\/\/primaklima.com\/de\/wp-json\/wp\/v2\/types\/product"}],"wp:featuredmedia":[{"embeddable":true,"href":"https:\/\/primaklima.com\/de\/wp-json\/wp\/v2\/media\/5976"}],"wp:attachment":[{"href":"https:\/\/primaklima.com\/de\/wp-json\/wp\/v2\/media?parent=6079"}],"wp:term":[{"taxonomy":"product_brand","embeddable":true,"href":"https:\/\/primaklima.com\/de\/wp-json\/wp\/v2\/product_brand?post=6079"},{"taxonomy":"product_cat","embeddable":true,"href":"https:\/\/primaklima.com\/de\/wp-json\/wp\/v2\/product_cat?post=6079"},{"taxonomy":"product_tag","embeddable":true,"href":"https:\/\/primaklima.com\/de\/wp-json\/wp\/v2\/product_tag?post=6079"}],"curies":[{"name":"wp","href":"https:\/\/api.w.org\/{rel}","templated":true}]}}