{"id":6083,"date":"2025-04-16T14:31:11","date_gmt":"2025-04-16T16:31:11","guid":{"rendered":"https:\/\/primaklima.com\/shop\/uncategorized\/ifwb-100-125\/"},"modified":"2025-04-16T14:31:11","modified_gmt":"2025-04-16T16:31:11","slug":"ifwb-100-125","status":"publish","type":"product","link":"https:\/\/primaklima.com\/de\/shop\/luftfilter\/intake-filter-de\/ifwb-100-125\/","title":{"rendered":"IFWB-100\/125"},"content":{"rendered":"<p>Zusammenklappbare Wandhalterung f\u00fcr Prima Klima Intake Filter. Geeignet f\u00fcr die Montage an einer Wand. Kompatibel mit zwei Filtergr\u00f6\u00dfen: 100 mm and 125 mm.<\/p>\n","protected":false},"excerpt":{"rendered":"<ul>\n<li>Set von 2 Halterungen<\/li>\n<li>Geeignet f\u00fcr Intake Filter Gr\u00f6\u00dfen 100 mm &amp; 125 mm<\/li>\n<\/ul>\n","protected":false},"featured_media":6041,"template":"","meta":[],"product_brand":[],"product_cat":[1614,587],"product_tag":[809,810,500,501],"class_list":{"0":"post-6083","1":"product","2":"type-product","3":"status-publish","4":"has-post-thumbnail","6":"product_cat-intake-filter-de","7":"product_cat-luftfilter","8":"product_tag-100mm-de","9":"product_tag-100mm-flansch","10":"product_tag-125mm-de","11":"product_tag-125mm-flange-de","13":"first","14":"instock","15":"taxable","16":"shipping-taxable","17":"product-type-simple"},"yoast_head":"<!-- This site is optimized with the Yoast SEO plugin v27.2 - https:\/\/yoast.com\/product\/yoast-seo-wordpress\/ -->\n<title>IFWB-100\/125 - primaklima \u2013 filtration, ventilation, metal forming<\/title>\n<meta name=\"robots\" content=\"index, follow, max-snippet:-1, max-image-preview:large, max-video-preview:-1\" \/>\n<link rel=\"canonical\" href=\"https:\/\/primaklima.com\/de\/shop\/luftfilter\/intake-filter-de\/ifwb-100-125\/\" \/>\n<meta property=\"og:locale\" content=\"de_DE\" \/>\n<meta property=\"og:type\" content=\"article\" \/>\n<meta property=\"og:title\" content=\"IFWB-100\/125 - primaklima \u2013 filtration, ventilation, metal forming\" \/>\n<meta property=\"og:description\" content=\"Set von 2 Halterungen  Geeignet f\u00fcr Intake Filter Gr\u00f6\u00dfen 100 mm &amp; 125 mm\" \/>\n<meta property=\"og:url\" content=\"https:\/\/primaklima.com\/de\/shop\/luftfilter\/intake-filter-de\/ifwb-100-125\/\" \/>\n<meta property=\"og:site_name\" content=\"primaklima \u2013 filtration, ventilation, metal forming\" \/>\n<meta property=\"og:image\" content=\"https:\/\/primaklima.com\/wp-content\/uploads\/2025\/04\/IntakeFilter-wallbracket_01.jpg\" \/>\n\t<meta property=\"og:image:width\" content=\"1500\" \/>\n\t<meta property=\"og:image:height\" content=\"1500\" \/>\n\t<meta property=\"og:image:type\" content=\"image\/jpeg\" \/>\n<meta name=\"twitter:card\" content=\"summary_large_image\" \/>\n<script type=\"application\/ld+json\" class=\"yoast-schema-graph\">{\"@context\":\"https:\/\/schema.org\",\"@graph\":[{\"@type\":\"WebPage\",\"@id\":\"https:\/\/primaklima.com\/de\/shop\/luftfilter\/intake-filter-de\/ifwb-100-125\/\",\"url\":\"https:\/\/primaklima.com\/de\/shop\/luftfilter\/intake-filter-de\/ifwb-100-125\/\",\"name\":\"IFWB-100\/125 - primaklima \u2013 filtration, ventilation, metal forming\",\"isPartOf\":{\"@id\":\"https:\/\/primaklima.com\/de\/#website\"},\"primaryImageOfPage\":{\"@id\":\"https:\/\/primaklima.com\/de\/shop\/luftfilter\/intake-filter-de\/ifwb-100-125\/#primaryimage\"},\"image\":{\"@id\":\"https:\/\/primaklima.com\/de\/shop\/luftfilter\/intake-filter-de\/ifwb-100-125\/#primaryimage\"},\"thumbnailUrl\":\"https:\/\/primaklima.com\/wp-content\/uploads\/2025\/04\/IntakeFilter-wallbracket_01.jpg\",\"datePublished\":\"2025-04-16T16:31:11+00:00\",\"breadcrumb\":{\"@id\":\"https:\/\/primaklima.com\/de\/shop\/luftfilter\/intake-filter-de\/ifwb-100-125\/#breadcrumb\"},\"inLanguage\":\"de\",\"potentialAction\":[{\"@type\":\"ReadAction\",\"target\":[\"https:\/\/primaklima.com\/de\/shop\/luftfilter\/intake-filter-de\/ifwb-100-125\/\"]}]},{\"@type\":\"ImageObject\",\"inLanguage\":\"de\",\"@id\":\"https:\/\/primaklima.com\/de\/shop\/luftfilter\/intake-filter-de\/ifwb-100-125\/#primaryimage\",\"url\":\"https:\/\/primaklima.com\/wp-content\/uploads\/2025\/04\/IntakeFilter-wallbracket_01.jpg\",\"contentUrl\":\"https:\/\/primaklima.com\/wp-content\/uploads\/2025\/04\/IntakeFilter-wallbracket_01.jpg\",\"width\":1500,\"height\":1500,\"caption\":\"Intake Filter Wallbracket\"},{\"@type\":\"BreadcrumbList\",\"@id\":\"https:\/\/primaklima.com\/de\/shop\/luftfilter\/intake-filter-de\/ifwb-100-125\/#breadcrumb\",\"itemListElement\":[{\"@type\":\"ListItem\",\"position\":1,\"name\":\"Home\",\"item\":\"https:\/\/primaklima.com\/de\/\"},{\"@type\":\"ListItem\",\"position\":2,\"name\":\"Products\",\"item\":\"https:\/\/primaklima.com\/de\/products\/\"},{\"@type\":\"ListItem\",\"position\":3,\"name\":\"IFWB-100\/125\"}]},{\"@type\":\"WebSite\",\"@id\":\"https:\/\/primaklima.com\/de\/#website\",\"url\":\"https:\/\/primaklima.com\/de\/\",\"name\":\"primaklima \u2013 filtration, ventilation, metal forming\",\"description\":\"Since 1996\",\"potentialAction\":[{\"@type\":\"SearchAction\",\"target\":{\"@type\":\"EntryPoint\",\"urlTemplate\":\"https:\/\/primaklima.com\/de\/?s={search_term_string}\"},\"query-input\":{\"@type\":\"PropertyValueSpecification\",\"valueRequired\":true,\"valueName\":\"search_term_string\"}}],\"inLanguage\":\"de\"}]}<\/script>\n<!-- \/ Yoast SEO plugin. -->","yoast_head_json":{"title":"IFWB-100\/125 - primaklima \u2013 filtration, ventilation, metal forming","robots":{"index":"index","follow":"follow","max-snippet":"max-snippet:-1","max-image-preview":"max-image-preview:large","max-video-preview":"max-video-preview:-1"},"canonical":"https:\/\/primaklima.com\/de\/shop\/luftfilter\/intake-filter-de\/ifwb-100-125\/","og_locale":"de_DE","og_type":"article","og_title":"IFWB-100\/125 - primaklima \u2013 filtration, ventilation, metal forming","og_description":"Set von 2 Halterungen  Geeignet f\u00fcr Intake Filter Gr\u00f6\u00dfen 100 mm &amp; 125 mm","og_url":"https:\/\/primaklima.com\/de\/shop\/luftfilter\/intake-filter-de\/ifwb-100-125\/","og_site_name":"primaklima \u2013 filtration, ventilation, metal forming","og_image":[{"width":1500,"height":1500,"url":"https:\/\/primaklima.com\/wp-content\/uploads\/2025\/04\/IntakeFilter-wallbracket_01.jpg","type":"image\/jpeg"}],"twitter_card":"summary_large_image","schema":{"@context":"https:\/\/schema.org","@graph":[{"@type":"WebPage","@id":"https:\/\/primaklima.com\/de\/shop\/luftfilter\/intake-filter-de\/ifwb-100-125\/","url":"https:\/\/primaklima.com\/de\/shop\/luftfilter\/intake-filter-de\/ifwb-100-125\/","name":"IFWB-100\/125 - primaklima \u2013 filtration, ventilation, metal forming","isPartOf":{"@id":"https:\/\/primaklima.com\/de\/#website"},"primaryImageOfPage":{"@id":"https:\/\/primaklima.com\/de\/shop\/luftfilter\/intake-filter-de\/ifwb-100-125\/#primaryimage"},"image":{"@id":"https:\/\/primaklima.com\/de\/shop\/luftfilter\/intake-filter-de\/ifwb-100-125\/#primaryimage"},"thumbnailUrl":"https:\/\/primaklima.com\/wp-content\/uploads\/2025\/04\/IntakeFilter-wallbracket_01.jpg","datePublished":"2025-04-16T16:31:11+00:00","breadcrumb":{"@id":"https:\/\/primaklima.com\/de\/shop\/luftfilter\/intake-filter-de\/ifwb-100-125\/#breadcrumb"},"inLanguage":"de","potentialAction":[{"@type":"ReadAction","target":["https:\/\/primaklima.com\/de\/shop\/luftfilter\/intake-filter-de\/ifwb-100-125\/"]}]},{"@type":"ImageObject","inLanguage":"de","@id":"https:\/\/primaklima.com\/de\/shop\/luftfilter\/intake-filter-de\/ifwb-100-125\/#primaryimage","url":"https:\/\/primaklima.com\/wp-content\/uploads\/2025\/04\/IntakeFilter-wallbracket_01.jpg","contentUrl":"https:\/\/primaklima.com\/wp-content\/uploads\/2025\/04\/IntakeFilter-wallbracket_01.jpg","width":1500,"height":1500,"caption":"Intake Filter Wallbracket"},{"@type":"BreadcrumbList","@id":"https:\/\/primaklima.com\/de\/shop\/luftfilter\/intake-filter-de\/ifwb-100-125\/#breadcrumb","itemListElement":[{"@type":"ListItem","position":1,"name":"Home","item":"https:\/\/primaklima.com\/de\/"},{"@type":"ListItem","position":2,"name":"Products","item":"https:\/\/primaklima.com\/de\/products\/"},{"@type":"ListItem","position":3,"name":"IFWB-100\/125"}]},{"@type":"WebSite","@id":"https:\/\/primaklima.com\/de\/#website","url":"https:\/\/primaklima.com\/de\/","name":"primaklima \u2013 filtration, ventilation, metal forming","description":"Since 1996","potentialAction":[{"@type":"SearchAction","target":{"@type":"EntryPoint","urlTemplate":"https:\/\/primaklima.com\/de\/?s={search_term_string}"},"query-input":{"@type":"PropertyValueSpecification","valueRequired":true,"valueName":"search_term_string"}}],"inLanguage":"de"}]}},"_links":{"self":[{"href":"https:\/\/primaklima.com\/de\/wp-json\/wp\/v2\/product\/6083","targetHints":{"allow":["GET"]}}],"collection":[{"href":"https:\/\/primaklima.com\/de\/wp-json\/wp\/v2\/product"}],"about":[{"href":"https:\/\/primaklima.com\/de\/wp-json\/wp\/v2\/types\/product"}],"wp:featuredmedia":[{"embeddable":true,"href":"https:\/\/primaklima.com\/de\/wp-json\/wp\/v2\/media\/6041"}],"wp:attachment":[{"href":"https:\/\/primaklima.com\/de\/wp-json\/wp\/v2\/media?parent=6083"}],"wp:term":[{"taxonomy":"product_brand","embeddable":true,"href":"https:\/\/primaklima.com\/de\/wp-json\/wp\/v2\/product_brand?post=6083"},{"taxonomy":"product_cat","embeddable":true,"href":"https:\/\/primaklima.com\/de\/wp-json\/wp\/v2\/product_cat?post=6083"},{"taxonomy":"product_tag","embeddable":true,"href":"https:\/\/primaklima.com\/de\/wp-json\/wp\/v2\/product_tag?post=6083"}],"curies":[{"name":"wp","href":"https:\/\/api.w.org\/{rel}","templated":true}]}}