{"id":6237,"date":"2025-09-22T12:00:48","date_gmt":"2025-09-22T14:00:48","guid":{"rendered":"https:\/\/primaklima.com\/shop\/uncategorized\/fb1711\/"},"modified":"2025-09-22T12:08:37","modified_gmt":"2025-09-22T14:08:37","slug":"fb1711","status":"publish","type":"product","link":"https:\/\/primaklima.com\/de\/shop\/luftfilter\/filterzubehor\/intake-filtervlies\/fb1711\/","title":{"rendered":"FB1711"},"content":{"rendered":"<h2>Ersatz-Filterbeutel f\u00fcr Prima Klima Zuluftfilter<\/h2>\n<p>Dieses \u00fcberarbeitete Filtervlies der Klasse M5 umschlie\u00dft das Geh\u00e4use der Prima Klima Zuluftfilter passgenau und wird mit einem Spannband fixiert. Dadurch entsteht eine dichte Abdichtung f\u00fcr eine effektive Reinigung der Zuluft. Der Filter sch\u00fctzt zuverl\u00e4ssig vor Staub, Schwebstoffen und kleinen Insekten \u2013 ideal f\u00fcr Anwendungen mit hohen Anforderungen an die Luftreinheit.<\/p>\n<h3>Eigenschaften<\/h3>\n<ul>\n<li>Gro\u00dfe Ansaugfl\u00e4che \/ geringer Druckverlust<\/li>\n<li>Filterklasse: M5<\/li>\n<li>Effektive Luftreinigung \u2013 sch\u00fctzt zuverl\u00e4ssig vor Staub, Schwebstoffen und kleinen Insekten (z. B. Trauerm\u00fccken, Spinnmilben)<\/li>\n<li>Inkl. Befestigungsgurt<\/li>\n<\/ul>\n","protected":false},"excerpt":{"rendered":"<p>Ersatz Filtervlies f\u00fcr: Z1611<br \/>\nL\u00e4nge: 750 mm<br \/>\nDurchmesser: 330 mm<br \/>\nGewicht: 0.32 kg<br \/>\nFilter-Klasse: M5<br \/>\nInkl. Befestigungsgurt<\/p>\n","protected":false},"featured_media":6087,"template":"","meta":[],"product_brand":[],"product_cat":[1614,1619],"product_tag":[443,444,1616],"class_list":{"0":"post-6237","1":"product","2":"type-product","3":"status-publish","4":"has-post-thumbnail","6":"product_cat-intake-filter-de","7":"product_cat-intake-filtervlies","8":"product_tag-250mm-de","9":"product_tag-250mm-flansch","10":"product_tag-intake-filter-de","12":"first","13":"instock","14":"taxable","15":"shipping-taxable","16":"product-type-simple"},"yoast_head":"<!-- This site is optimized with the Yoast SEO plugin v27.2 - https:\/\/yoast.com\/product\/yoast-seo-wordpress\/ -->\n<title>FB1711 - primaklima \u2013 filtration, ventilation, metal forming<\/title>\n<meta name=\"robots\" content=\"index, follow, max-snippet:-1, max-image-preview:large, max-video-preview:-1\" \/>\n<link rel=\"canonical\" href=\"https:\/\/primaklima.com\/de\/shop\/luftfilter\/filterzubehor\/intake-filtervlies\/fb1711\/\" \/>\n<meta property=\"og:locale\" content=\"de_DE\" \/>\n<meta property=\"og:type\" content=\"article\" \/>\n<meta property=\"og:title\" content=\"FB1711 - primaklima \u2013 filtration, ventilation, metal forming\" \/>\n<meta property=\"og:description\" content=\"Ersatz Filtervlies f\u00fcr: Z1611 L\u00e4nge: 750 mm Durchmesser: 330 mm Gewicht: 0.32 kg Filter-Klasse: M5 Inkl. Befestigungsgurt\" \/>\n<meta property=\"og:url\" content=\"https:\/\/primaklima.com\/de\/shop\/luftfilter\/filterzubehor\/intake-filtervlies\/fb1711\/\" \/>\n<meta property=\"og:site_name\" content=\"primaklima \u2013 filtration, ventilation, metal forming\" \/>\n<meta property=\"article:modified_time\" content=\"2025-09-22T14:08:37+00:00\" \/>\n<meta property=\"og:image\" content=\"https:\/\/primaklima.com\/wp-content\/uploads\/2025\/04\/Intake_Filter-Bag_01.jpg\" \/>\n\t<meta property=\"og:image:width\" content=\"1500\" \/>\n\t<meta property=\"og:image:height\" content=\"1500\" \/>\n\t<meta property=\"og:image:type\" content=\"image\/jpeg\" \/>\n<meta name=\"twitter:card\" content=\"summary_large_image\" \/>\n<meta name=\"twitter:label1\" content=\"Gesch\u00e4tzte Lesezeit\" \/>\n\t<meta name=\"twitter:data1\" content=\"1\u00a0Minute\" \/>\n<script type=\"application\/ld+json\" class=\"yoast-schema-graph\">{\"@context\":\"https:\/\/schema.org\",\"@graph\":[{\"@type\":\"WebPage\",\"@id\":\"https:\/\/primaklima.com\/de\/shop\/luftfilter\/filterzubehor\/intake-filtervlies\/fb1711\/\",\"url\":\"https:\/\/primaklima.com\/de\/shop\/luftfilter\/filterzubehor\/intake-filtervlies\/fb1711\/\",\"name\":\"FB1711 - primaklima \u2013 filtration, ventilation, metal forming\",\"isPartOf\":{\"@id\":\"https:\/\/primaklima.com\/de\/#website\"},\"primaryImageOfPage\":{\"@id\":\"https:\/\/primaklima.com\/de\/shop\/luftfilter\/filterzubehor\/intake-filtervlies\/fb1711\/#primaryimage\"},\"image\":{\"@id\":\"https:\/\/primaklima.com\/de\/shop\/luftfilter\/filterzubehor\/intake-filtervlies\/fb1711\/#primaryimage\"},\"thumbnailUrl\":\"https:\/\/primaklima.com\/wp-content\/uploads\/2025\/04\/Intake_Filter-Bag_01.jpg\",\"datePublished\":\"2025-09-22T14:00:48+00:00\",\"dateModified\":\"2025-09-22T14:08:37+00:00\",\"breadcrumb\":{\"@id\":\"https:\/\/primaklima.com\/de\/shop\/luftfilter\/filterzubehor\/intake-filtervlies\/fb1711\/#breadcrumb\"},\"inLanguage\":\"de\",\"potentialAction\":[{\"@type\":\"ReadAction\",\"target\":[\"https:\/\/primaklima.com\/de\/shop\/luftfilter\/filterzubehor\/intake-filtervlies\/fb1711\/\"]}]},{\"@type\":\"ImageObject\",\"inLanguage\":\"de\",\"@id\":\"https:\/\/primaklima.com\/de\/shop\/luftfilter\/filterzubehor\/intake-filtervlies\/fb1711\/#primaryimage\",\"url\":\"https:\/\/primaklima.com\/wp-content\/uploads\/2025\/04\/Intake_Filter-Bag_01.jpg\",\"contentUrl\":\"https:\/\/primaklima.com\/wp-content\/uploads\/2025\/04\/Intake_Filter-Bag_01.jpg\",\"width\":1500,\"height\":1500,\"caption\":\"Intake Filter Bag\"},{\"@type\":\"BreadcrumbList\",\"@id\":\"https:\/\/primaklima.com\/de\/shop\/luftfilter\/filterzubehor\/intake-filtervlies\/fb1711\/#breadcrumb\",\"itemListElement\":[{\"@type\":\"ListItem\",\"position\":1,\"name\":\"Home\",\"item\":\"https:\/\/primaklima.com\/de\/\"},{\"@type\":\"ListItem\",\"position\":2,\"name\":\"Products\",\"item\":\"https:\/\/primaklima.com\/de\/products\/\"},{\"@type\":\"ListItem\",\"position\":3,\"name\":\"FB1711\"}]},{\"@type\":\"WebSite\",\"@id\":\"https:\/\/primaklima.com\/de\/#website\",\"url\":\"https:\/\/primaklima.com\/de\/\",\"name\":\"primaklima \u2013 filtration, ventilation, metal forming\",\"description\":\"Since 1996\",\"potentialAction\":[{\"@type\":\"SearchAction\",\"target\":{\"@type\":\"EntryPoint\",\"urlTemplate\":\"https:\/\/primaklima.com\/de\/?s={search_term_string}\"},\"query-input\":{\"@type\":\"PropertyValueSpecification\",\"valueRequired\":true,\"valueName\":\"search_term_string\"}}],\"inLanguage\":\"de\"}]}<\/script>\n<!-- \/ Yoast SEO plugin. -->","yoast_head_json":{"title":"FB1711 - primaklima \u2013 filtration, ventilation, metal forming","robots":{"index":"index","follow":"follow","max-snippet":"max-snippet:-1","max-image-preview":"max-image-preview:large","max-video-preview":"max-video-preview:-1"},"canonical":"https:\/\/primaklima.com\/de\/shop\/luftfilter\/filterzubehor\/intake-filtervlies\/fb1711\/","og_locale":"de_DE","og_type":"article","og_title":"FB1711 - primaklima \u2013 filtration, ventilation, metal forming","og_description":"Ersatz Filtervlies f\u00fcr: Z1611 L\u00e4nge: 750 mm Durchmesser: 330 mm Gewicht: 0.32 kg Filter-Klasse: M5 Inkl. Befestigungsgurt","og_url":"https:\/\/primaklima.com\/de\/shop\/luftfilter\/filterzubehor\/intake-filtervlies\/fb1711\/","og_site_name":"primaklima \u2013 filtration, ventilation, metal forming","article_modified_time":"2025-09-22T14:08:37+00:00","og_image":[{"width":1500,"height":1500,"url":"https:\/\/primaklima.com\/wp-content\/uploads\/2025\/04\/Intake_Filter-Bag_01.jpg","type":"image\/jpeg"}],"twitter_card":"summary_large_image","twitter_misc":{"Gesch\u00e4tzte Lesezeit":"1\u00a0Minute"},"schema":{"@context":"https:\/\/schema.org","@graph":[{"@type":"WebPage","@id":"https:\/\/primaklima.com\/de\/shop\/luftfilter\/filterzubehor\/intake-filtervlies\/fb1711\/","url":"https:\/\/primaklima.com\/de\/shop\/luftfilter\/filterzubehor\/intake-filtervlies\/fb1711\/","name":"FB1711 - primaklima \u2013 filtration, ventilation, metal forming","isPartOf":{"@id":"https:\/\/primaklima.com\/de\/#website"},"primaryImageOfPage":{"@id":"https:\/\/primaklima.com\/de\/shop\/luftfilter\/filterzubehor\/intake-filtervlies\/fb1711\/#primaryimage"},"image":{"@id":"https:\/\/primaklima.com\/de\/shop\/luftfilter\/filterzubehor\/intake-filtervlies\/fb1711\/#primaryimage"},"thumbnailUrl":"https:\/\/primaklima.com\/wp-content\/uploads\/2025\/04\/Intake_Filter-Bag_01.jpg","datePublished":"2025-09-22T14:00:48+00:00","dateModified":"2025-09-22T14:08:37+00:00","breadcrumb":{"@id":"https:\/\/primaklima.com\/de\/shop\/luftfilter\/filterzubehor\/intake-filtervlies\/fb1711\/#breadcrumb"},"inLanguage":"de","potentialAction":[{"@type":"ReadAction","target":["https:\/\/primaklima.com\/de\/shop\/luftfilter\/filterzubehor\/intake-filtervlies\/fb1711\/"]}]},{"@type":"ImageObject","inLanguage":"de","@id":"https:\/\/primaklima.com\/de\/shop\/luftfilter\/filterzubehor\/intake-filtervlies\/fb1711\/#primaryimage","url":"https:\/\/primaklima.com\/wp-content\/uploads\/2025\/04\/Intake_Filter-Bag_01.jpg","contentUrl":"https:\/\/primaklima.com\/wp-content\/uploads\/2025\/04\/Intake_Filter-Bag_01.jpg","width":1500,"height":1500,"caption":"Intake Filter Bag"},{"@type":"BreadcrumbList","@id":"https:\/\/primaklima.com\/de\/shop\/luftfilter\/filterzubehor\/intake-filtervlies\/fb1711\/#breadcrumb","itemListElement":[{"@type":"ListItem","position":1,"name":"Home","item":"https:\/\/primaklima.com\/de\/"},{"@type":"ListItem","position":2,"name":"Products","item":"https:\/\/primaklima.com\/de\/products\/"},{"@type":"ListItem","position":3,"name":"FB1711"}]},{"@type":"WebSite","@id":"https:\/\/primaklima.com\/de\/#website","url":"https:\/\/primaklima.com\/de\/","name":"primaklima \u2013 filtration, ventilation, metal forming","description":"Since 1996","potentialAction":[{"@type":"SearchAction","target":{"@type":"EntryPoint","urlTemplate":"https:\/\/primaklima.com\/de\/?s={search_term_string}"},"query-input":{"@type":"PropertyValueSpecification","valueRequired":true,"valueName":"search_term_string"}}],"inLanguage":"de"}]}},"_links":{"self":[{"href":"https:\/\/primaklima.com\/de\/wp-json\/wp\/v2\/product\/6237","targetHints":{"allow":["GET"]}}],"collection":[{"href":"https:\/\/primaklima.com\/de\/wp-json\/wp\/v2\/product"}],"about":[{"href":"https:\/\/primaklima.com\/de\/wp-json\/wp\/v2\/types\/product"}],"wp:featuredmedia":[{"embeddable":true,"href":"https:\/\/primaklima.com\/de\/wp-json\/wp\/v2\/media\/6087"}],"wp:attachment":[{"href":"https:\/\/primaklima.com\/de\/wp-json\/wp\/v2\/media?parent=6237"}],"wp:term":[{"taxonomy":"product_brand","embeddable":true,"href":"https:\/\/primaklima.com\/de\/wp-json\/wp\/v2\/product_brand?post=6237"},{"taxonomy":"product_cat","embeddable":true,"href":"https:\/\/primaklima.com\/de\/wp-json\/wp\/v2\/product_cat?post=6237"},{"taxonomy":"product_tag","embeddable":true,"href":"https:\/\/primaklima.com\/de\/wp-json\/wp\/v2\/product_tag?post=6237"}],"curies":[{"name":"wp","href":"https:\/\/api.w.org\/{rel}","templated":true}]}}