{"id":6420,"date":"2026-04-27T07:03:24","date_gmt":"2026-04-27T09:03:24","guid":{"rendered":"https:\/\/primaklima.com\/shop\/unkategorisiert\/pk-dgtl-thc\/"},"modified":"2026-04-27T07:03:24","modified_gmt":"2026-04-27T09:03:24","slug":"pk-dgtl-thc","status":"publish","type":"product","link":"https:\/\/primaklima.com\/de\/shop\/ventilatoren-de\/ventilatoren-zubehor\/pk-dgtl-thc\/","title":{"rendered":"PK-DGTL-THC"},"content":{"rendered":"<div class=\"flex flex-1 flex-col min-h-0 overflow-hidden\" data-testid=\"playground-message-list\" data-scroll-container=\"true\">\n<div class=\"flex-1 min-h-0 w-full overflow-y-auto relative overscroll-behavior-y-contain\" data-testid=\"message-list-scroll\" data-scroll-container=\"true\">\n<div data-testid=\"message-list-content\">\n<div class=\"duration-200 flex flex-col items-center w-full gap-6 my-4 md:my-6 animate-in fade-in\">\n<div class=\"max-w-4xl w-full\">\n<div class=\"w-full rounded-md mx-auto max-w-4xl transition-colors duration-500 ease-in-out px-2 md:px-3\" data-message-id=\"msg-1777283157-cMokwZaYv2jQToH0Fdui\">\n<div class=\"group flex w-full flex-col items-start justify-start gap-2 md:my-0 slide-in-from-left-12\" data-testid=\"assistant-message\">\n<div class=\"flex w-full flex-col items-start gap-3\">\n<div class=\"flex w-full flex-col items-stretch gap-2\">\n<div class=\"flex w-full flex-col gap-2 items-start\">\n<div class=\"relative group\/text-item grid w-full ph-no-capture justify-items-start\" data-dd-privacy=\"hidden\">\n<div class=\"py-3 px-4 font-normal relative transition-colors border rounded-lg dark:bg-slate-2 bg-white border-slate-4 rounded-tl-none text-foreground dark:text-foreground\/90 col-start-1 row-start-1 min-w-0 w-full\">\n<div class=\"min-w-0 w-full [&amp;&gt;ol]:mb-4 [&amp;&gt;ul]:mb-4 [&amp;&gt;*:last-child]:mb-0 [&amp;_li&gt;p]:mb-0\">\n<p class=\"mb-4 break-words\">Der <strong>Primaklima PK-DGTL-THC<\/strong> ist ein professioneller 2-Kanal-L\u00fcfterregler mit integrierter RJ45-Schnittstelle, der f\u00fcr eine pr\u00e4zise und m\u00fchelose Klimasteuerung entwickelt wurde. Sein \u00fcbersichtliches Display bietet auf einen Blick einen sofortigen \u00dcberblick \u00fcber alle relevanten Parameter.<\/p>\n<p class=\"mb-4 break-words\">Dank des intuitiven <strong>Ein-Knopf-Bedienkonzepts<\/strong> lassen sich Temperatur, Luftfeuchtigkeit, minimale L\u00fcfterdrehzahl und maximale L\u00fcfterdrehzahl schnell und unkompliziert einstellen. Der Regler unterst\u00fctzt sowohl den <strong>Automatikmodus<\/strong> \u2013 f\u00fcr eine vollst\u00e4ndig autonome Klimaregelung \u2013 als auch den <strong>manuellen Modus<\/strong>, der Ihnen je nach Bedarf maximale Flexibilit\u00e4t bietet.<\/p>\n<p class=\"mb-4 break-words\">Kompatible L\u00fcfter und der Regler sind jeweils mit <strong>RJ45-Anschl\u00fcssen<\/strong> ausgestattet, was eine nahtlose und zuverl\u00e4ssige Verbindung \u00fcber ein handels\u00fcbliches Ethernet-Kabel erm\u00f6glicht \u2013 ganz ohne aufw\u00e4ndige Verkabelung. Ein RJ45-Kabel ist nicht im Lieferumfang enthalten.<\/p>\n<p class=\"mb-4 break-words\"><a href=\"https:\/\/cloud.primaklima.com\/index.php\/s\/XHWBk2SUPGZM8H8\/download?path=%2FPK-DGTL-THC&amp;files=PK-DGTL-THC_Montage-und-Betriebsanleitung_rgb.pdf\">PK-DGTL-THC Montage- und Betriebsanleitung<\/a> herunterladen.<\/p>\n<p class=\"mb-4 break-words\">Kompatible Ventilatoren: <a href=\"https:\/\/primaklima.com\/de\/shop\/ventilatoren-de\/ec-ventilatoren\/pk100-ecblue\/\">PK100-ECblue<\/a>, <a href=\"https:\/\/primaklima.com\/de\/shop\/ventilatoren-de\/whisperblower-de\/pk125whsp-ecblue\/\">PK125WHSP-ECblue<\/a>, <a href=\"https:\/\/primaklima.com\/de\/shop\/ventilatoren-de\/whisperblower-de\/pk150-160whsp-ecblue\/\" target=\"_blank\" rel=\"noopener\">PK150\/160WHSP-Ecblue<\/a>, <a href=\"https:\/\/primaklima.com\/de\/shop\/ventilatoren-de\/ec-ventilatoren\/pk125-ecblue\/\">PK125-ECblue<\/a>, <a href=\"https:\/\/primaklima.com\/de\/shop\/ventilatoren-de\/ec-ventilatoren\/pk150-ecblue\/\">PK150-ECblue<\/a>, <a href=\"https:\/\/primaklima.com\/de\/shop\/ventilatoren-de\/ec-ventilatoren\/pk160-ecblue\/\">PK160-ECblue<\/a>, <a href=\"https:\/\/primaklima.com\/de\/shop\/ventilatoren-de\/ec-ventilatoren\/pk200-ecblue\/\">PK200-Ecblue<\/a>, <a href=\"https:\/\/primaklima.com\/de\/shop\/ventilatoren-de\/ec-ventilatoren\/pk250-ecblue\/\">PK250-ECblue<\/a>, <a href=\"https:\/\/primaklima.com\/de\/shop\/ventilatoren-de\/blue-line-ventilatoren\/pk300-315-ec\/\">PK300\/315-EC<\/a>, <a href=\"https:\/\/primaklima.com\/de\/shop\/ventilatoren-de\/blue-line-ventilatoren\/pk355-400-ec\/\">PK355\/400-EC<\/a>, <a href=\"https:\/\/primaklima.com\/de\/shop\/ventilatoren-de\/blue-line-ventilatoren\/pk400-450-ec\/\">PK400\/450-EC<\/a><\/p>\n<\/div>\n<\/div>\n<\/div>\n<\/div>\n<\/div>\n<\/div>\n<div class=\"w-full\">\n<div class=\"flex items-center gap-1 md:opacity-0 transition-all group-hover:opacity-100 md:justify-start\">\n<div class=\"w-4 h-4\"><\/div>\n<div class=\"h-4 w-4\"><\/div>\n<p><button class=\"inline-flex items-center justify-center whitespace-nowrap rounded-md font-medium transition-colors focus-visible:outline-none disabled:pointer-events-none disabled:opacity-50 focus-visible:ring-1 focus-visible:ring-ring gap-2 leading-6 text-muted-foreground hover:bg-accent hover:text-accent-foreground border border-transparent h-8 w-8 p-1\" aria-label=\"Report Feedback\" data-state=\"closed\"><\/button><\/p>\n<div class=\"w-4 h-4\"><\/div>\n<div class=\"flex-1\"><\/div>\n<div class=\"w-4 h-4\"><\/div>\n<div class=\"w-4 h-4\"><\/div>\n<\/div>\n<\/div>\n<\/div>\n<\/div>\n<\/div>\n<\/div>\n<\/div>\n<\/div>\n<\/div>\n<div class=\"sm:mb-2 sm:mt-0 flex-shrink-0 md:px-4\" data-testid=\"playground-composer\">\n<div class=\"rounded-xl overflow-hidden p-2 border border-slate-4 w-full max-w-4xl mx-auto flex-shrink-0 bg-white dark:bg-slate-2 shadow-lg\">\n<div class=\"duration-200 relative flex w-full flex-col animate-in fade-in slide-in-from-bottom-12\">\n<div class=\"relative flex w-full flex-col\">\n<div class=\"relative\">\n<div class=\"relative h-9\">\n<div class=\"absolute inset-0 transition-opacity duration-200 flex items-center opacity-100\"><\/div>\n<\/div>\n<\/div>\n<\/div>\n<\/div>\n<\/div>\n<\/div>\n","protected":false},"excerpt":{"rendered":"<p class=\"mb-4 break-words\">2-Kanal-Digital-L\u00fcfterregler mit RJ45-Schnittstelle<\/p>\n<ul class=\"list-disc pl-8\">\n<li class=\"mt-1.5\">Temperaturregelung<\/li>\n<li class=\"mt-1.5\">Feuchtigkeitsregelung<\/li>\n<li class=\"mt-1.5\">Einstellbare minimale L\u00fcfterdrehzahl<\/li>\n<li class=\"mt-1.5\">Einstellbare maximale L\u00fcfterdrehzahl<\/li>\n<li class=\"mt-1.5\">Automatik- oder manueller Modus<\/li>\n<li class=\"mt-1.5\">RJ45-Kabel nicht im Lieferumfang enthalten<\/li>\n<\/ul>\n","protected":false},"featured_media":6418,"template":"","meta":[],"product_brand":[],"product_cat":[440,666],"product_tag":[722,673,1622,848],"class_list":{"0":"post-6420","1":"product","2":"type-product","3":"status-publish","4":"has-post-thumbnail","6":"product_cat-ventilatoren-de","7":"product_cat-ventilatoren-zubehor","8":"product_tag-digital-controller-de","9":"product_tag-fan-control-de","10":"product_tag-humidity-controlled","11":"product_tag-temperature-controlled-de","13":"first","14":"instock","15":"taxable","16":"shipping-taxable","17":"product-type-simple"},"yoast_head":"<!-- This site is optimized with the Yoast SEO plugin v27.2 - https:\/\/yoast.com\/product\/yoast-seo-wordpress\/ -->\n<title>PK-DGTL-THC - primaklima \u2013 filtration, ventilation, metal forming<\/title>\n<meta name=\"robots\" content=\"index, follow, max-snippet:-1, max-image-preview:large, max-video-preview:-1\" \/>\n<link rel=\"canonical\" href=\"https:\/\/primaklima.com\/de\/shop\/ventilatoren-de\/ventilatoren-zubehor\/pk-dgtl-thc\/\" \/>\n<meta property=\"og:locale\" content=\"de_DE\" \/>\n<meta property=\"og:type\" content=\"article\" \/>\n<meta property=\"og:title\" content=\"PK-DGTL-THC - primaklima \u2013 filtration, ventilation, metal forming\" \/>\n<meta property=\"og:description\" content=\"2-Kanal-Digital-L\u00fcfterregler mit RJ45-SchnittstelleTemperaturregelungFeuchtigkeitsregelungEinstellbare minimale L\u00fcfterdrehzahlEinstellbare maximale L\u00fcfterdrehzahlAutomatik- oder manueller ModusRJ45-Kabel nicht im Lieferumfang enthalten\" \/>\n<meta property=\"og:url\" content=\"https:\/\/primaklima.com\/de\/shop\/ventilatoren-de\/ventilatoren-zubehor\/pk-dgtl-thc\/\" \/>\n<meta property=\"og:site_name\" content=\"primaklima \u2013 filtration, ventilation, metal forming\" \/>\n<meta property=\"og:image\" content=\"https:\/\/primaklima.com\/wp-content\/uploads\/2026\/04\/PK-DGTL-THC_product-img_2026_01-380x380.jpg\" \/>\n<meta name=\"twitter:card\" content=\"summary_large_image\" \/>\n<meta name=\"twitter:label1\" content=\"Gesch\u00e4tzte Lesezeit\" \/>\n\t<meta name=\"twitter:data1\" content=\"1\u00a0Minute\" \/>\n<script type=\"application\/ld+json\" class=\"yoast-schema-graph\">{\"@context\":\"https:\/\/schema.org\",\"@graph\":[{\"@type\":\"WebPage\",\"@id\":\"https:\/\/primaklima.com\/de\/shop\/ventilatoren-de\/ventilatoren-zubehor\/pk-dgtl-thc\/\",\"url\":\"https:\/\/primaklima.com\/de\/shop\/ventilatoren-de\/ventilatoren-zubehor\/pk-dgtl-thc\/\",\"name\":\"PK-DGTL-THC - primaklima \u2013 filtration, ventilation, metal forming\",\"isPartOf\":{\"@id\":\"https:\/\/primaklima.com\/de\/#website\"},\"primaryImageOfPage\":{\"@id\":\"https:\/\/primaklima.com\/de\/shop\/ventilatoren-de\/ventilatoren-zubehor\/pk-dgtl-thc\/#primaryimage\"},\"image\":{\"@id\":\"https:\/\/primaklima.com\/de\/shop\/ventilatoren-de\/ventilatoren-zubehor\/pk-dgtl-thc\/#primaryimage\"},\"thumbnailUrl\":\"https:\/\/primaklima.com\/wp-content\/uploads\/2026\/04\/PK-DGTL-THC_product-img_2026_01-1.jpg\",\"datePublished\":\"2026-04-27T09:03:24+00:00\",\"breadcrumb\":{\"@id\":\"https:\/\/primaklima.com\/de\/shop\/ventilatoren-de\/ventilatoren-zubehor\/pk-dgtl-thc\/#breadcrumb\"},\"inLanguage\":\"de\",\"potentialAction\":[{\"@type\":\"ReadAction\",\"target\":[\"https:\/\/primaklima.com\/de\/shop\/ventilatoren-de\/ventilatoren-zubehor\/pk-dgtl-thc\/\"]}]},{\"@type\":\"ImageObject\",\"inLanguage\":\"de\",\"@id\":\"https:\/\/primaklima.com\/de\/shop\/ventilatoren-de\/ventilatoren-zubehor\/pk-dgtl-thc\/#primaryimage\",\"url\":\"https:\/\/primaklima.com\/wp-content\/uploads\/2026\/04\/PK-DGTL-THC_product-img_2026_01-1.jpg\",\"contentUrl\":\"https:\/\/primaklima.com\/wp-content\/uploads\/2026\/04\/PK-DGTL-THC_product-img_2026_01-1.jpg\",\"width\":1500,\"height\":1500,\"caption\":\"PK-DGTL-THC Digital Controller\"},{\"@type\":\"BreadcrumbList\",\"@id\":\"https:\/\/primaklima.com\/de\/shop\/ventilatoren-de\/ventilatoren-zubehor\/pk-dgtl-thc\/#breadcrumb\",\"itemListElement\":[{\"@type\":\"ListItem\",\"position\":1,\"name\":\"Home\",\"item\":\"https:\/\/primaklima.com\/de\/\"},{\"@type\":\"ListItem\",\"position\":2,\"name\":\"Products\",\"item\":\"https:\/\/primaklima.com\/de\/products\/\"},{\"@type\":\"ListItem\",\"position\":3,\"name\":\"PK-DGTL-THC\"}]},{\"@type\":\"WebSite\",\"@id\":\"https:\/\/primaklima.com\/de\/#website\",\"url\":\"https:\/\/primaklima.com\/de\/\",\"name\":\"primaklima \u2013 filtration, ventilation, metal forming\",\"description\":\"Since 1996\",\"potentialAction\":[{\"@type\":\"SearchAction\",\"target\":{\"@type\":\"EntryPoint\",\"urlTemplate\":\"https:\/\/primaklima.com\/de\/?s={search_term_string}\"},\"query-input\":{\"@type\":\"PropertyValueSpecification\",\"valueRequired\":true,\"valueName\":\"search_term_string\"}}],\"inLanguage\":\"de\"}]}<\/script>\n<!-- \/ Yoast SEO plugin. -->","yoast_head_json":{"title":"PK-DGTL-THC - primaklima \u2013 filtration, ventilation, metal forming","robots":{"index":"index","follow":"follow","max-snippet":"max-snippet:-1","max-image-preview":"max-image-preview:large","max-video-preview":"max-video-preview:-1"},"canonical":"https:\/\/primaklima.com\/de\/shop\/ventilatoren-de\/ventilatoren-zubehor\/pk-dgtl-thc\/","og_locale":"de_DE","og_type":"article","og_title":"PK-DGTL-THC - primaklima \u2013 filtration, ventilation, metal forming","og_description":"2-Kanal-Digital-L\u00fcfterregler mit RJ45-SchnittstelleTemperaturregelungFeuchtigkeitsregelungEinstellbare minimale L\u00fcfterdrehzahlEinstellbare maximale L\u00fcfterdrehzahlAutomatik- oder manueller ModusRJ45-Kabel nicht im Lieferumfang enthalten","og_url":"https:\/\/primaklima.com\/de\/shop\/ventilatoren-de\/ventilatoren-zubehor\/pk-dgtl-thc\/","og_site_name":"primaklima \u2013 filtration, ventilation, metal forming","og_image":[{"url":"https:\/\/primaklima.com\/wp-content\/uploads\/2026\/04\/PK-DGTL-THC_product-img_2026_01-380x380.jpg","type":"","width":"","height":""}],"twitter_card":"summary_large_image","twitter_misc":{"Gesch\u00e4tzte Lesezeit":"1\u00a0Minute"},"schema":{"@context":"https:\/\/schema.org","@graph":[{"@type":"WebPage","@id":"https:\/\/primaklima.com\/de\/shop\/ventilatoren-de\/ventilatoren-zubehor\/pk-dgtl-thc\/","url":"https:\/\/primaklima.com\/de\/shop\/ventilatoren-de\/ventilatoren-zubehor\/pk-dgtl-thc\/","name":"PK-DGTL-THC - primaklima \u2013 filtration, ventilation, metal forming","isPartOf":{"@id":"https:\/\/primaklima.com\/de\/#website"},"primaryImageOfPage":{"@id":"https:\/\/primaklima.com\/de\/shop\/ventilatoren-de\/ventilatoren-zubehor\/pk-dgtl-thc\/#primaryimage"},"image":{"@id":"https:\/\/primaklima.com\/de\/shop\/ventilatoren-de\/ventilatoren-zubehor\/pk-dgtl-thc\/#primaryimage"},"thumbnailUrl":"https:\/\/primaklima.com\/wp-content\/uploads\/2026\/04\/PK-DGTL-THC_product-img_2026_01-1.jpg","datePublished":"2026-04-27T09:03:24+00:00","breadcrumb":{"@id":"https:\/\/primaklima.com\/de\/shop\/ventilatoren-de\/ventilatoren-zubehor\/pk-dgtl-thc\/#breadcrumb"},"inLanguage":"de","potentialAction":[{"@type":"ReadAction","target":["https:\/\/primaklima.com\/de\/shop\/ventilatoren-de\/ventilatoren-zubehor\/pk-dgtl-thc\/"]}]},{"@type":"ImageObject","inLanguage":"de","@id":"https:\/\/primaklima.com\/de\/shop\/ventilatoren-de\/ventilatoren-zubehor\/pk-dgtl-thc\/#primaryimage","url":"https:\/\/primaklima.com\/wp-content\/uploads\/2026\/04\/PK-DGTL-THC_product-img_2026_01-1.jpg","contentUrl":"https:\/\/primaklima.com\/wp-content\/uploads\/2026\/04\/PK-DGTL-THC_product-img_2026_01-1.jpg","width":1500,"height":1500,"caption":"PK-DGTL-THC Digital Controller"},{"@type":"BreadcrumbList","@id":"https:\/\/primaklima.com\/de\/shop\/ventilatoren-de\/ventilatoren-zubehor\/pk-dgtl-thc\/#breadcrumb","itemListElement":[{"@type":"ListItem","position":1,"name":"Home","item":"https:\/\/primaklima.com\/de\/"},{"@type":"ListItem","position":2,"name":"Products","item":"https:\/\/primaklima.com\/de\/products\/"},{"@type":"ListItem","position":3,"name":"PK-DGTL-THC"}]},{"@type":"WebSite","@id":"https:\/\/primaklima.com\/de\/#website","url":"https:\/\/primaklima.com\/de\/","name":"primaklima \u2013 filtration, ventilation, metal forming","description":"Since 1996","potentialAction":[{"@type":"SearchAction","target":{"@type":"EntryPoint","urlTemplate":"https:\/\/primaklima.com\/de\/?s={search_term_string}"},"query-input":{"@type":"PropertyValueSpecification","valueRequired":true,"valueName":"search_term_string"}}],"inLanguage":"de"}]}},"_links":{"self":[{"href":"https:\/\/primaklima.com\/de\/wp-json\/wp\/v2\/product\/6420","targetHints":{"allow":["GET"]}}],"collection":[{"href":"https:\/\/primaklima.com\/de\/wp-json\/wp\/v2\/product"}],"about":[{"href":"https:\/\/primaklima.com\/de\/wp-json\/wp\/v2\/types\/product"}],"wp:featuredmedia":[{"embeddable":true,"href":"https:\/\/primaklima.com\/de\/wp-json\/wp\/v2\/media\/6418"}],"wp:attachment":[{"href":"https:\/\/primaklima.com\/de\/wp-json\/wp\/v2\/media?parent=6420"}],"wp:term":[{"taxonomy":"product_brand","embeddable":true,"href":"https:\/\/primaklima.com\/de\/wp-json\/wp\/v2\/product_brand?post=6420"},{"taxonomy":"product_cat","embeddable":true,"href":"https:\/\/primaklima.com\/de\/wp-json\/wp\/v2\/product_cat?post=6420"},{"taxonomy":"product_tag","embeddable":true,"href":"https:\/\/primaklima.com\/de\/wp-json\/wp\/v2\/product_tag?post=6420"}],"curies":[{"name":"wp","href":"https:\/\/api.w.org\/{rel}","templated":true}]}}